{"id":10293,"date":"2025-10-15T19:05:10","date_gmt":"2025-10-15T19:05:10","guid":{"rendered":"https:\/\/nowa.cycling-boutique.com\/?post_type=product&#038;p=10293"},"modified":"2026-04-19T20:03:25","modified_gmt":"2026-04-19T20:03:25","slug":"smoove-lube","status":"publish","type":"product","link":"https:\/\/cycling-boutique.com\/?product=smoove-lube","title":{"rendered":"Smoove Lube"},"content":{"rendered":"<h2>Smoove Lube uniwersalny smar parafinowy do \u0142a\u0144cucha 125ml<\/h2>\n<p>Uniwersalny smar\/wosk do \u0142a\u0144cuch\u00f3w\u00a0rowerowych<strong>\u00a0<\/strong><strong>Smoove Universal Chain Lube<\/strong>\u00a0125ml.<\/p>\n<p>Jeden z najlepszych smar\u00f3w parafinowych do \u0142a\u0144cuch\u00f3w rowerowych. Doskonale sprawdza si\u0119 w MTB jak i na szosie czy w gravelu.<\/p>\n<p>Sk\u0142ad smaru zosta\u0142 starannie dobrany i testowany w bardzo trudnych warunkach w RPA, tak aby nie przyci\u0105ga\u0142 kurzu i dzia\u0142a\u0142 jak najd\u0142u\u017cej. W ubieg\u0142ych latach ponad po\u0142owa zawodnik\u00f3w startuj\u0105cych w legendarnym CAPE EPIC u\u017cywa\u0142a w\u0142a\u015bnie Smoove.<\/p>\n<p>Je\u017celi chcesz zapomnie\u0107 o cz\u0119stych aplikacjach smaru Smoove jest w\u0142a\u015bnie dla Ciebie. Wg danych producenta wytrzyma\u0142o\u015b\u0107 w zale\u017cno\u015bci od warunk\u00f3w mo\u017ce utrzymywa\u0107 si\u0119 odpowiednio do 400km w MTB i do 1000km na szosie.<\/p>\n<p>Zmniejsza tarcie, a co za tym idzie, poprawia \u017cywotno\u015b\u0107 komponent\u00f3w.\u00a0Jest \u0142atwy w aplikacji, a tak\u017ce d\u0142u\u017cej utrzymuje si\u0119 mi\u0119dzy aplikacjami, jest samoczyszcz\u0105cy, biodegradowalny i nie zawiera rozpuszczalnik\u00f3w.<\/p>\n<div class=\"product-features\">\n<h2>CECHY<\/h2>\n<ul>\n<li>Zmniejsza tarcie<\/li>\n<li>Samooczyszczanie<\/li>\n<li>100% biodegradowalny<\/li>\n<li>Bez rozpuszczalnik\u00f3w<\/li>\n<li>Trwa\u0142o\u015b\u0107: opracowana w RPA, aby wytrzyma\u0107 nawet najbardziej wymagaj\u0105ce warunki<\/li>\n<li>Dzia\u0142a w ka\u017cdych warunkach: mokrych i suchych<\/li>\n<li>Pojemno\u015b\u0107 125ml<\/li>\n<\/ul>\n<\/div>\n","protected":false},"excerpt":{"rendered":"<p>Smoove Lube uniwersalny smar parafinowy do \u0142a\u0144cucha 125ml Uniwersalny smar\/wosk do \u0142a\u0144cuch\u00f3w\u00a0rowerowych\u00a0Smoove Universal Chain Lube\u00a0125ml. Jeden z najlepszych smar\u00f3w parafinowych do \u0142a\u0144cuch\u00f3w rowerowych. Doskonale sprawdza si\u0119 w MTB jak i na szosie czy w gravelu. Sk\u0142ad smaru zosta\u0142 starannie dobrany i testowany w bardzo trudnych warunkach w RPA, tak aby nie przyci\u0105ga\u0142 kurzu i dzia\u0142a\u0142 [&hellip;]<\/p>\n","protected":false},"featured_media":10297,"comment_status":"open","ping_status":"closed","template":"","meta":{"inline_featured_image":false},"product_cat":[130],"product_tag":[],"class_list":{"0":"post-10293","1":"product","2":"type-product","3":"status-publish","4":"has-post-thumbnail","6":"product_cat-bestseller","8":"first","9":"instock","10":"taxable","11":"shipping-taxable","12":"purchasable","13":"product-type-simple"},"_links":{"self":[{"href":"https:\/\/cycling-boutique.com\/index.php?rest_route=\/wp\/v2\/product\/10293","targetHints":{"allow":["GET"]}}],"collection":[{"href":"https:\/\/cycling-boutique.com\/index.php?rest_route=\/wp\/v2\/product"}],"about":[{"href":"https:\/\/cycling-boutique.com\/index.php?rest_route=\/wp\/v2\/types\/product"}],"replies":[{"embeddable":true,"href":"https:\/\/cycling-boutique.com\/index.php?rest_route=%2Fwp%2Fv2%2Fcomments&post=10293"}],"wp:featuredmedia":[{"embeddable":true,"href":"https:\/\/cycling-boutique.com\/index.php?rest_route=\/wp\/v2\/media\/10297"}],"wp:attachment":[{"href":"https:\/\/cycling-boutique.com\/index.php?rest_route=%2Fwp%2Fv2%2Fmedia&parent=10293"}],"wp:term":[{"taxonomy":"product_cat","embeddable":true,"href":"https:\/\/cycling-boutique.com\/index.php?rest_route=%2Fwp%2Fv2%2Fproduct_cat&post=10293"},{"taxonomy":"product_tag","embeddable":true,"href":"https:\/\/cycling-boutique.com\/index.php?rest_route=%2Fwp%2Fv2%2Fproduct_tag&post=10293"}],"curies":[{"name":"wp","href":"https:\/\/api.w.org\/{rel}","templated":true}]}}