{"id":10352,"date":"2025-10-19T10:29:14","date_gmt":"2025-10-19T10:29:14","guid":{"rendered":"https:\/\/nowa.cycling-boutique.com\/?post_type=product&#038;p=10352"},"modified":"2026-04-20T10:11:33","modified_gmt":"2026-04-20T10:11:33","slug":"roczny-pakiet-serwisowy-scigant","status":"publish","type":"product","link":"https:\/\/cycling-boutique.com\/?product=roczny-pakiet-serwisowy-scigant","title":{"rendered":"Roczny pakiet serwisowy &#8222;\u015acigant&#8221;"},"content":{"rendered":"<p>Absolutny bestseller!!!<br \/>\nRoczny pakiet serwisowy podbi\u0142 serca naszych sta\u0142ych klient\u00f3w, kt\u00f3rzy ju\u017c od pocz\u0105tku 2023 roku co rok odnawiaj\u0105 &#8222;subskrybcj\u0119&#8221;.<br \/>\nNie czekaj w kolejce na serwis w szczycie sezonu i do\u0142\u0105cz do grona \u015acigant\u00f3w, kt\u00f3rzy ceni\u0105 sobie czas oraz komfort!!!<\/p>\n","protected":false},"excerpt":{"rendered":"<p>Absolutny bestseller!!! Roczny pakiet serwisowy podbi\u0142 serca naszych sta\u0142ych klient\u00f3w, kt\u00f3rzy ju\u017c od pocz\u0105tku 2023 roku co rok odnawiaj\u0105 &#8222;subskrybcj\u0119&#8221;. Nie czekaj w kolejce na serwis w szczycie sezonu i do\u0142\u0105cz do grona \u015acigant\u00f3w, kt\u00f3rzy ceni\u0105 sobie czas oraz komfort!!!<\/p>\n","protected":false},"featured_media":10353,"comment_status":"open","ping_status":"closed","template":"","meta":{"inline_featured_image":false},"product_cat":[130],"product_tag":[],"class_list":{"0":"post-10352","1":"product","2":"type-product","3":"status-publish","4":"has-post-thumbnail","6":"product_cat-bestseller","8":"first","9":"instock","10":"taxable","11":"shipping-taxable","12":"purchasable","13":"product-type-simple"},"_links":{"self":[{"href":"https:\/\/cycling-boutique.com\/index.php?rest_route=\/wp\/v2\/product\/10352","targetHints":{"allow":["GET"]}}],"collection":[{"href":"https:\/\/cycling-boutique.com\/index.php?rest_route=\/wp\/v2\/product"}],"about":[{"href":"https:\/\/cycling-boutique.com\/index.php?rest_route=\/wp\/v2\/types\/product"}],"replies":[{"embeddable":true,"href":"https:\/\/cycling-boutique.com\/index.php?rest_route=%2Fwp%2Fv2%2Fcomments&post=10352"}],"wp:featuredmedia":[{"embeddable":true,"href":"https:\/\/cycling-boutique.com\/index.php?rest_route=\/wp\/v2\/media\/10353"}],"wp:attachment":[{"href":"https:\/\/cycling-boutique.com\/index.php?rest_route=%2Fwp%2Fv2%2Fmedia&parent=10352"}],"wp:term":[{"taxonomy":"product_cat","embeddable":true,"href":"https:\/\/cycling-boutique.com\/index.php?rest_route=%2Fwp%2Fv2%2Fproduct_cat&post=10352"},{"taxonomy":"product_tag","embeddable":true,"href":"https:\/\/cycling-boutique.com\/index.php?rest_route=%2Fwp%2Fv2%2Fproduct_tag&post=10352"}],"curies":[{"name":"wp","href":"https:\/\/api.w.org\/{rel}","templated":true}]}}