{"id":10544,"date":"2025-10-26T11:15:20","date_gmt":"2025-10-26T11:15:20","guid":{"rendered":"https:\/\/nowa.cycling-boutique.com\/?post_type=product&#038;p=10544"},"modified":"2026-01-14T14:37:56","modified_gmt":"2026-01-14T14:37:56","slug":"partington-r-series-mkii-r39-44","status":"publish","type":"product","link":"https:\/\/cycling-boutique.com\/?product=partington-r-series-mkii-r39-44","title":{"rendered":"PARTINGTON R-SERIES MKII R39\/44"},"content":{"rendered":"<h2 data-start=\"641\" data-end=\"671\"><strong data-start=\"644\" data-end=\"671\">Specyfikacja techniczna<\/strong><\/h2>\n<h3 data-start=\"673\" data-end=\"702\"><strong data-start=\"677\" data-end=\"702\">Ko\u0142o przednie \u2013 39 mm<\/strong><\/h3>\n<ul data-start=\"703\" data-end=\"1236\">\n<li data-start=\"703\" data-end=\"733\">\n<p data-start=\"705\" data-end=\"733\">G\u0142\u0119boko\u015b\u0107 obr\u0119czy: <strong data-start=\"724\" data-end=\"733\">39 mm<\/strong><\/p>\n<\/li>\n<li data-start=\"734\" data-end=\"751\">\n<p data-start=\"736\" data-end=\"751\">Waga: <strong data-start=\"742\" data-end=\"751\">530 g<\/strong><\/p>\n<\/li>\n<li data-start=\"752\" data-end=\"787\">\n<p data-start=\"754\" data-end=\"787\">Szeroko\u015b\u0107 zewn\u0119trzna: <strong data-start=\"776\" data-end=\"787\">26,5 mm<\/strong><\/p>\n<\/li>\n<li data-start=\"788\" data-end=\"821\">\n<p data-start=\"790\" data-end=\"821\">Szeroko\u015b\u0107 wewn\u0119trzna: <strong data-start=\"812\" data-end=\"821\">21 mm<\/strong><\/p>\n<\/li>\n<li data-start=\"822\" data-end=\"853\">\n<p data-start=\"824\" data-end=\"853\">O\u015b: <strong data-start=\"828\" data-end=\"853\">12 mm (o\u015b przelotowa)<\/strong><\/p>\n<\/li>\n<li data-start=\"854\" data-end=\"877\">\n<p data-start=\"856\" data-end=\"877\">Hamulce: <strong data-start=\"865\" data-end=\"877\">tarczowe<\/strong><\/p>\n<\/li>\n<li data-start=\"878\" data-end=\"916\">\n<p data-start=\"880\" data-end=\"916\">Opony: <strong data-start=\"887\" data-end=\"916\">Clincher \/ Tubeless Ready<\/strong><\/p>\n<\/li>\n<li data-start=\"917\" data-end=\"1015\">\n<p data-start=\"919\" data-end=\"1015\">Szprychy: <strong data-start=\"929\" data-end=\"967\">asymetryczne, karbonowe, \u0142opatkowe<\/strong>, konstrukcja od obr\u0119czy do obr\u0119czy (20 otwor\u00f3w)<\/p>\n<\/li>\n<li data-start=\"1016\" data-end=\"1086\">\n<p data-start=\"1018\" data-end=\"1086\">Piasta: <strong data-start=\"1026\" data-end=\"1039\">hybrydowa<\/strong>, kompozytowa skorupa, <strong data-start=\"1062\" data-end=\"1086\">\u0142o\u017cyska CeramicSpeed<\/strong><\/p>\n<\/li>\n<li data-start=\"1087\" data-end=\"1180\">\n<p data-start=\"1089\" data-end=\"1180\">Charakterystyka jazdy: <strong data-start=\"1112\" data-end=\"1150\">wysoka sztywno\u015b\u0107 boczna (~55 N\/mm)<\/strong>, doskona\u0142a podatno\u015b\u0107 radialna<\/p>\n<\/li>\n<li data-start=\"1181\" data-end=\"1236\">\n<p data-start=\"1183\" data-end=\"1236\">Wyko\u0144czenie: <strong data-start=\"1196\" data-end=\"1236\">matowe, lakier bezbarwny, z\u0142ote logo<\/strong><\/p>\n<\/li>\n<\/ul>\n<p><strong data-start=\"1247\" data-end=\"1269\">Ko\u0142o tylne \u2013 44 mm<\/strong><\/p>\n<ul data-start=\"1270\" data-end=\"1780\">\n<li data-start=\"1270\" data-end=\"1300\">\n<p data-start=\"1272\" data-end=\"1300\">G\u0142\u0119boko\u015b\u0107 obr\u0119czy: <strong data-start=\"1291\" data-end=\"1300\">44 mm<\/strong><\/p>\n<\/li>\n<li data-start=\"1301\" data-end=\"1318\">\n<p data-start=\"1303\" data-end=\"1318\">Waga: <strong data-start=\"1309\" data-end=\"1318\">630 g<\/strong><\/p>\n<\/li>\n<li data-start=\"1319\" data-end=\"1354\">\n<p data-start=\"1321\" data-end=\"1354\">Szeroko\u015b\u0107 zewn\u0119trzna: <strong data-start=\"1343\" data-end=\"1354\">26,5 mm<\/strong><\/p>\n<\/li>\n<li data-start=\"1355\" data-end=\"1388\">\n<p data-start=\"1357\" data-end=\"1388\">Szeroko\u015b\u0107 wewn\u0119trzna: <strong data-start=\"1379\" data-end=\"1388\">21 mm<\/strong><\/p>\n<\/li>\n<li data-start=\"1389\" data-end=\"1404\">\n<p data-start=\"1391\" data-end=\"1404\">O\u015b: <strong data-start=\"1395\" data-end=\"1404\">12 mm<\/strong><\/p>\n<\/li>\n<li data-start=\"1405\" data-end=\"1428\">\n<p data-start=\"1407\" data-end=\"1428\">Hamulce: <strong data-start=\"1416\" data-end=\"1428\">tarczowe<\/strong><\/p>\n<\/li>\n<li data-start=\"1429\" data-end=\"1467\">\n<p data-start=\"1431\" data-end=\"1467\">Opony: <strong data-start=\"1438\" data-end=\"1467\">Clincher \/ Tubeless Ready<\/strong><\/p>\n<\/li>\n<li data-start=\"1468\" data-end=\"1566\">\n<p data-start=\"1470\" data-end=\"1566\">Szprychy: <strong data-start=\"1480\" data-end=\"1518\">asymetryczne, karbonowe, \u0142opatkowe<\/strong>, konstrukcja od obr\u0119czy do obr\u0119czy (20 otwor\u00f3w)<\/p>\n<\/li>\n<li data-start=\"1567\" data-end=\"1637\">\n<p data-start=\"1569\" data-end=\"1637\">Piasta: <strong data-start=\"1577\" data-end=\"1590\">hybrydowa<\/strong>, kompozytowa skorupa, <strong data-start=\"1613\" data-end=\"1637\">\u0142o\u017cyska CeramicSpeed<\/strong><\/p>\n<\/li>\n<li data-start=\"1638\" data-end=\"1724\">\n<p data-start=\"1640\" data-end=\"1724\">Charakterystyka jazdy: <strong data-start=\"1663\" data-end=\"1701\">wysoka sztywno\u015b\u0107 boczna (~55 N\/mm)<\/strong>, bardzo wysoki komfort<\/p>\n<\/li>\n<li data-start=\"1725\" data-end=\"1780\">\n<p data-start=\"1727\" data-end=\"1780\">Wyko\u0144czenie: <strong data-start=\"1740\" data-end=\"1780\">matowe, lakier bezbarwny, z\u0142ote logo<\/strong><\/p>\n<\/li>\n<\/ul>\n<p>&nbsp;<\/p>\n<p data-start=\"1809\" data-end=\"1834\"><strong data-start=\"1809\" data-end=\"1834\">Waga kompletu: 1160 g<\/strong><\/p>\n","protected":false},"excerpt":{"rendered":"<p><span style=\"font-weight: 400;\">MKII to efekt dw\u00f3ch lat intensywnych i ukierunkowanych prac rozwojowych,<br \/>\n<\/span><span style=\"font-weight: 400;\">\u0142\u0105cz\u0105cych najnowsze osi\u0105gni\u0119cia w zakresie projektowania i produkcji materia\u0142\u00f3w w\u0119glowych.<br \/>\nW rezultacie powsta\u0142o ko\u0142o, kt\u00f3re jest obecnie najl\u017cejsze w swojej klasie.<\/span><\/p>\n","protected":false},"featured_media":10545,"comment_status":"open","ping_status":"closed","template":"","meta":{"inline_featured_image":false},"product_cat":[80,90,144],"product_tag":[],"class_list":{"0":"post-10544","1":"product","2":"type-product","3":"status-publish","4":"has-post-thumbnail","6":"product_cat-czesci","7":"product_cat-kola","8":"product_cat-partington","10":"first","11":"onbackorder","12":"taxable","13":"shipping-taxable","14":"purchasable","15":"product-type-simple"},"_links":{"self":[{"href":"https:\/\/cycling-boutique.com\/index.php?rest_route=\/wp\/v2\/product\/10544","targetHints":{"allow":["GET"]}}],"collection":[{"href":"https:\/\/cycling-boutique.com\/index.php?rest_route=\/wp\/v2\/product"}],"about":[{"href":"https:\/\/cycling-boutique.com\/index.php?rest_route=\/wp\/v2\/types\/product"}],"replies":[{"embeddable":true,"href":"https:\/\/cycling-boutique.com\/index.php?rest_route=%2Fwp%2Fv2%2Fcomments&post=10544"}],"wp:featuredmedia":[{"embeddable":true,"href":"https:\/\/cycling-boutique.com\/index.php?rest_route=\/wp\/v2\/media\/10545"}],"wp:attachment":[{"href":"https:\/\/cycling-boutique.com\/index.php?rest_route=%2Fwp%2Fv2%2Fmedia&parent=10544"}],"wp:term":[{"taxonomy":"product_cat","embeddable":true,"href":"https:\/\/cycling-boutique.com\/index.php?rest_route=%2Fwp%2Fv2%2Fproduct_cat&post=10544"},{"taxonomy":"product_tag","embeddable":true,"href":"https:\/\/cycling-boutique.com\/index.php?rest_route=%2Fwp%2Fv2%2Fproduct_tag&post=10544"}],"curies":[{"name":"wp","href":"https:\/\/api.w.org\/{rel}","templated":true}]}}