{"id":10547,"date":"2025-10-26T11:19:04","date_gmt":"2025-10-26T11:19:04","guid":{"rendered":"https:\/\/nowa.cycling-boutique.com\/?post_type=product&#038;p=10547"},"modified":"2025-10-26T11:19:04","modified_gmt":"2025-10-26T11:19:04","slug":"partington-r-series-mkii-r31-31","status":"publish","type":"product","link":"https:\/\/cycling-boutique.com\/?product=partington-r-series-mkii-r31-31","title":{"rendered":"PARTINGTON R-SERIES MKII R31\/31"},"content":{"rendered":"<p><span style=\"font-weight: 400;\">Prz\u00f3d 31<\/span><\/p>\n<p>&nbsp;<\/p>\n<p><span style=\"font-weight: 400;\">Hamulce Tylko hamulce tarczowe, zintegrowana konstrukcja kompozytowa<\/span><\/p>\n<p><span style=\"font-weight: 400;\">Opona Clincher lub przystosowana do zastosowania bezd\u0119tkowego<\/span><\/p>\n<p><span style=\"font-weight: 400;\">Jazda Wysoka sztywno\u015b\u0107 boczna (~55 N\/mm), wyj\u0105tkowy komfort jazdy (podatno\u015b\u0107 radialna)<\/span><\/p>\n<p><span style=\"font-weight: 400;\">Piasta Hybrydowa, kompozytowa skorupa piasty, \u0142o\u017cyska CeramicSpeed<\/span><\/p>\n<p><span style=\"font-weight: 400;\">Szprychy Asymetryczne, karbonowe, \u0142opatkowe, konstrukcja od obr\u0119czy do obr\u0119czy \u2013 \u201eobr\u0119cz 20-otworowa\u201d<\/span><\/p>\n<p><span style=\"font-weight: 400;\">O\u015b 12 mm, o\u015b przelotowa<\/span><\/p>\n<p><span style=\"font-weight: 400;\">G\u0142\u0119boko\u015b\u0107 31 mm<\/span><\/p>\n<p><span style=\"font-weight: 400;\">Szeroko\u015b\u0107 zewn\u0119trzna 26,5 mm<\/span><\/p>\n<p><span style=\"font-weight: 400;\">Szeroko\u015b\u0107 wewn\u0119trzna 21 mm<\/span><\/p>\n<p><span style=\"font-weight: 400;\">Wyko\u0144czenie Matowe, lakierowane bezbarwnie \u2013 bia\u0142e logo<\/span><\/p>\n<p><span style=\"font-weight: 400;\">Waga 480 g<\/span><\/p>\n<p>&nbsp;<\/p>\n<p><span style=\"font-weight: 400;\">Ty\u0142 31<\/span><\/p>\n<p>&nbsp;<\/p>\n<p><span style=\"font-weight: 400;\">Hamulce Tylko hamulce tarczowe, zintegrowana konstrukcja kompozytowa<\/span><\/p>\n<p><span style=\"font-weight: 400;\">Opona Clincher lub przystosowana do zastosowania bezd\u0119tkowego<\/span><\/p>\n<p><span style=\"font-weight: 400;\">Jazda Wysoka sztywno\u015b\u0107 boczna (~55 N\/mm), wyj\u0105tkowy komfort jazdy (podatno\u015b\u0107 radialna)<\/span><\/p>\n<p><span style=\"font-weight: 400;\">Piasta Hybrydowa, kompozytowa skorupa piasty, \u0142o\u017cyska CeramicSpeed<\/span><\/p>\n<p><span style=\"font-weight: 400;\">Szprychy Asymetryczne, karbonowe, \u0142opatkowe, konstrukcja od obr\u0119czy do obr\u0119czy \u2013 \u201eobr\u0119cz 20-otworowa\u201d Felga<\/span><\/p>\n<p><span style=\"font-weight: 400;\">O\u015b 12 mm<\/span><\/p>\n<p><span style=\"font-weight: 400;\">G\u0142\u0119boko\u015b\u0107 31 mm<\/span><\/p>\n<p><span style=\"font-weight: 400;\">Szeroko\u015b\u0107 zewn\u0119trzna 26,5 mm<\/span><\/p>\n<p><span style=\"font-weight: 400;\">Szeroko\u015b\u0107 wewn\u0119trzna 21 mm<\/span><\/p>\n<p><span style=\"font-weight: 400;\">Wyko\u0144czenie: Matowe, lakierowane, bezbarwne &#8211; Bia\u0142e logo<\/span><\/p>\n<p><span style=\"font-weight: 400;\">Waga 580 g<\/span><\/p>\n<p>&nbsp;<\/p>\n<p><span style=\"font-weight: 400;\">Waga \u0142\u0105czna 1060 g<\/span><\/p>\n","protected":false},"excerpt":{"rendered":"<p><span style=\"font-weight: 400;\">MKII to efekt dw\u00f3ch lat intensywnych i ukierunkowanych prac rozwojowych,<br \/>\n<\/span><span style=\"font-weight: 400;\">\u0142\u0105cz\u0105cych najnowsze osi\u0105gni\u0119cia w zakresie projektowania i produkcji materia\u0142\u00f3w w\u0119glowych.<br \/>\nW rezultacie powsta\u0142o ko\u0142o, kt\u00f3re jest obecnie najl\u017cejsze w swojej klasie.<\/span><\/p>\n","protected":false},"featured_media":10548,"comment_status":"open","ping_status":"closed","template":"","meta":{"inline_featured_image":false},"product_cat":[80,90,144],"product_tag":[],"class_list":{"0":"post-10547","1":"product","2":"type-product","3":"status-publish","4":"has-post-thumbnail","6":"product_cat-czesci","7":"product_cat-kola","8":"product_cat-partington","10":"first","11":"onbackorder","12":"taxable","13":"shipping-taxable","14":"purchasable","15":"product-type-simple"},"_links":{"self":[{"href":"https:\/\/cycling-boutique.com\/index.php?rest_route=\/wp\/v2\/product\/10547","targetHints":{"allow":["GET"]}}],"collection":[{"href":"https:\/\/cycling-boutique.com\/index.php?rest_route=\/wp\/v2\/product"}],"about":[{"href":"https:\/\/cycling-boutique.com\/index.php?rest_route=\/wp\/v2\/types\/product"}],"replies":[{"embeddable":true,"href":"https:\/\/cycling-boutique.com\/index.php?rest_route=%2Fwp%2Fv2%2Fcomments&post=10547"}],"wp:featuredmedia":[{"embeddable":true,"href":"https:\/\/cycling-boutique.com\/index.php?rest_route=\/wp\/v2\/media\/10548"}],"wp:attachment":[{"href":"https:\/\/cycling-boutique.com\/index.php?rest_route=%2Fwp%2Fv2%2Fmedia&parent=10547"}],"wp:term":[{"taxonomy":"product_cat","embeddable":true,"href":"https:\/\/cycling-boutique.com\/index.php?rest_route=%2Fwp%2Fv2%2Fproduct_cat&post=10547"},{"taxonomy":"product_tag","embeddable":true,"href":"https:\/\/cycling-boutique.com\/index.php?rest_route=%2Fwp%2Fv2%2Fproduct_tag&post=10547"}],"curies":[{"name":"wp","href":"https:\/\/api.w.org\/{rel}","templated":true}]}}