{"id":10553,"date":"2025-10-26T11:36:07","date_gmt":"2025-10-26T11:36:07","guid":{"rendered":"https:\/\/nowa.cycling-boutique.com\/?post_type=product&#038;p=10553"},"modified":"2025-10-26T11:37:53","modified_gmt":"2025-10-26T11:37:53","slug":"10553","status":"publish","type":"product","link":"https:\/\/cycling-boutique.com\/?product=10553","title":{"rendered":"BIKE AHEAD COMPOSITES BITURBO AERO 2.0"},"content":{"rendered":"<p><span style=\"font-weight: 400;\">Dane techniczne<\/span><\/p>\n<p><span style=\"font-weight: 400;\">Sze\u015bcioramienna konstrukcja monokokowa, wykonana z jednego kawa\u0142ka<\/span><\/p>\n<p><span style=\"font-weight: 400;\">1344 gramy (zestaw), 624 gramy ko\u0142o przednie, 720 gram\u00f3w ko\u0142o tylne (+\/- 5%)<\/span><\/p>\n<p><span style=\"font-weight: 400;\">Wysoko\u015b\u0107 obr\u0119czy: 48,5 milimetra, szeroko\u015b\u0107 wewn\u0119trzna obr\u0119czy: 23 milimetry, szeroko\u015b\u0107 zewn\u0119trzna obr\u0119czy: 32,5 milimetra<\/span><\/p>\n<p><span style=\"font-weight: 400;\">Idealne do opon o szeroko\u015bci 28 i 30 milimetr\u00f3w.<\/span><\/p>\n<p><span style=\"font-weight: 400;\">Ko\u0142a mo\u017cna stosowa\u0107 bezd\u0119tkowo lub z d\u0119tkami<\/span><\/p>\n<p><span style=\"font-weight: 400;\">Specjalne piasty z wysokiej jako\u015bci technologi\u0105 DT Swiss i mocowaniem Centerlock<\/span><\/p>\n<p><span style=\"font-weight: 400;\">B\u0119benek Sram, Shimano, Campagnolo<\/span><\/p>\n<p><span style=\"font-weight: 400;\">Dopuszczalna waga u\u017cytkownika: 100 kg (u\u017cytkownik + baga\u017c), ASTM1<\/span><\/p>\n<p><span style=\"font-weight: 400;\">Wyko\u0144czenie: matowy, bezkierunkowy karbon<\/span><\/p>\n<p><span style=\"font-weight: 400;\">W zestawie wentyle bezd\u0119tkowe. Ta\u015bma do opon bezd\u0119tkowych nie jest wymagana.<\/span><\/p>\n<p>&nbsp;<\/p>\n","protected":false},"excerpt":{"rendered":"<p><span style=\"font-weight: 400;\">Doskona\u0142a aerodynamika i wyj\u0105tkowe w\u0142a\u015bciwo\u015bci jezdne:<br \/>\nBITURBO Aero 2.0 to nasz szybki zestaw k\u00f3\u0142 do jazdy szosowej.<\/span><\/p>\n<p>&nbsp;<\/p>\n","protected":false},"featured_media":10554,"comment_status":"open","ping_status":"closed","template":"","meta":{"inline_featured_image":false},"product_cat":[146,80,90],"product_tag":[],"class_list":{"0":"post-10553","1":"product","2":"type-product","3":"status-publish","4":"has-post-thumbnail","6":"product_cat-bikeahead","7":"product_cat-czesci","8":"product_cat-kola","10":"first","11":"onbackorder","12":"taxable","13":"shipping-taxable","14":"purchasable","15":"product-type-simple"},"_links":{"self":[{"href":"https:\/\/cycling-boutique.com\/index.php?rest_route=\/wp\/v2\/product\/10553","targetHints":{"allow":["GET"]}}],"collection":[{"href":"https:\/\/cycling-boutique.com\/index.php?rest_route=\/wp\/v2\/product"}],"about":[{"href":"https:\/\/cycling-boutique.com\/index.php?rest_route=\/wp\/v2\/types\/product"}],"replies":[{"embeddable":true,"href":"https:\/\/cycling-boutique.com\/index.php?rest_route=%2Fwp%2Fv2%2Fcomments&post=10553"}],"wp:featuredmedia":[{"embeddable":true,"href":"https:\/\/cycling-boutique.com\/index.php?rest_route=\/wp\/v2\/media\/10554"}],"wp:attachment":[{"href":"https:\/\/cycling-boutique.com\/index.php?rest_route=%2Fwp%2Fv2%2Fmedia&parent=10553"}],"wp:term":[{"taxonomy":"product_cat","embeddable":true,"href":"https:\/\/cycling-boutique.com\/index.php?rest_route=%2Fwp%2Fv2%2Fproduct_cat&post=10553"},{"taxonomy":"product_tag","embeddable":true,"href":"https:\/\/cycling-boutique.com\/index.php?rest_route=%2Fwp%2Fv2%2Fproduct_tag&post=10553"}],"curies":[{"name":"wp","href":"https:\/\/api.w.org\/{rel}","templated":true}]}}