{"id":10556,"date":"2025-10-26T11:40:48","date_gmt":"2025-10-26T11:40:48","guid":{"rendered":"https:\/\/nowa.cycling-boutique.com\/?post_type=product&#038;p=10556"},"modified":"2025-10-26T11:40:48","modified_gmt":"2025-10-26T11:40:48","slug":"bike-ahead-composites-biturbo-road","status":"publish","type":"product","link":"https:\/\/cycling-boutique.com\/?product=bike-ahead-composites-biturbo-road","title":{"rendered":"BIKE AHEAD COMPOSITES BITURBO ROAD"},"content":{"rendered":"<p><span style=\"font-weight: 400;\">Dane techniczne<\/span><\/p>\n<p><span style=\"font-weight: 400;\">6-ramienna konstrukcja samono\u015bna<\/span><\/p>\n<p><span style=\"font-weight: 400;\">Dopuszczalna waga rowerzysty: 95 kg (kolarz + baga\u017c) &#8211; ASTM1<\/span><\/p>\n<p><span style=\"font-weight: 400;\">Teren: Szosa<\/span><\/p>\n<p><span style=\"font-weight: 400;\">Wyko\u0144czenie: matowy, jednokierunkowy karbon<\/span><\/p>\n<p><span style=\"font-weight: 400;\">Mo\u017cliwo\u015b\u0107 jazdy bezd\u0119tkowej lub z d\u0119tk\u0105<\/span><\/p>\n<p><span style=\"font-weight: 400;\">Wysoko\u015b\u0107 obr\u0119czy: 34 mm<\/span><\/p>\n<p><span style=\"font-weight: 400;\">Szeroko\u015b\u0107 wewn\u0119trzna obr\u0119czy: 20 mm<\/span><\/p>\n<p><span style=\"font-weight: 400;\">Specjalne piasty z technologi\u0105 DT Swiss<\/span><\/p>\n<p><span style=\"font-weight: 400;\">Dost\u0119pny b\u0119benek do Shimano Micro Spline, SRAM XD, SRAM XDR, Campagnolo<\/span><\/p>\n<p><span style=\"font-weight: 400;\">Waga od 1249g<\/span><\/p>\n<p><span style=\"font-weight: 400;\">Wyprodukowano w Niemczech<\/span><\/p>\n<p><span style=\"font-weight: 400;\">W zestawie pokrowiec na ko\u0142o i zawory bezd\u0119tkowe<\/span><\/p>\n<p>&nbsp;<\/p>\n","protected":false},"excerpt":{"rendered":"<p><span style=\"font-weight: 400;\">BITURBO ROAD = p\u0119d pr\u0119dko\u015bci. Zestaw k\u00f3\u0142 zosta\u0142 opracowany specjalnie<br \/>\ndla nowej generacji rower\u00f3w szosowych z hamulcami tarczowymi.<br \/>\nBardzo niska waga, ekstremalna sztywno\u015b\u0107 i fenomenalna konstrukcja sprawiaj\u0105,<br \/>\n\u017ce ka\u017cdy rower szosowy jest wyj\u0105tkowy.<\/span><\/p>\n","protected":false},"featured_media":10557,"comment_status":"open","ping_status":"closed","template":"","meta":{"inline_featured_image":false},"product_cat":[146,80,90],"product_tag":[],"class_list":{"0":"post-10556","1":"product","2":"type-product","3":"status-publish","4":"has-post-thumbnail","6":"product_cat-bikeahead","7":"product_cat-czesci","8":"product_cat-kola","10":"first","11":"onbackorder","12":"taxable","13":"shipping-taxable","14":"purchasable","15":"product-type-simple"},"_links":{"self":[{"href":"https:\/\/cycling-boutique.com\/index.php?rest_route=\/wp\/v2\/product\/10556","targetHints":{"allow":["GET"]}}],"collection":[{"href":"https:\/\/cycling-boutique.com\/index.php?rest_route=\/wp\/v2\/product"}],"about":[{"href":"https:\/\/cycling-boutique.com\/index.php?rest_route=\/wp\/v2\/types\/product"}],"replies":[{"embeddable":true,"href":"https:\/\/cycling-boutique.com\/index.php?rest_route=%2Fwp%2Fv2%2Fcomments&post=10556"}],"wp:featuredmedia":[{"embeddable":true,"href":"https:\/\/cycling-boutique.com\/index.php?rest_route=\/wp\/v2\/media\/10557"}],"wp:attachment":[{"href":"https:\/\/cycling-boutique.com\/index.php?rest_route=%2Fwp%2Fv2%2Fmedia&parent=10556"}],"wp:term":[{"taxonomy":"product_cat","embeddable":true,"href":"https:\/\/cycling-boutique.com\/index.php?rest_route=%2Fwp%2Fv2%2Fproduct_cat&post=10556"},{"taxonomy":"product_tag","embeddable":true,"href":"https:\/\/cycling-boutique.com\/index.php?rest_route=%2Fwp%2Fv2%2Fproduct_tag&post=10556"}],"curies":[{"name":"wp","href":"https:\/\/api.w.org\/{rel}","templated":true}]}}