{"id":10558,"date":"2025-10-26T11:46:53","date_gmt":"2025-10-26T11:46:53","guid":{"rendered":"https:\/\/nowa.cycling-boutique.com\/?post_type=product&#038;p=10558"},"modified":"2025-10-26T11:46:54","modified_gmt":"2025-10-26T11:46:54","slug":"bike-ahead-composites-biturbo-rsx","status":"publish","type":"product","link":"https:\/\/cycling-boutique.com\/?product=bike-ahead-composites-biturbo-rsx","title":{"rendered":"BIKE AHEAD COMPOSITES BITURBO RSX"},"content":{"rendered":"<p><span style=\"font-weight: 400;\">Dane techniczne<\/span><\/p>\n<p><span style=\"font-weight: 400;\">6-ramienna konstrukcja samono\u015bna<\/span><\/p>\n<p><span style=\"font-weight: 400;\">Limit wagi rowerzysty (rowerzysta + baga\u017c) 105 kg &#8211; ASTM3<\/span><\/p>\n<p><span style=\"font-weight: 400;\">Teren: XC, maraton, downcountry<\/span><\/p>\n<p><span style=\"font-weight: 400;\">Wyko\u0144czenie: matowy, jednokierunkowy karbon<\/span><\/p>\n<p><span style=\"font-weight: 400;\">Mo\u017cliwo\u015b\u0107 jazdy bezd\u0119tkowej lub z d\u0119tk\u0105<\/span><\/p>\n<p><span style=\"font-weight: 400;\">Wysoko\u015b\u0107 obr\u0119czy: 24,5 mm<\/span><\/p>\n<p><span style=\"font-weight: 400;\">Szeroko\u015b\u0107 wewn\u0119trzna obr\u0119czy: 33 mm (29&#8243;), 35 mm (27,5&#8243;)<\/span><\/p>\n<p><span style=\"font-weight: 400;\">Specjalne piasty z technologi\u0105 DT Swiss<\/span><\/p>\n<p><span style=\"font-weight: 400;\">Dost\u0119pny b\u0119benek do Shimano Standard, Shimano Micro Spline, SRAM XD<\/span><\/p>\n<p><span style=\"font-weight: 400;\">Waga 27,5&#8243; od 1279g, 29&#8243; od 1329g<\/span><\/p>\n<p><span style=\"font-weight: 400;\">Wyprodukowano w Niemczech<\/span><\/p>\n<p><span style=\"font-weight: 400;\">W zestawie pokrowiec na ko\u0142o i zawory bezd\u0119tkowe<\/span><\/p>\n<p>&nbsp;<\/p>\n","protected":false},"excerpt":{"rendered":"<p><span style=\"font-weight: 400;\">Nowy punkt odniesienia dla XC, maraton\u00f3w i downcountry!<br \/>\nBITURBO RSX.<\/span><\/p>\n<p>&nbsp;<\/p>\n","protected":false},"featured_media":10557,"comment_status":"open","ping_status":"closed","template":"","meta":{"inline_featured_image":false},"product_cat":[146,80,90],"product_tag":[],"class_list":{"0":"post-10558","1":"product","2":"type-product","3":"status-publish","4":"has-post-thumbnail","6":"product_cat-bikeahead","7":"product_cat-czesci","8":"product_cat-kola","10":"first","11":"onbackorder","12":"taxable","13":"shipping-taxable","14":"purchasable","15":"product-type-simple"},"_links":{"self":[{"href":"https:\/\/cycling-boutique.com\/index.php?rest_route=\/wp\/v2\/product\/10558","targetHints":{"allow":["GET"]}}],"collection":[{"href":"https:\/\/cycling-boutique.com\/index.php?rest_route=\/wp\/v2\/product"}],"about":[{"href":"https:\/\/cycling-boutique.com\/index.php?rest_route=\/wp\/v2\/types\/product"}],"replies":[{"embeddable":true,"href":"https:\/\/cycling-boutique.com\/index.php?rest_route=%2Fwp%2Fv2%2Fcomments&post=10558"}],"wp:featuredmedia":[{"embeddable":true,"href":"https:\/\/cycling-boutique.com\/index.php?rest_route=\/wp\/v2\/media\/10557"}],"wp:attachment":[{"href":"https:\/\/cycling-boutique.com\/index.php?rest_route=%2Fwp%2Fv2%2Fmedia&parent=10558"}],"wp:term":[{"taxonomy":"product_cat","embeddable":true,"href":"https:\/\/cycling-boutique.com\/index.php?rest_route=%2Fwp%2Fv2%2Fproduct_cat&post=10558"},{"taxonomy":"product_tag","embeddable":true,"href":"https:\/\/cycling-boutique.com\/index.php?rest_route=%2Fwp%2Fv2%2Fproduct_tag&post=10558"}],"curies":[{"name":"wp","href":"https:\/\/api.w.org\/{rel}","templated":true}]}}