{"id":10561,"date":"2025-10-26T12:00:52","date_gmt":"2025-10-26T12:00:52","guid":{"rendered":"https:\/\/nowa.cycling-boutique.com\/?post_type=product&#038;p=10561"},"modified":"2026-01-23T12:20:16","modified_gmt":"2026-01-23T12:20:16","slug":"black-inc-48-58","status":"publish","type":"product","link":"https:\/\/cycling-boutique.com\/?product=black-inc-48-58","title":{"rendered":"BLACK INC 48 | 58"},"content":{"rendered":"<p><span style=\"font-weight: 400;\">Ko\u0142a dost\u0119pne z b\u0119benkiem<br \/>\n-XD<br \/>\n-Shimano 11\/12<br \/>\n-Campagnolo<\/span><\/p>\n<p>Po zakupie prosimy o podanie z kt\u00f3rym b\u0119benkiem chc\u0105 Pa\u0144stwo otrzyma\u0107 ko\u0142a.<\/p>\n<p>Dostawa w ci\u0105gu 5dni.<\/p>\n<p>SPECYFIKACJA:<\/p>\n<p><span style=\"font-weight: 400;\">Szprychy 20 czarnych, proste szprychy Aero Carbon<\/span><\/p>\n<p><span style=\"font-weight: 400;\">Zaplot szprych 2x\/2x<\/span><\/p>\n<p><span style=\"font-weight: 400;\">Nyple czarne, powi\u0119kszone, wewn\u0119trzne, aluminiowe<\/span><\/p>\n<p><span style=\"font-weight: 400;\">Waga Shimano: 1290 g (prz\u00f3d: 540 g, ty\u0142: 750 g)<\/span><\/p>\n<p><span style=\"font-weight: 400;\">*Waga nie obejmuje opaski bezd\u0119tkowej i niekt\u00f3rych cz\u0119\u015bci metalowych.<\/span><\/p>\n<p><span style=\"font-weight: 400;\">Kompatybilno\u015b\u0107 Kaseta Shimano HG 11\/12 bieg\u00f3w, SRAM 10\/11 bieg\u00f3w, SRAM 12 bieg\u00f3w<\/span><\/p>\n<p><span style=\"font-weight: 400;\">Piasta prz\u00f3d: HU-08 High Flange Alloy Body WT<\/span><\/p>\n<p><span style=\"font-weight: 400;\">Ty\u0142: HU-08 High Flange Alloy Body WT<\/span><\/p>\n<p><span style=\"font-weight: 400;\">Szeroko\u015b\u0107 piasty prz\u00f3d: 100 mm \/ ty\u0142: 142 mm<\/span><\/p>\n<p><span style=\"font-weight: 400;\">Typ osi: o\u015b przelotowa 12 mm<\/span><\/p>\n<p><span style=\"font-weight: 400;\">\u0141o\u017cyska Black Inc + CeramicSpeed \u200b\u200bWT<\/span><\/p>\n<p><span style=\"font-weight: 400;\">Mocowanie tarczy hamulcowej: Center Lock<\/span><\/p>\n<p><span style=\"font-weight: 400;\">Klasyfikacja ASTM 1<\/span><\/p>\n<p><span style=\"font-weight: 400;\">Materia\u0142: W\u0142\u00f3kno w\u0119glowe o wysokiej spr\u0119\u017cysto\u015bci (T-700\/ T-800\/ T-1100)<\/span><\/p>\n<p><span style=\"font-weight: 400;\">Wyko\u0144czenie: Lakier bezbarwny UD z po\u0142yskiem<\/span><\/p>\n<p><span style=\"font-weight: 400;\">Typ opony: Bezd\u0119tkowe i pod opon\u0119 (d\u0119tka)<\/span><\/p>\n<p><span style=\"font-weight: 400;\">Zalecany rozmiar opony: 700c x 28 mm<\/span><\/p>\n<p><span style=\"font-weight: 400;\">Wysoko\u015b\u0107 obr\u0119czy prz\u00f3d: 48 mm \/ ty\u0142: 58 mm<\/span><\/p>\n<p><span style=\"font-weight: 400;\">Szeroko\u015b\u0107 wewn\u0119trzna obr\u0119czy: 23 mm \/ Zewn\u0119trzna: 29 mm<\/span><\/p>\n<p><span style=\"font-weight: 400;\">Naklejki na felgi, kalkomanie wodne, z po\u0142yskiem i bezbarwnym lakierem o wysokim po\u0142ysku<\/span><\/p>\n<p>&nbsp;<\/p>\n","protected":false},"excerpt":{"rendered":"<p><span style=\"font-weight: 400;\">Zestaw k\u00f3\u0142 Black Inc 48|58, k\u0142ad\u0105cy nacisk na doskona\u0142e osi\u0105gi aerodynamiczne, wykorzystuje zr\u00f3\u017cnicowan\u0105 g\u0142\u0119boko\u015b\u0107: 48 mm z przodu i 58 mm z ty\u0142u, aby zapewni\u0107 stabilno\u015b\u0107 przy silnym wietrze i przy ka\u017cdym k\u0105cie odchylenia. Szeroko\u015b\u0107 obr\u0119czy z mini-hakiem jest zoptymalizowana pod k\u0105tem nowoczesnych opon bezd\u0119tkowych lub zwijanych o szeroko\u015bci 28 mm, co u\u0142atwia szeroki wyb\u00f3r opon.<\/span><\/p>\n","protected":false},"featured_media":10562,"comment_status":"open","ping_status":"closed","template":"","meta":{"inline_featured_image":false},"product_cat":[148,80,90],"product_tag":[],"class_list":{"0":"post-10561","1":"product","2":"type-product","3":"status-publish","4":"has-post-thumbnail","6":"product_cat-blackinc","7":"product_cat-czesci","8":"product_cat-kola","10":"first","11":"instock","12":"taxable","13":"shipping-taxable","14":"purchasable","15":"product-type-variable"},"_links":{"self":[{"href":"https:\/\/cycling-boutique.com\/index.php?rest_route=\/wp\/v2\/product\/10561","targetHints":{"allow":["GET"]}}],"collection":[{"href":"https:\/\/cycling-boutique.com\/index.php?rest_route=\/wp\/v2\/product"}],"about":[{"href":"https:\/\/cycling-boutique.com\/index.php?rest_route=\/wp\/v2\/types\/product"}],"replies":[{"embeddable":true,"href":"https:\/\/cycling-boutique.com\/index.php?rest_route=%2Fwp%2Fv2%2Fcomments&post=10561"}],"wp:featuredmedia":[{"embeddable":true,"href":"https:\/\/cycling-boutique.com\/index.php?rest_route=\/wp\/v2\/media\/10562"}],"wp:attachment":[{"href":"https:\/\/cycling-boutique.com\/index.php?rest_route=%2Fwp%2Fv2%2Fmedia&parent=10561"}],"wp:term":[{"taxonomy":"product_cat","embeddable":true,"href":"https:\/\/cycling-boutique.com\/index.php?rest_route=%2Fwp%2Fv2%2Fproduct_cat&post=10561"},{"taxonomy":"product_tag","embeddable":true,"href":"https:\/\/cycling-boutique.com\/index.php?rest_route=%2Fwp%2Fv2%2Fproduct_tag&post=10561"}],"curies":[{"name":"wp","href":"https:\/\/api.w.org\/{rel}","templated":true}]}}