{"id":10563,"date":"2025-10-26T12:12:10","date_gmt":"2025-10-26T12:12:10","guid":{"rendered":"https:\/\/nowa.cycling-boutique.com\/?post_type=product&#038;p=10563"},"modified":"2025-10-26T12:12:11","modified_gmt":"2025-10-26T12:12:11","slug":"black-inc-28-33","status":"publish","type":"product","link":"https:\/\/cycling-boutique.com\/?product=black-inc-28-33","title":{"rendered":"BLACK INC 28 | 33"},"content":{"rendered":"<p><span style=\"font-weight: 400;\">SPECYFIKACJA<\/span><\/p>\n<p>&nbsp;<\/p>\n<p><span style=\"font-weight: 400;\">Szprychy 24 Black Inc Aero Carbon Spokes Straight Pull<\/span><\/p>\n<p><span style=\"font-weight: 400;\">Zaplot szprych 2x\/2x<\/span><\/p>\n<p><span style=\"font-weight: 400;\">Nyple Black Inc Oversize Internal Alloy Type<\/span><\/p>\n<p><span style=\"font-weight: 400;\">Waga Shimano: 1198 g (prz\u00f3d: 508 g, ty\u0142: 690 g)<\/span><\/p>\n<p><span style=\"font-weight: 400;\">Kompatybilno\u015b\u0107: Kaseta Shimano HG 11\/12 rz\u0119d\u00f3w, SRAM 10\/11 rz\u0119d\u00f3w, SRAM 12 rz\u0119d\u00f3w, Campagnolo 11\/12 rz\u0119d\u00f3w<\/span><\/p>\n<p><span style=\"font-weight: 400;\">Piasta prz\u00f3d, ty\u0142: Korpus ze stopu HU-07<\/span><\/p>\n<p><span style=\"font-weight: 400;\">Szeroko\u015b\u0107 piasty prz\u00f3d: 100 mm \/ ty\u0142: 142 mm<\/span><\/p>\n<p><span style=\"font-weight: 400;\">Typ osi: O\u015b przelotowa 12 mm<\/span><\/p>\n<p><span style=\"font-weight: 400;\">\u0141o\u017cyska Black Inc + CeramicSpeed<\/span><\/p>\n<p><span style=\"font-weight: 400;\">Mocowanie tarczy Center Lock<\/span><\/p>\n<p><span style=\"font-weight: 400;\">Obr\u0119cz &#8211; Klasyfikacja ASTM 1<\/span><\/p>\n<p><span style=\"font-weight: 400;\">Materia\u0142: W\u0142\u00f3kno w\u0119glowe o wysokim module spr\u0119\u017cysto\u015bci (T-700\/T-800)<\/span><\/p>\n<p><span style=\"font-weight: 400;\">Wyko\u0144czenie: Matowy, b\u0142yszcz\u0105cy lakier bezbarwny UD<\/span><\/p>\n<p><span style=\"font-weight: 400;\">Typ opony: Bezd\u0119tkowe i pod opony z oponami (d\u0119tka)<\/span><\/p>\n<p><span style=\"font-weight: 400;\">Zalecany rozmiar opony: 700c x 28 mm<\/span><\/p>\n<p><span style=\"font-weight: 400;\">Wysoko\u015b\u0107 obr\u0119czy: prz\u00f3d: 28 mm, ty\u0142: 33 mm<\/span><\/p>\n<p><span style=\"font-weight: 400;\">Szeroko\u015b\u0107 obr\u0119czy: wewn\u0119trzna: 23 mm<\/span><\/p>\n<p><span style=\"font-weight: 400;\">Zewn\u0119trzna: 28,5 mm<\/span><\/p>\n<p><span style=\"font-weight: 400;\">Naklejki: polerowane, grawerowane laserowo<\/span><\/p>\n","protected":false},"excerpt":{"rendered":"<p><span style=\"font-weight: 400;\">Zestaw k\u00f3\u0142 Black Inc 28|33, opracowany z wykorzystaniem \u017cywicy epoksydowej z dodatkiem nanocz\u0105steczek i w\u0142\u00f3kna w\u0119glowego o wysokiej spr\u0119\u017cysto\u015bci, jest r\u0119cznie wykonany, aby zapewni\u0107 najwy\u017csz\u0105 wydajno\u015b\u0107 w ka\u017cdym terenie. Szeroko\u015b\u0107 obr\u0119czy z haczykami jest zoptymalizowana pod k\u0105tem nowoczesnych opon bezd\u0119tkowych o \u015brednicy 28 mm, a podw\u00f3jne profile \u0142\u0105cz\u0105 nisk\u0105 wag\u0119 z najlepsz\u0105 w swojej klasie aerodynamik\u0105.<\/span><\/p>\n","protected":false},"featured_media":10565,"comment_status":"open","ping_status":"closed","template":"","meta":{"inline_featured_image":false},"product_cat":[148,80,90],"product_tag":[],"class_list":{"0":"post-10563","1":"product","2":"type-product","3":"status-publish","4":"has-post-thumbnail","6":"product_cat-blackinc","7":"product_cat-czesci","8":"product_cat-kola","10":"first","11":"onbackorder","12":"taxable","13":"shipping-taxable","14":"purchasable","15":"product-type-simple"},"_links":{"self":[{"href":"https:\/\/cycling-boutique.com\/index.php?rest_route=\/wp\/v2\/product\/10563","targetHints":{"allow":["GET"]}}],"collection":[{"href":"https:\/\/cycling-boutique.com\/index.php?rest_route=\/wp\/v2\/product"}],"about":[{"href":"https:\/\/cycling-boutique.com\/index.php?rest_route=\/wp\/v2\/types\/product"}],"replies":[{"embeddable":true,"href":"https:\/\/cycling-boutique.com\/index.php?rest_route=%2Fwp%2Fv2%2Fcomments&post=10563"}],"wp:featuredmedia":[{"embeddable":true,"href":"https:\/\/cycling-boutique.com\/index.php?rest_route=\/wp\/v2\/media\/10565"}],"wp:attachment":[{"href":"https:\/\/cycling-boutique.com\/index.php?rest_route=%2Fwp%2Fv2%2Fmedia&parent=10563"}],"wp:term":[{"taxonomy":"product_cat","embeddable":true,"href":"https:\/\/cycling-boutique.com\/index.php?rest_route=%2Fwp%2Fv2%2Fproduct_cat&post=10563"},{"taxonomy":"product_tag","embeddable":true,"href":"https:\/\/cycling-boutique.com\/index.php?rest_route=%2Fwp%2Fv2%2Fproduct_tag&post=10563"}],"curies":[{"name":"wp","href":"https:\/\/api.w.org\/{rel}","templated":true}]}}