{"id":10605,"date":"2025-10-27T13:16:37","date_gmt":"2025-10-27T13:16:37","guid":{"rendered":"https:\/\/nowa.cycling-boutique.com\/?post_type=product&#038;p=10605"},"modified":"2026-03-24T13:50:40","modified_gmt":"2026-03-24T13:50:40","slug":"carbon-ti-x-rotor-steelcarbon-3-center-lock","status":"publish","type":"product","link":"https:\/\/cycling-boutique.com\/?product=carbon-ti-x-rotor-steelcarbon-3-center-lock","title":{"rendered":"Carbon-Ti X-Rotor SteelCarbon 3 Center Lock"},"content":{"rendered":"<p>Ta tarcza hamulcowa stanowi ewolucj\u0119 modelu X-Rotor SteelCarbon 2, kt\u00f3ry zyska\u0142 szerokie uznanie w\u015br\u00f3d entuzjast\u00f3w MTB i kolarstwa szosowego od czasu swojego debiutu w 2015 roku.<br \/>\nJest przeznaczona do monta\u017cu na piastach Center Lock i zapewnia bezpo\u015bredni\u0105 i wydajn\u0105 kompatybilno\u015b\u0107.<br \/>\nTo superlekka, p\u00f3\u0142p\u0142ywaj\u0105ca tarcza hamulcowa ze stalow\u0105 powierzchni\u0105 hamowania, korpusem z w\u0142\u00f3kna w\u0119glowego, adapterem Center Lock Al7075, grawerowan\u0105 laserowo tytanow\u0105 p\u0142ytk\u0105 ochronn\u0105 i nitami mocuj\u0105cymi.<br \/>\nTarcze hamulcowe posiadaj\u0105 teraz profil z zaokr\u0105glonymi kraw\u0119dziami obrabianymi CNC, co zwi\u0119ksza bezpiecze\u0144stwo i jest zgodne z przepisami Union Cycliste Internationale (UCI).<br \/>\nSpecjalna stalowa bie\u017cnia o grubo\u015bci 1,8 mm zosta\u0142a przeprojektowana w celu poprawy skuteczno\u015bci hamowania, lepszego odprowadzania ciep\u0142a i umo\u017cliwienia bardziej r\u00f3wnomiernego zu\u017cycia klock\u00f3w.<br \/>\nNity i podk\u0142adki wykonane s\u0105 z tytanu klasy 5 i stanowi\u0105 zaawansowane technologicznie rozwi\u0105zanie, zgodne z poprzednimi wersjami, zapewniaj\u0105ce wysok\u0105 lekko\u015b\u0107, wytrzyma\u0142o\u015b\u0107 i niezawodno\u015b\u0107.<br \/>\nWyposa\u017cony jest w pier\u015bcie\u0144 blokuj\u0105cy o wyj\u0105tkowo niskim profilu, kt\u00f3ry zapewnia szerok\u0105 kompatybilno\u015b\u0107 z piastami wyposa\u017conymi w osie przelotowe 12, 15 lub 20 mm.<br \/>\nNie jest kompatybilny z systemami Campagnolo i Fulcrum AFS.<br \/>\nWaga: 140mm -86, 160mm -98, 180mm -116<\/p>\n","protected":false},"excerpt":{"rendered":"<p>Nowy X-Rotor SteelCarbon 3 reprezentuje najwy\u017cszy poziom technologiczny na rynku i plasuje si\u0119 w czo\u0142\u00f3wce pod wzgl\u0119dem lekko\u015bci i wyrafinowania rozwi\u0105za\u0144.<\/p>\n","protected":false},"featured_media":10606,"comment_status":"open","ping_status":"closed","template":"","meta":{"inline_featured_image":false},"product_cat":[89,160,80,167],"product_tag":[],"class_list":{"0":"post-10605","1":"product","2":"type-product","3":"status-publish","4":"has-post-thumbnail","6":"product_cat-bizuteria-rowerowa","7":"product_cat-carbon-ti","8":"product_cat-czesci","9":"product_cat-tarcze","11":"first","12":"onbackorder","13":"taxable","14":"shipping-taxable","15":"purchasable","16":"product-type-variable"},"_links":{"self":[{"href":"https:\/\/cycling-boutique.com\/index.php?rest_route=\/wp\/v2\/product\/10605","targetHints":{"allow":["GET"]}}],"collection":[{"href":"https:\/\/cycling-boutique.com\/index.php?rest_route=\/wp\/v2\/product"}],"about":[{"href":"https:\/\/cycling-boutique.com\/index.php?rest_route=\/wp\/v2\/types\/product"}],"replies":[{"embeddable":true,"href":"https:\/\/cycling-boutique.com\/index.php?rest_route=%2Fwp%2Fv2%2Fcomments&post=10605"}],"wp:featuredmedia":[{"embeddable":true,"href":"https:\/\/cycling-boutique.com\/index.php?rest_route=\/wp\/v2\/media\/10606"}],"wp:attachment":[{"href":"https:\/\/cycling-boutique.com\/index.php?rest_route=%2Fwp%2Fv2%2Fmedia&parent=10605"}],"wp:term":[{"taxonomy":"product_cat","embeddable":true,"href":"https:\/\/cycling-boutique.com\/index.php?rest_route=%2Fwp%2Fv2%2Fproduct_cat&post=10605"},{"taxonomy":"product_tag","embeddable":true,"href":"https:\/\/cycling-boutique.com\/index.php?rest_route=%2Fwp%2Fv2%2Fproduct_tag&post=10605"}],"curies":[{"name":"wp","href":"https:\/\/api.w.org\/{rel}","templated":true}]}}