{"id":10607,"date":"2025-10-27T13:22:02","date_gmt":"2025-10-27T13:22:02","guid":{"rendered":"https:\/\/nowa.cycling-boutique.com\/?post_type=product&#038;p=10607"},"modified":"2025-10-27T13:22:02","modified_gmt":"2025-10-27T13:22:02","slug":"carbon-ti-x-rotor-aero","status":"publish","type":"product","link":"https:\/\/cycling-boutique.com\/?product=carbon-ti-x-rotor-aero","title":{"rendered":"Carbon-Ti X-Rotor Aero"},"content":{"rendered":"<p>Zaprojektowana z my\u015bl\u0105 o specyficznych potrzebach zespo\u0142u UAE Team Emirates, nowa tarcza hamulcowa X-Rotor Aero to najnowsza innowacja do jazdy na czas i etap\u00f3w z ekstremalnie wysokimi pr\u0119dko\u015bciami. Produkt ten jest szczeg\u00f3lnie atrakcyjny dla zawodnik\u00f3w triathlonu.<\/p>\n<p>Zaprojektowana z my\u015bl\u0105 o zmniejszeniu oporu aerodynamicznego, tarcza posiada strukturalny karbonowy korpus, przeprojektowany na bazie superlekkiego X-Rotor SteelCarbon 3 i zoptymalizowany w tunelu aerodynamicznym, aby zapewni\u0107 doskona\u0142\u0105 penetracj\u0119 powietrza i zminimalizowa\u0107 op\u00f3r powietrza przy du\u017cych pr\u0119dko\u015bciach.<\/p>\n<p>Stalowa powierzchnia hamowania, wsp\u00f3lna z renomowanym X-Rotor SteelCarbon 3, zapewnia doskona\u0142e hamowanie i ch\u0142odzenie.<br \/>\nMocowanie do korpusu za pomoc\u0105 ekskluzywnych tytanowych nit\u00f3w zapewnia niezr\u00f3wnan\u0105 trwa\u0142o\u015b\u0107 i bezpiecze\u0144stwo.<br \/>\nProfil tarczy ma zaokr\u0105glone kraw\u0119dzie, precyzyjnie obrobione CNC, co zwi\u0119ksza bezpiecze\u0144stwo i jest zgodne z wytycznymi Mi\u0119dzynarodowej Unii Kolarskiej (UCI).<\/p>\n<p>Profesjonalni kolarze z dru\u017cyny UAE Team Emirates od miesi\u0119cy testuj\u0105 X-Rotor Aero w najtrudniejszych zawodach, d\u0105\u017c\u0105c do minimalnych korzy\u015bci i osi\u0105gni\u0119cia maksymalnej wydajno\u015bci.<\/p>\n<p>Niekompatybilny z systemami Campagnolo i Fulcrum AFS.<\/p>\n<p>Waga: 140mm &#8211; 75g, 160mm &#8211; 97g<\/p>\n","protected":false},"excerpt":{"rendered":"<p>Wyr\u00f3\u017cniaj\u0105ce si\u0119 aerodynamiczn\u0105 konstrukcj\u0105 przetestowan\u0105 w tunelu aerodynamicznym, kt\u00f3ra zapewnia doskona\u0142\u0105 penetracj\u0119 powietrza i minimalizuje op\u00f3r przy du\u017cych pr\u0119dko\u015bciach, tarcze te reprezentuj\u0105 najwy\u017cszy poziom technologiczny dost\u0119pny na rynku i wyr\u00f3\u017cniaj\u0105 si\u0119 dopracowanymi rozwi\u0105zaniami.<\/p>\n","protected":false},"featured_media":10608,"comment_status":"open","ping_status":"closed","template":"","meta":{"inline_featured_image":false},"product_cat":[89,160,80,167],"product_tag":[],"class_list":{"0":"post-10607","1":"product","2":"type-product","3":"status-publish","4":"has-post-thumbnail","6":"product_cat-bizuteria-rowerowa","7":"product_cat-carbon-ti","8":"product_cat-czesci","9":"product_cat-tarcze","11":"first","12":"onbackorder","13":"taxable","14":"shipping-taxable","15":"purchasable","16":"product-type-simple"},"_links":{"self":[{"href":"https:\/\/cycling-boutique.com\/index.php?rest_route=\/wp\/v2\/product\/10607","targetHints":{"allow":["GET"]}}],"collection":[{"href":"https:\/\/cycling-boutique.com\/index.php?rest_route=\/wp\/v2\/product"}],"about":[{"href":"https:\/\/cycling-boutique.com\/index.php?rest_route=\/wp\/v2\/types\/product"}],"replies":[{"embeddable":true,"href":"https:\/\/cycling-boutique.com\/index.php?rest_route=%2Fwp%2Fv2%2Fcomments&post=10607"}],"wp:featuredmedia":[{"embeddable":true,"href":"https:\/\/cycling-boutique.com\/index.php?rest_route=\/wp\/v2\/media\/10608"}],"wp:attachment":[{"href":"https:\/\/cycling-boutique.com\/index.php?rest_route=%2Fwp%2Fv2%2Fmedia&parent=10607"}],"wp:term":[{"taxonomy":"product_cat","embeddable":true,"href":"https:\/\/cycling-boutique.com\/index.php?rest_route=%2Fwp%2Fv2%2Fproduct_cat&post=10607"},{"taxonomy":"product_tag","embeddable":true,"href":"https:\/\/cycling-boutique.com\/index.php?rest_route=%2Fwp%2Fv2%2Fproduct_tag&post=10607"}],"curies":[{"name":"wp","href":"https:\/\/api.w.org\/{rel}","templated":true}]}}