{"id":10612,"date":"2025-10-27T13:29:01","date_gmt":"2025-10-27T13:29:01","guid":{"rendered":"https:\/\/nowa.cycling-boutique.com\/?post_type=product&#038;p=10612"},"modified":"2025-10-27T13:29:01","modified_gmt":"2025-10-27T13:29:01","slug":"carbon-ti-x-rotor-center-lock-adapter-kit","status":"publish","type":"product","link":"https:\/\/cycling-boutique.com\/?product=carbon-ti-x-rotor-center-lock-adapter-kit","title":{"rendered":"Carbon-Ti X-Rotor Center Lock Adapter Kit"},"content":{"rendered":"<p>Specjalny adapter opracowany przez Carbon-Ti, gwarantuj\u0105cy bezpo\u015bredni\u0105 i skuteczn\u0105 kompatybilno\u015b\u0107 z piastami Center Lock. Adapter jest do\u0142\u0105czony do ka\u017cdej tarczy X-Rotor SteelCarbon 3 Center Lock i jest wyposa\u017cony w wysokiej jako\u015bci, grawerowan\u0105 laserowo tytanow\u0105 p\u0142ytk\u0119 ochronn\u0105, idealnie dopasowan\u0105 do karbonowego profilu. Zestaw adapter\u00f3w X-Rotor Center Lock mo\u017cna kupi\u0107 osobno i pasuje on do starszego modelu X-Rotor SteelCarbon 2 lub tarcz innych marek. Pier\u015bcie\u0144 blokuj\u0105cy charakteryzuje si\u0119 wyj\u0105tkowo niskim profilem, co zapewnia szerok\u0105 kompatybilno\u015b\u0107 z piastami wyposa\u017conymi w osie przelotowe o \u015brednicy 12, 15 lub 20 mm.<\/p>\n","protected":false},"excerpt":{"rendered":"<p>Ultralekki adapter Center Lock AL7075, niskoprofilowy pier\u015bcie\u0144 blokuj\u0105cy obrabiany CNC z laserowo grawerowan\u0105 tytanow\u0105 p\u0142ytk\u0105 ochronn\u0105.<br \/>\nZestaw dotyczy jednego ko\u0142a.<\/p>\n","protected":false},"featured_media":10613,"comment_status":"open","ping_status":"closed","template":"","meta":{"inline_featured_image":false},"product_cat":[89,160,80,167],"product_tag":[],"class_list":{"0":"post-10612","1":"product","2":"type-product","3":"status-publish","4":"has-post-thumbnail","6":"product_cat-bizuteria-rowerowa","7":"product_cat-carbon-ti","8":"product_cat-czesci","9":"product_cat-tarcze","11":"first","12":"onbackorder","13":"taxable","14":"shipping-taxable","15":"purchasable","16":"product-type-simple"},"_links":{"self":[{"href":"https:\/\/cycling-boutique.com\/index.php?rest_route=\/wp\/v2\/product\/10612","targetHints":{"allow":["GET"]}}],"collection":[{"href":"https:\/\/cycling-boutique.com\/index.php?rest_route=\/wp\/v2\/product"}],"about":[{"href":"https:\/\/cycling-boutique.com\/index.php?rest_route=\/wp\/v2\/types\/product"}],"replies":[{"embeddable":true,"href":"https:\/\/cycling-boutique.com\/index.php?rest_route=%2Fwp%2Fv2%2Fcomments&post=10612"}],"wp:featuredmedia":[{"embeddable":true,"href":"https:\/\/cycling-boutique.com\/index.php?rest_route=\/wp\/v2\/media\/10613"}],"wp:attachment":[{"href":"https:\/\/cycling-boutique.com\/index.php?rest_route=%2Fwp%2Fv2%2Fmedia&parent=10612"}],"wp:term":[{"taxonomy":"product_cat","embeddable":true,"href":"https:\/\/cycling-boutique.com\/index.php?rest_route=%2Fwp%2Fv2%2Fproduct_cat&post=10612"},{"taxonomy":"product_tag","embeddable":true,"href":"https:\/\/cycling-boutique.com\/index.php?rest_route=%2Fwp%2Fv2%2Fproduct_tag&post=10612"}],"curies":[{"name":"wp","href":"https:\/\/api.w.org\/{rel}","templated":true}]}}