{"id":10615,"date":"2025-10-27T13:31:46","date_gmt":"2025-10-27T13:31:46","guid":{"rendered":"https:\/\/nowa.cycling-boutique.com\/?post_type=product&#038;p=10615"},"modified":"2025-10-27T13:31:46","modified_gmt":"2025-10-27T13:31:46","slug":"carbon-ti-x-rotor-titanium-bolt-kit","status":"publish","type":"product","link":"https:\/\/cycling-boutique.com\/?product=carbon-ti-x-rotor-titanium-bolt-kit","title":{"rendered":"Carbon-Ti X-Rotor Titanium Bolt Kit"},"content":{"rendered":"","protected":false},"excerpt":{"rendered":"<p>Zestaw \u015brub mocuj\u0105cych wykonanych z tytanu, superlekkie, standardowa g\u0142\u00f3wka, niski profil, nasadka Torx T25, 6 sztuk (do jednego ko\u0142a).<br \/>\nWaga: ok 8g<\/p>\n","protected":false},"featured_media":10614,"comment_status":"open","ping_status":"closed","template":"","meta":{"inline_featured_image":false},"product_cat":[89,160,80,170,167],"product_tag":[],"class_list":{"0":"post-10615","1":"product","2":"type-product","3":"status-publish","4":"has-post-thumbnail","6":"product_cat-bizuteria-rowerowa","7":"product_cat-carbon-ti","8":"product_cat-czesci","9":"product_cat-sruby","10":"product_cat-tarcze","12":"first","13":"onbackorder","14":"taxable","15":"shipping-taxable","16":"purchasable","17":"product-type-simple"},"_links":{"self":[{"href":"https:\/\/cycling-boutique.com\/index.php?rest_route=\/wp\/v2\/product\/10615","targetHints":{"allow":["GET"]}}],"collection":[{"href":"https:\/\/cycling-boutique.com\/index.php?rest_route=\/wp\/v2\/product"}],"about":[{"href":"https:\/\/cycling-boutique.com\/index.php?rest_route=\/wp\/v2\/types\/product"}],"replies":[{"embeddable":true,"href":"https:\/\/cycling-boutique.com\/index.php?rest_route=%2Fwp%2Fv2%2Fcomments&post=10615"}],"wp:featuredmedia":[{"embeddable":true,"href":"https:\/\/cycling-boutique.com\/index.php?rest_route=\/wp\/v2\/media\/10614"}],"wp:attachment":[{"href":"https:\/\/cycling-boutique.com\/index.php?rest_route=%2Fwp%2Fv2%2Fmedia&parent=10615"}],"wp:term":[{"taxonomy":"product_cat","embeddable":true,"href":"https:\/\/cycling-boutique.com\/index.php?rest_route=%2Fwp%2Fv2%2Fproduct_cat&post=10615"},{"taxonomy":"product_tag","embeddable":true,"href":"https:\/\/cycling-boutique.com\/index.php?rest_route=%2Fwp%2Fv2%2Fproduct_tag&post=10615"}],"curies":[{"name":"wp","href":"https:\/\/api.w.org\/{rel}","templated":true}]}}