{"id":10626,"date":"2025-10-27T14:00:16","date_gmt":"2025-10-27T14:00:16","guid":{"rendered":"https:\/\/nowa.cycling-boutique.com\/?post_type=product&#038;p=10626"},"modified":"2026-01-23T12:31:17","modified_gmt":"2026-01-23T12:31:17","slug":"carbon-ti-x-aeroring","status":"publish","type":"product","link":"https:\/\/cycling-boutique.com\/?product=carbon-ti-x-aeroring","title":{"rendered":"Carbon-Ti X-Aeroring"},"content":{"rendered":"<p>Z\u0119batki w innych rozmiarach dost\u0119pne wy\u0142\u0105cznie na zam\u00f3wienie.<br \/>\nDedykowane do jazdy na czas i triathlonu.<\/p>\n<p>Aerodynamiczna tarcza wykonana ze strukturalnego w\u0142\u00f3kna w\u0119glowego z po\u0142yskuj\u0105cym wyko\u0144czeniem 3K. Pojedyncza tarcza z 62 z\u0119bami i rozstawem \u015brub (BCD) 110 mm, 4-ramienna, kompatybilna z korbami Shimano Dura-Ace FC-R9200 i FC-R9200-P, Shimano Ultegra FC-R8100 i FC-R8100-P oraz Shimano 105 FC-R7100.<\/p>\n<p>Kompatybilna z 12-biegowymi grupami osprz\u0119tu Shimano.<br \/>\nDo monta\u017cu na 12-biegowych korbach Shimano Dura-Ace, Ultegra i 105 zalecamy u\u017cycie nowego, specjalnego zestawu X-Cover DA9200 1x.<\/p>\n<p>Monta\u017c na innych 12-biegowych korbach Shimano jest mo\u017cliwy za pomoc\u0105 zestawu X-Fix ROAD XS, dost\u0119pnego w r\u00f3\u017cnych anodowanych kolorach.<\/p>\n","protected":false},"excerpt":{"rendered":"<p>Z przyjemno\u015bci\u0105 og\u0142aszamy dodanie tarcz X-Aeroring do gamy Carbon-Ti, opracowanych i przetestowanych przez UAE Team Emirates, aby rywalizowa\u0107 i zwyci\u0119\u017ca\u0107 w najwa\u017cniejszych wy\u015bcigach cyklu World Tour.<br \/>\nTarcze X-Aeroring s\u0105 rozmiarach 58, 60 i 62 z\u0119b\u00f3w do 12-biegowych korb Shimano.<\/p>\n","protected":false},"featured_media":10627,"comment_status":"open","ping_status":"closed","template":"","meta":{"inline_featured_image":false},"product_cat":[89,160,80,168],"product_tag":[],"class_list":{"0":"post-10626","1":"product","2":"type-product","3":"status-publish","4":"has-post-thumbnail","6":"product_cat-bizuteria-rowerowa","7":"product_cat-carbon-ti","8":"product_cat-czesci","9":"product_cat-zebatki","11":"first","12":"instock","13":"taxable","14":"shipping-taxable","15":"purchasable","16":"product-type-variable"},"_links":{"self":[{"href":"https:\/\/cycling-boutique.com\/index.php?rest_route=\/wp\/v2\/product\/10626","targetHints":{"allow":["GET"]}}],"collection":[{"href":"https:\/\/cycling-boutique.com\/index.php?rest_route=\/wp\/v2\/product"}],"about":[{"href":"https:\/\/cycling-boutique.com\/index.php?rest_route=\/wp\/v2\/types\/product"}],"replies":[{"embeddable":true,"href":"https:\/\/cycling-boutique.com\/index.php?rest_route=%2Fwp%2Fv2%2Fcomments&post=10626"}],"wp:featuredmedia":[{"embeddable":true,"href":"https:\/\/cycling-boutique.com\/index.php?rest_route=\/wp\/v2\/media\/10627"}],"wp:attachment":[{"href":"https:\/\/cycling-boutique.com\/index.php?rest_route=%2Fwp%2Fv2%2Fmedia&parent=10626"}],"wp:term":[{"taxonomy":"product_cat","embeddable":true,"href":"https:\/\/cycling-boutique.com\/index.php?rest_route=%2Fwp%2Fv2%2Fproduct_cat&post=10626"},{"taxonomy":"product_tag","embeddable":true,"href":"https:\/\/cycling-boutique.com\/index.php?rest_route=%2Fwp%2Fv2%2Fproduct_tag&post=10626"}],"curies":[{"name":"wp","href":"https:\/\/api.w.org\/{rel}","templated":true}]}}