{"id":10630,"date":"2025-10-27T14:08:43","date_gmt":"2025-10-27T14:08:43","guid":{"rendered":"https:\/\/nowa.cycling-boutique.com\/?post_type=product&#038;p=10630"},"modified":"2025-10-27T14:08:43","modified_gmt":"2025-10-27T14:08:43","slug":"carbon-ti-x-lock-evo-rear","status":"publish","type":"product","link":"https:\/\/cycling-boutique.com\/?product=carbon-ti-x-lock-evo-rear","title":{"rendered":"Carbon-Ti X-Lock EVO rear"},"content":{"rendered":"<p>Carbon-Ti wprowadza kompletn\u0105 lini\u0119 superlekkich blokad k\u00f3\u0142 z osi\u0105 przelotow\u0105, przeznaczonych do coraz wi\u0119kszej liczby ram. O\u015b AL7075 o zmiennej grubo\u015bci jest wykonana z litego metalu i jest efektem precyzyjnej konstrukcji, kt\u00f3ra pozwala na zmniejszenie masy o po\u0142ow\u0119 w por\u00f3wnaniu ze standardowym wyposa\u017ceniem, oszcz\u0119dzaj\u0105c prawie 40 gram\u00f3w na jednej blokadzie ko\u0142a, przy jednoczesnym zachowaniu sztywno\u015bci i bezpiecze\u0144stwa. Zamkni\u0119cie na klucz imbusowy 6 mm zapewnia bezpieczne i praktyczne blokowanie, a wyrafinowana, grawerowana laserowo grafika dodaje elegancji, \u015bwiadcz\u0105c o niemal obsesyjnej dba\u0142o\u015bci o szczeg\u00f3\u0142y. Wszystkie blokady k\u00f3\u0142 X-Lock z osi\u0105 przelotow\u0105 s\u0105 dost\u0119pne w kilku anodowanych kolorach.<\/p>\n<p>Dost\u0119pne kolory: czarny, srebrny, czerwony, niebieski, zielony, z\u0142oty, limonkowy<\/p>\n","protected":false},"excerpt":{"rendered":"<p>Doskona\u0142a sztywno\u015b\u0107, o\u015b o zmiennej grubo\u015bci, grawerowana laserowo grafika,\u00a0 zapewniaj\u0105ca szybkie i bezpieczne zamykanie.<br \/>\nDost\u0119pne w wielu anodowanych kolorach.<br \/>\nSkontaktuj si\u0119 z nami w celu dobrania odpowiedniego modelu!!!<\/p>\n","protected":false},"featured_media":10631,"comment_status":"open","ping_status":"closed","template":"","meta":{"inline_featured_image":false},"product_cat":[89,160,80,169],"product_tag":[],"class_list":{"0":"post-10630","1":"product","2":"type-product","3":"status-publish","4":"has-post-thumbnail","6":"product_cat-bizuteria-rowerowa","7":"product_cat-carbon-ti","8":"product_cat-czesci","9":"product_cat-osie","11":"first","12":"onbackorder","13":"taxable","14":"shipping-taxable","15":"purchasable","16":"product-type-simple"},"_links":{"self":[{"href":"https:\/\/cycling-boutique.com\/index.php?rest_route=\/wp\/v2\/product\/10630","targetHints":{"allow":["GET"]}}],"collection":[{"href":"https:\/\/cycling-boutique.com\/index.php?rest_route=\/wp\/v2\/product"}],"about":[{"href":"https:\/\/cycling-boutique.com\/index.php?rest_route=\/wp\/v2\/types\/product"}],"replies":[{"embeddable":true,"href":"https:\/\/cycling-boutique.com\/index.php?rest_route=%2Fwp%2Fv2%2Fcomments&post=10630"}],"wp:featuredmedia":[{"embeddable":true,"href":"https:\/\/cycling-boutique.com\/index.php?rest_route=\/wp\/v2\/media\/10631"}],"wp:attachment":[{"href":"https:\/\/cycling-boutique.com\/index.php?rest_route=%2Fwp%2Fv2%2Fmedia&parent=10630"}],"wp:term":[{"taxonomy":"product_cat","embeddable":true,"href":"https:\/\/cycling-boutique.com\/index.php?rest_route=%2Fwp%2Fv2%2Fproduct_cat&post=10630"},{"taxonomy":"product_tag","embeddable":true,"href":"https:\/\/cycling-boutique.com\/index.php?rest_route=%2Fwp%2Fv2%2Fproduct_tag&post=10630"}],"curies":[{"name":"wp","href":"https:\/\/api.w.org\/{rel}","templated":true}]}}