{"id":10656,"date":"2025-10-29T12:23:56","date_gmt":"2025-10-29T12:23:56","guid":{"rendered":"https:\/\/nowa.cycling-boutique.com\/?post_type=product&#038;p=10656"},"modified":"2026-04-07T14:26:13","modified_gmt":"2026-04-07T14:26:13","slug":"carbon-ti-x-carboring-evo-54x40-shimano-dura-ace-r9200","status":"publish","type":"product","link":"https:\/\/cycling-boutique.com\/?product=carbon-ti-x-carboring-evo-54x40-shimano-dura-ace-r9200","title":{"rendered":"Carbon-Ti X-Carboring EVO 54\u00d740 Shimano Dura Ace R9200"},"content":{"rendered":"<p>Oferujemy kompletny zestaw do konwersji mechanizmu korbowego Shimano Dura Ace R9200<br \/>\nW sk\u0142ad zestawu wchodz\u0105 z\u0119batki 54T, 40T, oraz komplet maskownic Carbon-Ti X-Cover Black.<\/p>\n<p>X-CarboRing i X-CarboRing EVO to najnowsza ods\u0142ona superlekkich tarcz \u0142a\u0144cuchowych do rower\u00f3w wy\u015bcigowych o konstrukcji kompozytowej ze stopu aluminium i w\u0142\u00f3kna w\u0119glowego, zaproponowana przez Carbon-Ti. Korpus z w\u0142\u00f3kna w\u0119glowego, wykonany z tytanu klasy 5, jest wyposa\u017cony w obrabiane CNC i formowane sworznie, kt\u00f3re umo\u017cliwiaj\u0105 b\u0142yskawiczn\u0105 i precyzyjn\u0105 zmian\u0119 prze\u0142o\u017ce\u0144, zar\u00f3wno z przerzutkami mechanicznymi, jak i elektronicznymi. Ka\u017cdy z\u0105b ze stopu aluminium AL7075-T6 jest indywidualnie obrabiany CNC, nadaj\u0105c mu okre\u015blony kszta\u0142t, aby zoptymalizowa\u0107 jego dzia\u0142anie w ka\u017cdych warunkach.<\/p>\n<p>\u015aruby mocuj\u0105ce tarcz\u0119 AL7075, obrabiane CNC, zestaw dedykowany do korb Shimano DuraAce 9200 12s, DuraAce 9200-P 12, Ultegra FC-R8100 i FC-R8100-P.<br \/>\nNiekompatybilny z innymi modelami (np. DuraAce 9100, Ultegra, 105\u2026). Zawiera 4 \u015bruby \u017ce\u0144skie i 4 m\u0119skie o standardowej d\u0142ugo\u015bci.<br \/>\nZestawy \u015brub mocuj\u0105cych X-Cover do tarcz X-Carboring EVO zapewniaj\u0105 solidne i eleganckie po\u0142\u0105czenie oraz doskona\u0142e przenoszenie mocy.<\/p>\n","protected":false},"excerpt":{"rendered":"<p>Gotowy zestaw do konwersji mechanizmu korbowego<br \/>\nShimano Dura Ace R9200 54\u00d740<\/p>\n","protected":false},"featured_media":10621,"comment_status":"open","ping_status":"closed","template":"","meta":{"inline_featured_image":false},"product_cat":[89,160,80,168],"product_tag":[],"class_list":{"0":"post-10656","1":"product","2":"type-product","3":"status-publish","4":"has-post-thumbnail","6":"product_cat-bizuteria-rowerowa","7":"product_cat-carbon-ti","8":"product_cat-czesci","9":"product_cat-zebatki","11":"first","12":"onbackorder","13":"taxable","14":"shipping-taxable","15":"purchasable","16":"product-type-simple"},"_links":{"self":[{"href":"https:\/\/cycling-boutique.com\/index.php?rest_route=\/wp\/v2\/product\/10656","targetHints":{"allow":["GET"]}}],"collection":[{"href":"https:\/\/cycling-boutique.com\/index.php?rest_route=\/wp\/v2\/product"}],"about":[{"href":"https:\/\/cycling-boutique.com\/index.php?rest_route=\/wp\/v2\/types\/product"}],"replies":[{"embeddable":true,"href":"https:\/\/cycling-boutique.com\/index.php?rest_route=%2Fwp%2Fv2%2Fcomments&post=10656"}],"wp:featuredmedia":[{"embeddable":true,"href":"https:\/\/cycling-boutique.com\/index.php?rest_route=\/wp\/v2\/media\/10621"}],"wp:attachment":[{"href":"https:\/\/cycling-boutique.com\/index.php?rest_route=%2Fwp%2Fv2%2Fmedia&parent=10656"}],"wp:term":[{"taxonomy":"product_cat","embeddable":true,"href":"https:\/\/cycling-boutique.com\/index.php?rest_route=%2Fwp%2Fv2%2Fproduct_cat&post=10656"},{"taxonomy":"product_tag","embeddable":true,"href":"https:\/\/cycling-boutique.com\/index.php?rest_route=%2Fwp%2Fv2%2Fproduct_tag&post=10656"}],"curies":[{"name":"wp","href":"https:\/\/api.w.org\/{rel}","templated":true}]}}