{"id":10671,"date":"2025-10-30T13:50:47","date_gmt":"2025-10-30T13:50:47","guid":{"rendered":"https:\/\/nowa.cycling-boutique.com\/?post_type=product&#038;p=10671"},"modified":"2025-10-30T13:50:47","modified_gmt":"2025-10-30T13:50:47","slug":"carbon-ti-x-carboring-evo-46x33-srm-sram","status":"publish","type":"product","link":"https:\/\/cycling-boutique.com\/?product=carbon-ti-x-carboring-evo-46x33-srm-sram","title":{"rendered":"Carbon-Ti X-Carboring EVO 46\u00d733 SRM SRAM"},"content":{"rendered":"<p>Oferujemy kompletny zestaw do konwersji mechanizmu korbowego SRM Origin Road Modular.<br \/>\nW sk\u0142ad zestawu wchodz\u0105 z\u0119batki 46T, 33T, oraz komplet \u015brub Carbon-Ti X-Fix.<\/p>\n<p>X-CarboRing i X-CarboRing EVO to najnowsza ods\u0142ona superlekkich tarcz \u0142a\u0144cuchowych do rower\u00f3w wy\u015bcigowych o konstrukcji kompozytowej ze stopu aluminium i w\u0142\u00f3kna w\u0119glowego, zaproponowana przez Carbon-Ti. Korpus z w\u0142\u00f3kna w\u0119glowego, wykonany z tytanu klasy 5, jest wyposa\u017cony w obrabiane CNC i formowane sworznie, kt\u00f3re umo\u017cliwiaj\u0105 b\u0142yskawiczn\u0105 i precyzyjn\u0105 zmian\u0119 prze\u0142o\u017ce\u0144, zar\u00f3wno z przerzutkami mechanicznymi, jak i elektronicznymi. Ka\u017cdy z\u0105b ze stopu aluminium AL7075-T6 jest indywidualnie obrabiany CNC, nadaj\u0105c mu okre\u015blony kszta\u0142t, aby zoptymalizowa\u0107 jego dzia\u0142anie w ka\u017cdych warunkach.<\/p>\n","protected":false},"excerpt":{"rendered":"<p>Gotowy zestaw do konwersji mechanizmu korbowego<br \/>\nSRM Origin Road Modular 46\u00d733 kompatybilny z nap\u0119dami SRAM.<\/p>\n","protected":false},"featured_media":10662,"comment_status":"open","ping_status":"closed","template":"","meta":{"inline_featured_image":false},"product_cat":[89,160,80,168],"product_tag":[],"class_list":{"0":"post-10671","1":"product","2":"type-product","3":"status-publish","4":"has-post-thumbnail","6":"product_cat-bizuteria-rowerowa","7":"product_cat-carbon-ti","8":"product_cat-czesci","9":"product_cat-zebatki","11":"first","12":"onbackorder","13":"taxable","14":"shipping-taxable","15":"purchasable","16":"product-type-simple"},"_links":{"self":[{"href":"https:\/\/cycling-boutique.com\/index.php?rest_route=\/wp\/v2\/product\/10671","targetHints":{"allow":["GET"]}}],"collection":[{"href":"https:\/\/cycling-boutique.com\/index.php?rest_route=\/wp\/v2\/product"}],"about":[{"href":"https:\/\/cycling-boutique.com\/index.php?rest_route=\/wp\/v2\/types\/product"}],"replies":[{"embeddable":true,"href":"https:\/\/cycling-boutique.com\/index.php?rest_route=%2Fwp%2Fv2%2Fcomments&post=10671"}],"wp:featuredmedia":[{"embeddable":true,"href":"https:\/\/cycling-boutique.com\/index.php?rest_route=\/wp\/v2\/media\/10662"}],"wp:attachment":[{"href":"https:\/\/cycling-boutique.com\/index.php?rest_route=%2Fwp%2Fv2%2Fmedia&parent=10671"}],"wp:term":[{"taxonomy":"product_cat","embeddable":true,"href":"https:\/\/cycling-boutique.com\/index.php?rest_route=%2Fwp%2Fv2%2Fproduct_cat&post=10671"},{"taxonomy":"product_tag","embeddable":true,"href":"https:\/\/cycling-boutique.com\/index.php?rest_route=%2Fwp%2Fv2%2Fproduct_tag&post=10671"}],"curies":[{"name":"wp","href":"https:\/\/api.w.org\/{rel}","templated":true}]}}