{"id":10687,"date":"2025-10-30T16:35:26","date_gmt":"2025-10-30T16:35:26","guid":{"rendered":"https:\/\/nowa.cycling-boutique.com\/?post_type=product&#038;p=10687"},"modified":"2026-02-18T12:18:15","modified_gmt":"2026-02-18T12:18:15","slug":"alpitude-superleggero","status":"publish","type":"product","link":"https:\/\/cycling-boutique.com\/?product=alpitude-superleggero","title":{"rendered":"Alpitude Superleggero"},"content":{"rendered":"<p>Minimalistyczne koszyki na bidon<br \/>\nKoszyk Superleggero wykonany jest z jednego arkusza karbony, bez u\u017cycia kleju.<\/p>\n<p>Waga: 9,5 grama +\/- 5% (bez \u015brub)<\/p>\n<p>Czarne, tytanowe \u015bruby M5<\/p>\n<p>Rozstaw \u015brub: 65 mm +\/- 2 mm<\/p>\n<p>Materia\u0142: W\u0142\u00f3kno w\u0119glowe T800 Toray<\/p>\n","protected":false},"excerpt":{"rendered":"<p>Minimalistyczne koszyki na bidon Koszyk Superleggero wykonany jest z jednego arkusza karbony, bez u\u017cycia kleju. Waga: 9,5 grama +\/- 5% (bez \u015brub) Czarne, tytanowe \u015bruby M5 Rozstaw \u015brub: 65 mm +\/- 2 mm Materia\u0142: W\u0142\u00f3kno w\u0119glowe T800 Toray<\/p>\n","protected":false},"featured_media":13089,"comment_status":"open","ping_status":"closed","template":"","meta":{"inline_featured_image":false},"product_cat":[158,89,80],"product_tag":[],"class_list":{"0":"post-10687","1":"product","2":"type-product","3":"status-publish","4":"has-post-thumbnail","6":"product_cat-alpitude","7":"product_cat-bizuteria-rowerowa","8":"product_cat-czesci","10":"first","11":"instock","12":"taxable","13":"shipping-taxable","14":"purchasable","15":"product-type-variable"},"_links":{"self":[{"href":"https:\/\/cycling-boutique.com\/index.php?rest_route=\/wp\/v2\/product\/10687","targetHints":{"allow":["GET"]}}],"collection":[{"href":"https:\/\/cycling-boutique.com\/index.php?rest_route=\/wp\/v2\/product"}],"about":[{"href":"https:\/\/cycling-boutique.com\/index.php?rest_route=\/wp\/v2\/types\/product"}],"replies":[{"embeddable":true,"href":"https:\/\/cycling-boutique.com\/index.php?rest_route=%2Fwp%2Fv2%2Fcomments&post=10687"}],"wp:featuredmedia":[{"embeddable":true,"href":"https:\/\/cycling-boutique.com\/index.php?rest_route=\/wp\/v2\/media\/13089"}],"wp:attachment":[{"href":"https:\/\/cycling-boutique.com\/index.php?rest_route=%2Fwp%2Fv2%2Fmedia&parent=10687"}],"wp:term":[{"taxonomy":"product_cat","embeddable":true,"href":"https:\/\/cycling-boutique.com\/index.php?rest_route=%2Fwp%2Fv2%2Fproduct_cat&post=10687"},{"taxonomy":"product_tag","embeddable":true,"href":"https:\/\/cycling-boutique.com\/index.php?rest_route=%2Fwp%2Fv2%2Fproduct_tag&post=10687"}],"curies":[{"name":"wp","href":"https:\/\/api.w.org\/{rel}","templated":true}]}}