{"id":10701,"date":"2025-11-02T08:42:04","date_gmt":"2025-11-02T08:42:04","guid":{"rendered":"https:\/\/nowa.cycling-boutique.com\/?post_type=product&#038;p=10701"},"modified":"2025-11-02T08:51:50","modified_gmt":"2025-11-02T08:51:50","slug":"lightweight-pfadfinder-evo","status":"publish","type":"product","link":"https:\/\/cycling-boutique.com\/?product=lightweight-pfadfinder-evo","title":{"rendered":"Lightweight PFADFINDER EVO BLACK ED"},"content":{"rendered":"<p><span style=\"font-weight: 400;\">DANE TECHNICZNE<\/span><\/p>\n<p><span style=\"font-weight: 400;\">Kolor naklejki Standard | Schwarz ED<\/span><\/p>\n<p><span style=\"font-weight: 400;\">\u0141o\u017cyska Standard: \u0141o\u017cyska stalowe | Schwarz ED: \u0141o\u017cyska CeramicSpeed<\/span><\/p>\n<p><span style=\"font-weight: 400;\">Waga zestawu k\u00f3\u0142 1,430 g (+\/- 3%)<\/span><\/p>\n<p><span style=\"font-weight: 400;\">Waga ko\u0142a przedniego 670 g<\/span><\/p>\n<p><span style=\"font-weight: 400;\">Waga ko\u0142a tylnego 760 g<\/span><\/p>\n<p><span style=\"font-weight: 400;\">G\u0142\u0119boko\u015b\u0107 obr\u0119czy 36 mm<\/span><\/p>\n<p><span style=\"font-weight: 400;\">Szeroko\u015b\u0107 wewn\u0119trzna obr\u0119czy 18,2 mm<\/span><\/p>\n<p><span style=\"font-weight: 400;\">Szeroko\u015b\u0107 zewn\u0119trzna obr\u0119czy 24 mm<\/span><\/p>\n<p><span style=\"font-weight: 400;\">Konstrukcja obr\u0119czy 700C | haczykowata | zamkni\u0119ta obr\u0119cz<\/span><\/p>\n<p><span style=\"font-weight: 400;\">Typ opony Przystosowana do zastosowania bezd\u0119tkowego<\/span><\/p>\n<p><span style=\"font-weight: 400;\">Szprychy 20 Full-Carbon prz\u00f3d\/ty\u0142<\/span><\/p>\n<p><span style=\"font-weight: 400;\">Piasta PENTAGON SL | DT SWISS 240<\/span><\/p>\n<p><span style=\"font-weight: 400;\">B\u0119benek Shimano | Sram | Campa<\/span><\/p>\n<p><span style=\"font-weight: 400;\">Uk\u0142ad hamulcowy Tarcza<\/span><\/p>\n<p><span style=\"font-weight: 400;\">Rozstaw 12&#215;100 | 12&#215;142<\/span><\/p>\n<p><span style=\"font-weight: 400;\">Maksymalna waga systemu 120 kg<\/span><\/p>\n<p><span style=\"font-weight: 400;\">Gwarancja 5 lat<\/span><\/p>\n<p>&nbsp;<\/p>\n","protected":false},"excerpt":{"rendered":"<p>Stworzone dla rowerzyst\u00f3w, kt\u00f3rzy przekraczaj\u0105 granice mo\u017cliwo\u015bci<\/p>\n","protected":false},"featured_media":10702,"comment_status":"open","ping_status":"closed","template":"","meta":{"inline_featured_image":false},"product_cat":[80,90,150],"product_tag":[],"class_list":{"0":"post-10701","1":"product","2":"type-product","3":"status-publish","4":"has-post-thumbnail","6":"product_cat-czesci","7":"product_cat-kola","8":"product_cat-lightweight","10":"first","11":"onbackorder","12":"taxable","13":"shipping-taxable","14":"purchasable","15":"product-type-simple"},"_links":{"self":[{"href":"https:\/\/cycling-boutique.com\/index.php?rest_route=\/wp\/v2\/product\/10701","targetHints":{"allow":["GET"]}}],"collection":[{"href":"https:\/\/cycling-boutique.com\/index.php?rest_route=\/wp\/v2\/product"}],"about":[{"href":"https:\/\/cycling-boutique.com\/index.php?rest_route=\/wp\/v2\/types\/product"}],"replies":[{"embeddable":true,"href":"https:\/\/cycling-boutique.com\/index.php?rest_route=%2Fwp%2Fv2%2Fcomments&post=10701"}],"wp:featuredmedia":[{"embeddable":true,"href":"https:\/\/cycling-boutique.com\/index.php?rest_route=\/wp\/v2\/media\/10702"}],"wp:attachment":[{"href":"https:\/\/cycling-boutique.com\/index.php?rest_route=%2Fwp%2Fv2%2Fmedia&parent=10701"}],"wp:term":[{"taxonomy":"product_cat","embeddable":true,"href":"https:\/\/cycling-boutique.com\/index.php?rest_route=%2Fwp%2Fv2%2Fproduct_cat&post=10701"},{"taxonomy":"product_tag","embeddable":true,"href":"https:\/\/cycling-boutique.com\/index.php?rest_route=%2Fwp%2Fv2%2Fproduct_tag&post=10701"}],"curies":[{"name":"wp","href":"https:\/\/api.w.org\/{rel}","templated":true}]}}