{"id":10703,"date":"2025-11-02T08:43:39","date_gmt":"2025-11-02T08:43:39","guid":{"rendered":"https:\/\/nowa.cycling-boutique.com\/?post_type=product&#038;p=10703"},"modified":"2025-11-02T08:51:22","modified_gmt":"2025-11-02T08:51:22","slug":"lightweight-fernweg-evo-pro-black-ed-titanium","status":"publish","type":"product","link":"https:\/\/cycling-boutique.com\/?product=lightweight-fernweg-evo-pro-black-ed-titanium","title":{"rendered":"Lightweight FERNWEG EVO PRO BLACK ED Titanium"},"content":{"rendered":"<p><span style=\"font-weight: 400;\">DANE TECHNICZNE<\/span><\/p>\n<p><span style=\"font-weight: 400;\">Kolor naklejki Schwarz ED | Schwarz ED Titanium | Schwarz ED Titanium Black<\/span><\/p>\n<p><span style=\"font-weight: 400;\">\u0141o\u017cyska \u0141o\u017cyska CeramicSpeed<\/span><\/p>\n<p><span style=\"font-weight: 400;\">Masa zestawu k\u00f3\u0142 63 1,545 g (+\/- 3%)<\/span><\/p>\n<p><span style=\"font-weight: 400;\">Masa zestawu k\u00f3\u0142 85 1,665 g (+\/- 3%)<\/span><\/p>\n<p><span style=\"font-weight: 400;\">Masa ko\u0142a przedniego 63 728 g<\/span><\/p>\n<p><span style=\"font-weight: 400;\">Masa ko\u0142a przedniego 85 758 g<\/span><\/p>\n<p><span style=\"font-weight: 400;\">Masa ko\u0142a tylnego 63 662 g<\/span><\/p>\n<p><span style=\"font-weight: 400;\">Masa ko\u0142a tylnego 85 857 g<\/span><\/p>\n<p><span style=\"font-weight: 400;\">G\u0142\u0119boko\u015b\u0107 felgi 63 63 mm<\/span><\/p>\n<p><span style=\"font-weight: 400;\">G\u0142\u0119boko\u015b\u0107 felgi 85 85 mm<\/span><\/p>\n<p><span style=\"font-weight: 400;\">Szeroko\u015b\u0107 wewn\u0119trzna felgi 18,2 mm<\/span><\/p>\n<p><span style=\"font-weight: 400;\">Szeroko\u015b\u0107 zewn\u0119trzna felgi 24 mm<\/span><\/p>\n<p><span style=\"font-weight: 400;\">Konstrukcja felgi 700C | hakowata | Zamkni\u0119te \u0142o\u017cysko obr\u0119czy<\/span><\/p>\n<p><span style=\"font-weight: 400;\">Typ opony Tubeless Ready<\/span><\/p>\n<p><span style=\"font-weight: 400;\">Szprychy 20 Full-Carbon prz\u00f3d\/ty\u0142<\/span><\/p>\n<p><span style=\"font-weight: 400;\">Piasta PENTAGON SL | DT SWISS EXP 180<\/span><\/p>\n<p><span style=\"font-weight: 400;\">B\u0119benek Shimano | Sram | Campa<\/span><\/p>\n<p><span style=\"font-weight: 400;\">Uk\u0142ad hamulcowy Tarcza<\/span><\/p>\n<p><span style=\"font-weight: 400;\">Rozstaw 12&#215;100 | 12&#215;142<\/span><\/p>\n<p><span style=\"font-weight: 400;\">Maksymalna waga systemu 100 kg<\/span><\/p>\n<p><span style=\"font-weight: 400;\">Gwarancja 5 lat<\/span><\/p>\n<p>&nbsp;<\/p>\n","protected":false},"excerpt":{"rendered":"<p>Ewolucja aerodynamicznych osi\u0105g\u00f3w, jako\u015bci prowadzenia i wydajno\u015bci.<\/p>\n","protected":false},"featured_media":10704,"comment_status":"open","ping_status":"closed","template":"","meta":{"inline_featured_image":false},"product_cat":[80,90,150],"product_tag":[],"class_list":{"0":"post-10703","1":"product","2":"type-product","3":"status-publish","4":"has-post-thumbnail","6":"product_cat-czesci","7":"product_cat-kola","8":"product_cat-lightweight","10":"first","11":"onbackorder","12":"taxable","13":"shipping-taxable","14":"purchasable","15":"product-type-simple"},"_links":{"self":[{"href":"https:\/\/cycling-boutique.com\/index.php?rest_route=\/wp\/v2\/product\/10703","targetHints":{"allow":["GET"]}}],"collection":[{"href":"https:\/\/cycling-boutique.com\/index.php?rest_route=\/wp\/v2\/product"}],"about":[{"href":"https:\/\/cycling-boutique.com\/index.php?rest_route=\/wp\/v2\/types\/product"}],"replies":[{"embeddable":true,"href":"https:\/\/cycling-boutique.com\/index.php?rest_route=%2Fwp%2Fv2%2Fcomments&post=10703"}],"wp:featuredmedia":[{"embeddable":true,"href":"https:\/\/cycling-boutique.com\/index.php?rest_route=\/wp\/v2\/media\/10704"}],"wp:attachment":[{"href":"https:\/\/cycling-boutique.com\/index.php?rest_route=%2Fwp%2Fv2%2Fmedia&parent=10703"}],"wp:term":[{"taxonomy":"product_cat","embeddable":true,"href":"https:\/\/cycling-boutique.com\/index.php?rest_route=%2Fwp%2Fv2%2Fproduct_cat&post=10703"},{"taxonomy":"product_tag","embeddable":true,"href":"https:\/\/cycling-boutique.com\/index.php?rest_route=%2Fwp%2Fv2%2Fproduct_tag&post=10703"}],"curies":[{"name":"wp","href":"https:\/\/api.w.org\/{rel}","templated":true}]}}