{"id":10707,"date":"2025-11-02T08:55:57","date_gmt":"2025-11-02T08:55:57","guid":{"rendered":"https:\/\/nowa.cycling-boutique.com\/?post_type=product&#038;p=10707"},"modified":"2025-11-02T09:02:12","modified_gmt":"2025-11-02T09:02:12","slug":"lightweight-meilenstein-art-black-ed","status":"publish","type":"product","link":"https:\/\/cycling-boutique.com\/?product=lightweight-meilenstein-art-black-ed","title":{"rendered":"LIGHTWEIGHT MEILENSTEIN ART BLACK ED"},"content":{"rendered":"<p>ART &#8211; TECHNOLOGIA ALPHA RIB<br \/>\nObr\u0119cz MEILENSTEIN ART zosta\u0142a zbudowana w oparciu o technologi\u0119 Alpha Rib (ART), prze\u0142omow\u0105 technologi\u0119 zrodzon\u0105 z pionierskich prac Lightweight w dziedzinie in\u017cynierii kompozytowej.<\/p>\n<p>Zamiast tradycyjnej, pustej w \u015brodku konstrukcji, ART integruje sie\u0107 \u017ceber strukturalnych wewn\u0105trz wn\u0119ki obr\u0119czy. Ta wewn\u0119trzna architektura znacz\u0105co zwi\u0119ksza sztywno\u015b\u0107 boczn\u0105, wzmacniaj\u0105c profil przed obci\u0105\u017ceniami bocznymi i zapewniaj\u0105c niezwykle precyzyjne prowadzenie oraz efektywne przenoszenie mocy.<\/p>\n<p>ART zmienia r\u00f3wnie\u017c interfejs szprych. Szprychy z w\u0142\u00f3kna w\u0119glowego s\u0105 bezpo\u015brednio po\u0142\u0105czone z wewn\u0119trzn\u0105 struktur\u0105 \u017ceber, eliminuj\u0105c niepotrzebne zagi\u0119cia i zachowuj\u0105c naturalny przebieg obci\u0105\u017cenia w\u0142\u00f3kien. Pozwala to na wi\u0119ksz\u0105 wytrzyma\u0142o\u015b\u0107 na rozci\u0105ganie, mniejsze zm\u0119czenie materia\u0142u i bardziej bezpo\u015brednie, responsywne po\u0142\u0105czenie mi\u0119dzy rowerzyst\u0105 a drog\u0105.<\/p>\n<p>W rezultacie powsta\u0142a obr\u0119cz, kt\u00f3ra jest l\u017cejsza, sztywniejsza i bardziej wydajna strukturalnie. To decyduj\u0105cy krok naprz\u00f3d w technologii k\u00f3\u0142 kompozytowych.<\/p>\n<p><span style=\"font-weight: 400;\">DANE TECHNICZNE<\/span><\/p>\n<p><span style=\"font-weight: 400;\">Kolor naklejki Standard | Schwarz ED<\/span><\/p>\n<p><span style=\"font-weight: 400;\">\u0141o\u017cyska Standard: \u0141o\u017cyska stalowe | Schwarz ED: \u0141o\u017cyska CeramicSpeed<\/span><\/p>\n<p><span style=\"font-weight: 400;\">Waga zestawu k\u00f3\u0142 1,190 g (+\/- 3%)<\/span><\/p>\n<p><span style=\"font-weight: 400;\">Waga ko\u0142a przedniego 550 g<\/span><\/p>\n<p><span style=\"font-weight: 400;\">Waga ko\u0142a tylnego 640 g<\/span><\/p>\n<p><span style=\"font-weight: 400;\">G\u0142\u0119boko\u015b\u0107 obr\u0119czy 45 mm<\/span><\/p>\n<p><span style=\"font-weight: 400;\">Szeroko\u015b\u0107 wewn\u0119trzna obr\u0119czy 22,9 mm<\/span><\/p>\n<p><span style=\"font-weight: 400;\">Szeroko\u015b\u0107 zewn\u0119trzna obr\u0119czy 28,6 mm<\/span><\/p>\n<p><span style=\"font-weight: 400;\">Konstrukcja obr\u0119czy 700C | zakrzywiona | zamkni\u0119ta obr\u0119cz<\/span><\/p>\n<p><span style=\"font-weight: 400;\">Zoptymalizowany rozmiar opony 28 mm +<\/span><\/p>\n<p><span style=\"font-weight: 400;\">Typ opony Przystosowane do zastosowania bezd\u0119tkowego<\/span><\/p>\n<p><span style=\"font-weight: 400;\">Szprychy 20 Full-Carbon prz\u00f3d\/ty\u0142<\/span><\/p>\n<p><span style=\"font-weight: 400;\">Piasta Penta-Fly | DT SWISS EXP 180<\/span><\/p>\n<p><span style=\"font-weight: 400;\">Systemy wolnobiegu Shimano | Sram | Campa<\/span><\/p>\n<p><span style=\"font-weight: 400;\">Uk\u0142ad hamulcowy Tarcza hamulcowa Centerlock<\/span><\/p>\n<p><span style=\"font-weight: 400;\">Rozstaw 12&#215;100 | 12&#215;142<\/span><\/p>\n<p><span style=\"font-weight: 400;\">Maksymalna waga uk\u0142adu 120 kg<\/span><\/p>\n<p><span style=\"font-weight: 400;\">Gwarancja 5 lat<\/span><\/p>\n<p>&nbsp;<\/p>\n","protected":false},"excerpt":{"rendered":"<p>Najnowszy punkt odniesienia w portfolio Lightweight.<\/p>\n","protected":false},"featured_media":10708,"comment_status":"open","ping_status":"closed","template":"","meta":{"inline_featured_image":false},"product_cat":[80,90,150],"product_tag":[],"class_list":{"0":"post-10707","1":"product","2":"type-product","3":"status-publish","4":"has-post-thumbnail","6":"product_cat-czesci","7":"product_cat-kola","8":"product_cat-lightweight","10":"first","11":"onbackorder","12":"taxable","13":"shipping-taxable","14":"purchasable","15":"product-type-simple"},"_links":{"self":[{"href":"https:\/\/cycling-boutique.com\/index.php?rest_route=\/wp\/v2\/product\/10707","targetHints":{"allow":["GET"]}}],"collection":[{"href":"https:\/\/cycling-boutique.com\/index.php?rest_route=\/wp\/v2\/product"}],"about":[{"href":"https:\/\/cycling-boutique.com\/index.php?rest_route=\/wp\/v2\/types\/product"}],"replies":[{"embeddable":true,"href":"https:\/\/cycling-boutique.com\/index.php?rest_route=%2Fwp%2Fv2%2Fcomments&post=10707"}],"wp:featuredmedia":[{"embeddable":true,"href":"https:\/\/cycling-boutique.com\/index.php?rest_route=\/wp\/v2\/media\/10708"}],"wp:attachment":[{"href":"https:\/\/cycling-boutique.com\/index.php?rest_route=%2Fwp%2Fv2%2Fmedia&parent=10707"}],"wp:term":[{"taxonomy":"product_cat","embeddable":true,"href":"https:\/\/cycling-boutique.com\/index.php?rest_route=%2Fwp%2Fv2%2Fproduct_cat&post=10707"},{"taxonomy":"product_tag","embeddable":true,"href":"https:\/\/cycling-boutique.com\/index.php?rest_route=%2Fwp%2Fv2%2Fproduct_tag&post=10707"}],"curies":[{"name":"wp","href":"https:\/\/api.w.org\/{rel}","templated":true}]}}