{"id":10742,"date":"2025-11-02T11:33:54","date_gmt":"2025-11-02T11:33:54","guid":{"rendered":"https:\/\/nowa.cycling-boutique.com\/?post_type=product&#038;p=10742"},"modified":"2026-01-27T15:09:21","modified_gmt":"2026-01-27T15:09:21","slug":"princeton-carbonworks-dual-5550-evolution","status":"publish","type":"product","link":"https:\/\/cycling-boutique.com\/?product=princeton-carbonworks-dual-5550-evolution","title":{"rendered":"Princeton Carbonworks Dual 5550 Evolution"},"content":{"rendered":"<h2 data-start=\"103\" data-end=\"167\">Ko\u0142a karbonowe klasy premium \u2013 stworzone dok\u0142adnie pod Ciebie<\/h2>\n<p data-start=\"169\" data-end=\"435\">To wy\u015bcigowe ko\u0142a karbonowe najwy\u017cszej klasy zaprojektowane z my\u015bl\u0105 o maksymalnej aerodynamice, sztywno\u015bci i niezawodno\u015bci. Idealne zar\u00f3wno dla ambitnych amator\u00f3w, jak i zawodnik\u00f3w kt\u00f3rzy oczekuj\u0105 sprz\u0119tu dopasowanego w 100 procent do w\u0142asnych potrzeb i stylu jazdy.<\/p>\n<p data-start=\"437\" data-end=\"672\">Ka\u017cdy komplet budowany jest na zam\u00f3wienie z mo\u017cliwo\u015bci\u0105 wyboru piast, b\u0119benka oraz wyko\u0144czenia obr\u0119czy. Dzi\u0119ki temu otrzymujesz ko\u0142a nie tylko szybkie i lekkie, ale r\u00f3wnie\u017c unikalne wizualnie i technicznie dopasowane do Twojego roweru.<\/p>\n<h2 data-start=\"679\" data-end=\"701\">Najwa\u017cniejsze cechy<\/h2>\n<ul data-start=\"703\" data-end=\"958\">\n<li data-start=\"703\" data-end=\"768\">\n<p data-start=\"705\" data-end=\"768\">Aerodynamiczne karbonowe obr\u0119cze o wy\u015bcigowej charakterystyce<\/p>\n<\/li>\n<li data-start=\"769\" data-end=\"820\">\n<p data-start=\"771\" data-end=\"820\">Kompatybilno\u015b\u0107 z nowoczesnymi oponami szosowymi<\/p>\n<\/li>\n<li data-start=\"821\" data-end=\"861\">\n<p data-start=\"823\" data-end=\"861\">System hamulcowy tarczowy Disc Brake<\/p>\n<\/li>\n<li data-start=\"862\" data-end=\"910\">\n<p data-start=\"864\" data-end=\"910\">Mo\u017cliwo\u015b\u0107 pe\u0142nej personalizacji konfiguracji<\/p>\n<\/li>\n<li data-start=\"911\" data-end=\"958\">\n<p data-start=\"913\" data-end=\"958\">R\u0119czne zaplatanie z dba\u0142o\u015bci\u0105 o ka\u017cdy detal<\/p>\n<\/li>\n<\/ul>\n<h2 data-start=\"965\" data-end=\"991\">Specyfikacja techniczna<\/h2>\n<p data-start=\"993\" data-end=\"1015\">Typ hamulca<br data-start=\"1004\" data-end=\"1007\" \/>Tarczowy<\/p>\n<p data-start=\"1017\" data-end=\"1164\">Typ piasty do wyboru<br data-start=\"1037\" data-end=\"1040\" \/>White Industries<br data-start=\"1056\" data-end=\"1059\" \/>DT Swiss 240 EXP<br data-start=\"1075\" data-end=\"1078\" \/>Chris King R45D Ceramic<br data-start=\"1101\" data-end=\"1104\" \/>DT Swiss 180 EXP<br data-start=\"1120\" data-end=\"1123\" \/>Tactic Racing TR02<br data-start=\"1141\" data-end=\"1144\" \/>Tactic Racing TR01<\/p>\n<p data-start=\"1166\" data-end=\"1216\">Korpus b\u0119benka<br data-start=\"1180\" data-end=\"1183\" \/>Shimano<br data-start=\"1190\" data-end=\"1193\" \/>SRAM XDR<br data-start=\"1201\" data-end=\"1204\" \/>Campagnolo<\/p>\n<p data-start=\"1218\" data-end=\"1395\">Wyko\u0144czenie i kolor obr\u0119czy do wyboru<br data-start=\"1255\" data-end=\"1258\" \/>Matte Black<br data-start=\"1269\" data-end=\"1272\" \/>Matte White<br data-start=\"1283\" data-end=\"1286\" \/>Gloss Black<br data-start=\"1297\" data-end=\"1300\" \/>Gloss White<br data-start=\"1311\" data-end=\"1314\" \/>Gloss Chrome<br data-start=\"1326\" data-end=\"1329\" \/>Gloss Gold<br data-start=\"1339\" data-end=\"1342\" \/>Matte Bronze<br data-start=\"1354\" data-end=\"1357\" \/>Matte Lava<br data-start=\"1367\" data-end=\"1370\" \/>Gloss Slate<br data-start=\"1381\" data-end=\"1384\" \/>Gloss Ivy<\/p>\n<h2 data-start=\"1402\" data-end=\"1429\">Waga zestawu przybli\u017cona<\/h2>\n<p data-start=\"1431\" data-end=\"1607\">Tactic Racing TR01 1388 g<br data-start=\"1456\" data-end=\"1459\" \/>DT Swiss 180 EXP CL 1453 g<br data-start=\"1485\" data-end=\"1488\" \/>Tactic Racing TR02 1456 g<br data-start=\"1513\" data-end=\"1516\" \/>DT Swiss 240 EXP CL 1494 g<br data-start=\"1542\" data-end=\"1545\" \/>Chris King R45D Ceramic 1587 g<br data-start=\"1575\" data-end=\"1578\" \/>White Industries CLD 1582 g<\/p>\n<h2 data-start=\"1614\" data-end=\"1635\">Informacja o cenie<\/h2>\n<p data-start=\"1637\" data-end=\"1795\">Podana cena dotyczy konfiguracji na piastach White Industries. Cena ko\u0144cowa mo\u017ce si\u0119 r\u00f3\u017cni\u0107 w zale\u017cno\u015bci od wybranej piasty, b\u0119benka oraz wyko\u0144czenia obr\u0119czy.<\/p>\n<h2 data-start=\"1802\" data-end=\"1829\">Spersonalizuj swoje ko\u0142a<\/h2>\n<p data-start=\"1831\" data-end=\"1858\">Skontaktuj si\u0119 z nami aby<\/p>\n<ul data-start=\"1859\" data-end=\"1999\">\n<li data-start=\"1859\" data-end=\"1904\">\n<p data-start=\"1861\" data-end=\"1904\">dobra\u0107 idealn\u0105 piast\u0119 pod Tw\u00f3j styl jazdy<\/p>\n<\/li>\n<li data-start=\"1905\" data-end=\"1943\">\n<p data-start=\"1907\" data-end=\"1943\">wybra\u0107 kolor i wyko\u0144czenie obr\u0119czy<\/p>\n<\/li>\n<li data-start=\"1944\" data-end=\"1999\">\n<p data-start=\"1946\" data-end=\"1999\">stworzy\u0107 komplet k\u00f3\u0142 dopasowany dok\u0142adnie do Ciebie<\/p>\n<\/li>\n<\/ul>\n<p data-start=\"2001\" data-end=\"2063\">Zbuduj swoje wymarzone ko\u0142a lekkie, szybkie i niepowtarzalne<\/p>\n","protected":false},"excerpt":{"rendered":"<p>Dual 5550 Evolution. 24 mm ko\u0142a wewn\u0119trzne, haczykowe, z profilem o zmiennej g\u0142\u0119boko\u015bci 55-50 mm i opatentowanym systemem Radially Staggered Lacing tworz\u0105 zestaw k\u00f3\u0142, kt\u00f3ry sprawdzi si\u0119 w ka\u017cdej sytuacji.<br \/>\nBezotworowe \u0142o\u017ca opon u\u0142atwiaj\u0105 monta\u017c bezd\u0119tkowy.<br \/>\nDroga. Szuter. Wszystko pomi\u0119dzy. Nasze zobowi\u0105zanie do zapewnienia Ci szybko\u015bci na ka\u017cdej drodze.<\/p>\n","protected":false},"featured_media":10747,"comment_status":"open","ping_status":"closed","template":"","meta":{"inline_featured_image":false},"product_cat":[80,90,145],"product_tag":[],"class_list":{"0":"post-10742","1":"product","2":"type-product","3":"status-publish","4":"has-post-thumbnail","6":"product_cat-czesci","7":"product_cat-kola","8":"product_cat-princeton","10":"first","11":"onbackorder","12":"taxable","13":"shipping-taxable","14":"purchasable","15":"product-type-simple"},"_links":{"self":[{"href":"https:\/\/cycling-boutique.com\/index.php?rest_route=\/wp\/v2\/product\/10742","targetHints":{"allow":["GET"]}}],"collection":[{"href":"https:\/\/cycling-boutique.com\/index.php?rest_route=\/wp\/v2\/product"}],"about":[{"href":"https:\/\/cycling-boutique.com\/index.php?rest_route=\/wp\/v2\/types\/product"}],"replies":[{"embeddable":true,"href":"https:\/\/cycling-boutique.com\/index.php?rest_route=%2Fwp%2Fv2%2Fcomments&post=10742"}],"wp:featuredmedia":[{"embeddable":true,"href":"https:\/\/cycling-boutique.com\/index.php?rest_route=\/wp\/v2\/media\/10747"}],"wp:attachment":[{"href":"https:\/\/cycling-boutique.com\/index.php?rest_route=%2Fwp%2Fv2%2Fmedia&parent=10742"}],"wp:term":[{"taxonomy":"product_cat","embeddable":true,"href":"https:\/\/cycling-boutique.com\/index.php?rest_route=%2Fwp%2Fv2%2Fproduct_cat&post=10742"},{"taxonomy":"product_tag","embeddable":true,"href":"https:\/\/cycling-boutique.com\/index.php?rest_route=%2Fwp%2Fv2%2Fproduct_tag&post=10742"}],"curies":[{"name":"wp","href":"https:\/\/api.w.org\/{rel}","templated":true}]}}