{"id":10758,"date":"2025-11-02T11:50:08","date_gmt":"2025-11-02T11:50:08","guid":{"rendered":"https:\/\/nowa.cycling-boutique.com\/?post_type=product&#038;p=10758"},"modified":"2025-11-02T11:50:08","modified_gmt":"2025-11-02T11:50:08","slug":"thm-clavicula-xc-mtb-170mm","status":"publish","type":"product","link":"https:\/\/cycling-boutique.com\/?product=thm-clavicula-xc-mtb-170mm","title":{"rendered":"THM CLAVICULA XC MTB 170mm"},"content":{"rendered":"<p>DANE TECHNICZNE<br \/>\nWaga 299 g (0,66 funta), bez tarczy<\/p>\n<p>Mocowanie 30mm<\/p>\n<p>Z\u0119batki 4 \u015bruby BCD 104 mm (brak w zestawie), z\u0119by min. 32<\/p>\n<p>Wsp\u00f3\u0142czynnik Q 168 mm<\/p>\n<p>Linia \u0142a\u0144cucha 52 mm (standard Boost)<\/p>\n<p>Szeroko\u015b\u0107 wewn\u0119trzna korb 138 mm<\/p>\n<p>Dost\u0119pne d\u0142ugo\u015bci 170, 172,5 lub 175 mm<\/p>\n<p>Wyko\u0144czenie Twill z w\u0142\u00f3kna w\u0119glowego 3k, lakierowany matowo<\/p>\n<p>Maksymalna dopuszczalna masa ca\u0142kowita 110 kg (243 funty)<\/p>\n","protected":false},"excerpt":{"rendered":"<p>THM CLAVICULA XC to w pe\u0142ni karbonowa korba MTB i nast\u0119pca popularnego modelu CLAVICULA M\u00b3 MTB.<\/p>\n<p>CLAVICULA XC przenosi standard CLAVICULA SE w teren.<\/p>\n","protected":false},"featured_media":10759,"comment_status":"open","ping_status":"closed","template":"","meta":{"inline_featured_image":false},"product_cat":[89,80,155],"product_tag":[],"class_list":{"0":"post-10758","1":"product","2":"type-product","3":"status-publish","4":"has-post-thumbnail","6":"product_cat-bizuteria-rowerowa","7":"product_cat-czesci","8":"product_cat-thm","10":"first","11":"onbackorder","12":"taxable","13":"shipping-taxable","14":"purchasable","15":"product-type-simple"},"_links":{"self":[{"href":"https:\/\/cycling-boutique.com\/index.php?rest_route=\/wp\/v2\/product\/10758","targetHints":{"allow":["GET"]}}],"collection":[{"href":"https:\/\/cycling-boutique.com\/index.php?rest_route=\/wp\/v2\/product"}],"about":[{"href":"https:\/\/cycling-boutique.com\/index.php?rest_route=\/wp\/v2\/types\/product"}],"replies":[{"embeddable":true,"href":"https:\/\/cycling-boutique.com\/index.php?rest_route=%2Fwp%2Fv2%2Fcomments&post=10758"}],"wp:featuredmedia":[{"embeddable":true,"href":"https:\/\/cycling-boutique.com\/index.php?rest_route=\/wp\/v2\/media\/10759"}],"wp:attachment":[{"href":"https:\/\/cycling-boutique.com\/index.php?rest_route=%2Fwp%2Fv2%2Fmedia&parent=10758"}],"wp:term":[{"taxonomy":"product_cat","embeddable":true,"href":"https:\/\/cycling-boutique.com\/index.php?rest_route=%2Fwp%2Fv2%2Fproduct_cat&post=10758"},{"taxonomy":"product_tag","embeddable":true,"href":"https:\/\/cycling-boutique.com\/index.php?rest_route=%2Fwp%2Fv2%2Fproduct_tag&post=10758"}],"curies":[{"name":"wp","href":"https:\/\/api.w.org\/{rel}","templated":true}]}}