{"id":10774,"date":"2025-11-02T12:02:03","date_gmt":"2025-11-02T12:02:03","guid":{"rendered":"https:\/\/nowa.cycling-boutique.com\/?post_type=product&#038;p=10774"},"modified":"2026-01-23T11:09:08","modified_gmt":"2026-01-23T11:09:08","slug":"thm-clavicula-se-road-172-5mm","status":"publish","type":"product","link":"https:\/\/cycling-boutique.com\/?product=thm-clavicula-se-road-172-5mm","title":{"rendered":"THM CLAVICULA SE ROAD"},"content":{"rendered":"<p>DANE TECHNICZNE<br \/>\nWaga (\u00b15%): oko\u0142o 293g.<\/p>\n<p>Monta\u017c o\u015b 30mm<\/p>\n<p>Wyko\u0144czenie GLOSS<\/p>\n<p>Wsp\u00f3\u0142czynnik Q 148 mm<\/p>\n<p>Linia \u0142a\u0144cucha 43,5 mm<\/p>\n<p>Szeroko\u015b\u0107 wewn\u0119trzna korb 118 mm<\/p>\n<p>Dost\u0119pne d\u0142ugo\u015bci 160, 162,5 165, 167,5, 170, 172,5 lub 175 mm<\/p>\n<p>Maksymalna dopuszczalna masa ca\u0142kowita 110 kg<\/p>\n<p>Szukasz innego rozmiaru lub chcesz dobra\u0107 idealne z\u0119batki do korby ? Skontaktuj si\u0119 z nami<\/p>\n","protected":false},"excerpt":{"rendered":"<p>Clavicula sine exceptione \u2014 \u017badna regu\u0142a nie jest bez wyj\u0105tku!<br \/>\nNasza najwy\u017cszej klasy, w pe\u0142ni karbonowa korba ze zintegrowan\u0105 osi\u0105 karbonow\u0105 zosta\u0142a zaprojektowana jak \u017cadna inna.<br \/>\nPodczas prac rozwojowych skupili\u015bmy si\u0119 na optymalizacji jej geometrycznej i strukturalnej wytrzyma\u0142o\u015bci i sztywno\u015bci, w oparciu o precyzyjn\u0105 analiz\u0119 \u015bcie\u017cek obci\u0105\u017cenia.<\/p>\n","protected":false},"featured_media":10765,"comment_status":"open","ping_status":"closed","template":"","meta":{"inline_featured_image":false},"product_cat":[89,80,155],"product_tag":[],"class_list":{"0":"post-10774","1":"product","2":"type-product","3":"status-publish","4":"has-post-thumbnail","6":"product_cat-bizuteria-rowerowa","7":"product_cat-czesci","8":"product_cat-thm","10":"first","11":"instock","12":"taxable","13":"shipping-taxable","14":"purchasable","15":"product-type-variable"},"_links":{"self":[{"href":"https:\/\/cycling-boutique.com\/index.php?rest_route=\/wp\/v2\/product\/10774","targetHints":{"allow":["GET"]}}],"collection":[{"href":"https:\/\/cycling-boutique.com\/index.php?rest_route=\/wp\/v2\/product"}],"about":[{"href":"https:\/\/cycling-boutique.com\/index.php?rest_route=\/wp\/v2\/types\/product"}],"replies":[{"embeddable":true,"href":"https:\/\/cycling-boutique.com\/index.php?rest_route=%2Fwp%2Fv2%2Fcomments&post=10774"}],"wp:featuredmedia":[{"embeddable":true,"href":"https:\/\/cycling-boutique.com\/index.php?rest_route=\/wp\/v2\/media\/10765"}],"wp:attachment":[{"href":"https:\/\/cycling-boutique.com\/index.php?rest_route=%2Fwp%2Fv2%2Fmedia&parent=10774"}],"wp:term":[{"taxonomy":"product_cat","embeddable":true,"href":"https:\/\/cycling-boutique.com\/index.php?rest_route=%2Fwp%2Fv2%2Fproduct_cat&post=10774"},{"taxonomy":"product_tag","embeddable":true,"href":"https:\/\/cycling-boutique.com\/index.php?rest_route=%2Fwp%2Fv2%2Fproduct_tag&post=10774"}],"curies":[{"name":"wp","href":"https:\/\/api.w.org\/{rel}","templated":true}]}}