{"id":10781,"date":"2025-11-02T12:15:43","date_gmt":"2025-11-02T12:15:43","guid":{"rendered":"https:\/\/nowa.cycling-boutique.com\/?post_type=product&#038;p=10781"},"modified":"2026-01-23T11:14:39","modified_gmt":"2026-01-23T11:14:39","slug":"thm-clavicula-se-road-powermeter-172-5mm","status":"publish","type":"product","link":"https:\/\/cycling-boutique.com\/?product=thm-clavicula-se-road-powermeter-172-5mm","title":{"rendered":"THM CLAVICULA SE ROAD POWERMETER"},"content":{"rendered":"<p>Informacje techniczne<br \/>\nKorba: CLAVICULA SE Compact lub Standard<br \/>\nWaga (\u00b15%): 320 g<br \/>\n\u015arednica osi: 30 mm<br \/>\nBCD: 5 \u015brub 110 mm lub 130 mm<br \/>\nPozycja czujnika: Zintegrowany z osi\u0105 (po lewej stronie)<br \/>\nPomiar: Moc, Kadencja, Efektywno\u015b\u0107 momentu obrotowego, P\u0142ynno\u015b\u0107 peda\u0142owania (L)<br \/>\nZakres mocy: 0 W \u2013 1999 W<br \/>\nDok\u0142adno\u015b\u0107: +\/- 2%<br \/>\n\u0141\u0105czno\u015b\u0107: ANT+; Bluetooth LE<br \/>\nPrzeno\u015bny komputer rowerowy lub smartfon kompatybilny z ANT+ lub Bluetooth<br \/>\nAplikacja Team ZWATT Power Meter<br \/>\nProducent modu\u0142u elektrycznego<br \/>\nWska\u017anik SENSITIVUS<br \/>\nOprogramowanie: Aktualizacja oprogramowania za po\u015brednictwem aplikacji<br \/>\nAkumulator: Zintegrowany akumulator litowo-jonowy<br \/>\nCzas pracy: 150 godz.<br \/>\nWodoodporno\u015b\u0107: IP 67<\/p>\n","protected":false},"excerpt":{"rendered":"<p>Nasza najwy\u017cszej klasy, w pe\u0142ni karbonowa korba od lat wyznacza standardy w dziedzinie lekkich zestaw\u00f3w korbowych.<br \/>\nDzi\u0119ki dodaniu czujnik\u00f3w tensometrycznych i niewielkiego, lekkiego modu\u0142u elektronicznego w osi, zasilanego lekkim akumulatorem litowo-jonowym, uda\u0142o nam si\u0119 utrzyma\u0107 dodatkow\u0105 wag\u0119 miernika mocy w naszym Clavicula SE poni\u017cej 27 g.<br \/>\nDzi\u0119ki temu, mo\u017cesz swobodnie korzysta\u0107 z wybranych, lekkich peda\u0142\u00f3w.<\/p>\n","protected":false},"featured_media":10769,"comment_status":"open","ping_status":"closed","template":"","meta":{"inline_featured_image":false},"product_cat":[89,80,155],"product_tag":[],"class_list":{"0":"post-10781","1":"product","2":"type-product","3":"status-publish","4":"has-post-thumbnail","6":"product_cat-bizuteria-rowerowa","7":"product_cat-czesci","8":"product_cat-thm","10":"first","11":"outofstock","12":"taxable","13":"shipping-taxable","14":"purchasable","15":"product-type-variable"},"_links":{"self":[{"href":"https:\/\/cycling-boutique.com\/index.php?rest_route=\/wp\/v2\/product\/10781","targetHints":{"allow":["GET"]}}],"collection":[{"href":"https:\/\/cycling-boutique.com\/index.php?rest_route=\/wp\/v2\/product"}],"about":[{"href":"https:\/\/cycling-boutique.com\/index.php?rest_route=\/wp\/v2\/types\/product"}],"replies":[{"embeddable":true,"href":"https:\/\/cycling-boutique.com\/index.php?rest_route=%2Fwp%2Fv2%2Fcomments&post=10781"}],"wp:featuredmedia":[{"embeddable":true,"href":"https:\/\/cycling-boutique.com\/index.php?rest_route=\/wp\/v2\/media\/10769"}],"wp:attachment":[{"href":"https:\/\/cycling-boutique.com\/index.php?rest_route=%2Fwp%2Fv2%2Fmedia&parent=10781"}],"wp:term":[{"taxonomy":"product_cat","embeddable":true,"href":"https:\/\/cycling-boutique.com\/index.php?rest_route=%2Fwp%2Fv2%2Fproduct_cat&post=10781"},{"taxonomy":"product_tag","embeddable":true,"href":"https:\/\/cycling-boutique.com\/index.php?rest_route=%2Fwp%2Fv2%2Fproduct_tag&post=10781"}],"curies":[{"name":"wp","href":"https:\/\/api.w.org\/{rel}","templated":true}]}}