{"id":10952,"date":"2025-12-06T10:13:28","date_gmt":"2025-12-06T10:13:28","guid":{"rendered":"https:\/\/nowa.cycling-boutique.com\/?post_type=product&#038;p=10952"},"modified":"2026-03-25T09:35:59","modified_gmt":"2026-03-25T09:35:59","slug":"factor-ostro-v-a-m-geometric-54","status":"publish","type":"product","link":"https:\/\/cycling-boutique.com\/?product=factor-ostro-v-a-m-geometric-54","title":{"rendered":"Factor Ostro V.A.M Geometric 54"},"content":{"rendered":"<h3 data-start=\"164\" data-end=\"194\">Specyfikacja i stan roweru<\/h3>\n<p data-start=\"196\" data-end=\"352\">Rower zosta\u0142 wyposa\u017cony w starannie dobrane komponenty klasy premium, zapewniaj\u0105ce najwy\u017csz\u0105 kultur\u0119 pracy, niskie opory toczenia oraz maksymaln\u0105 wydajno\u015b\u0107.<\/p>\n<ul data-start=\"354\" data-end=\"629\">\n<li data-start=\"354\" data-end=\"398\">\n<p data-start=\"356\" data-end=\"398\"><strong data-start=\"356\" data-end=\"366\">Grupa:<\/strong> pe\u0142na <strong data-start=\"373\" data-end=\"396\">Shimano Ultegra Di2 172.5 52\/36 11-34T<\/strong><\/p>\n<\/li>\n<li data-start=\"399\" data-end=\"448\">\n<p data-start=\"401\" data-end=\"448\"><strong data-start=\"401\" data-end=\"412\">Kokpit:<\/strong> zintegrowany <strong data-start=\"426\" data-end=\"446\">Black INC 40\/110<\/strong><\/p>\n<\/li>\n<li data-start=\"449\" data-end=\"505\">\n<p data-start=\"451\" data-end=\"505\"><strong data-start=\"451\" data-end=\"486\">Suport, \u0142o\u017cyska k\u00f3\u0142 oraz stery:<\/strong> <strong data-start=\"487\" data-end=\"503\">CeramicSpeed<\/strong><\/p>\n<\/li>\n<li data-start=\"506\" data-end=\"560\">\n<p data-start=\"508\" data-end=\"560\"><strong data-start=\"508\" data-end=\"536\">W\u00f3zek tylnej przerzutki:<\/strong> <strong data-start=\"537\" data-end=\"558\">CeramicSpeed OSPW<\/strong><\/p>\n<\/li>\n<li data-start=\"561\" data-end=\"594\">\n<p data-start=\"563\" data-end=\"594\"><strong data-start=\"563\" data-end=\"572\">Ko\u0142a:<\/strong> <strong data-start=\"573\" data-end=\"592\">Black INC 48\/58<\/strong><\/p>\n<\/li>\n<li data-start=\"595\" data-end=\"629\">\n<p data-start=\"597\" data-end=\"629\"><strong data-start=\"597\" data-end=\"607\">Opony:<\/strong> <strong data-start=\"608\" data-end=\"629\">Goodyear Eagle F1<\/strong><\/p>\n<\/li>\n<\/ul>\n<p>Informacje dodatkowe<\/p>\n<p data-start=\"662\" data-end=\"790\">Rower by\u0142 u\u017cytkowany jako <strong data-start=\"688\" data-end=\"717\">egzemplarz demo \/ testowy<\/strong> i sprzedawany jest wy\u0142\u0105cznie z powodu zakupu nowego roweru pokazowego.<\/p>\n<ul data-start=\"792\" data-end=\"972\">\n<li data-start=\"792\" data-end=\"824\">\n<p data-start=\"794\" data-end=\"824\"><strong data-start=\"794\" data-end=\"807\">Przebieg:<\/strong> ok. <strong data-start=\"812\" data-end=\"822\">800 km<\/strong><\/p>\n<\/li>\n<li data-start=\"825\" data-end=\"869\">\n<p data-start=\"827\" data-end=\"869\"><strong data-start=\"827\" data-end=\"836\">Stan:<\/strong> <strong data-start=\"837\" data-end=\"852\">perfekcyjny<\/strong>, bez uszkodze\u0144<\/p>\n<\/li>\n<li data-start=\"870\" data-end=\"916\">\n<p data-start=\"872\" data-end=\"916\"><strong data-start=\"872\" data-end=\"900\">Cena nowego egzemplarza:<\/strong> <strong data-start=\"901\" data-end=\"914\">49 999 z\u0142<\/strong><\/p>\n<\/li>\n<li data-start=\"917\" data-end=\"972\">\n<p data-start=\"919\" data-end=\"972\"><strong data-start=\"919\" data-end=\"955\">Warto\u015b\u0107 w\u00f3zka CeramicSpeed OSPW:<\/strong> ok. <strong data-start=\"960\" data-end=\"972\">2 399 z\u0142<\/strong><\/p>\n<\/li>\n<\/ul>\n<p data-start=\"974\" data-end=\"1106\">To wyj\u0105tkowa okazja, aby naby\u0107 rower w niemal fabrycznym stanie, z topowymi komponentami i wyra\u017anie poni\u017cej ceny nowego egzemplarza.<\/p>\n<p data-start=\"1147\" data-end=\"1172\"><strong data-start=\"1147\" data-end=\"1172\">Dodatkowe informacje:<\/strong><\/p>\n<ul data-start=\"1173\" data-end=\"1395\">\n<li data-start=\"1173\" data-end=\"1203\">\n<p data-start=\"1175\" data-end=\"1203\">\u2705 rower <strong data-start=\"1183\" data-end=\"1203\">dost\u0119pny od r\u0119ki<\/strong><\/p>\n<\/li>\n<li data-start=\"1204\" data-end=\"1263\">\n<p data-start=\"1206\" data-end=\"1263\">\u2705 mo\u017cliwo\u015b\u0107 <strong data-start=\"1218\" data-end=\"1263\">dowolnej konfiguracji kokpitu oraz sztycy<\/strong><\/p>\n<\/li>\n<li data-start=\"1264\" data-end=\"1296\">\n<p data-start=\"1266\" data-end=\"1296\">\u2705 <strong data-start=\"1268\" data-end=\"1296\">mo\u017cliwo\u015b\u0107 zakupu na raty<\/strong><\/p>\n<\/li>\n<li data-start=\"1297\" data-end=\"1340\">\n<p data-start=\"1299\" data-end=\"1340\">\u2705 <strong data-start=\"1301\" data-end=\"1340\">mo\u017cliwo\u015b\u0107 leasingu (tak\u017ce dla firm)<\/strong><\/p>\n<\/li>\n<li data-start=\"1341\" data-end=\"1395\">\n<p data-start=\"1343\" data-end=\"1395\">\u2705 gotowy do indywidualnego dopasowania pod zawodnika<\/p>\n<\/li>\n<\/ul>\n<p>&nbsp;<\/p>\n","protected":false},"excerpt":{"rendered":"<p><strong>ZAPROJEKTOWANY Z MY\u015aL\u0104 O SZYBKO\u015aCI<br \/>\n<\/strong>Piekielnie szybki, niesamowicie lekki, sztywny, a przy tym wszystkim niezwykle wygodny.<br \/>\nOSTRO VAM to bardzo uniwersalna propozycja. Jest gotowy do wygrywania sprint\u00f3w, g\u00f3rskich etap\u00f3w, jak i brukowanych klasyk\u00f3w. To najbardziej wszechstronna rama, bezkompromisowa w kwestii wydajno\u015bci i komfortu. Je\u015bli jeste\u015b typem kolarza, kt\u00f3ry \u015bciganie traktuje powa\u017cnie, to jest to rower, na kt\u00f3ry czeka\u0142e\u015b. Kiedy m\u00f3wimy, \u017ce mo\u017cesz mie\u0107 wszystko to w\u0142a\u015bnie dok\u0142adnie to mamy na my\u015bli.<\/p>\n","protected":false},"featured_media":10953,"comment_status":"open","ping_status":"closed","template":"","meta":{"inline_featured_image":false},"product_cat":[100,78,143],"product_tag":[],"class_list":{"0":"post-10952","1":"product","2":"type-product","3":"status-publish","4":"has-post-thumbnail","6":"product_cat-factor","7":"product_cat-rowery","8":"product_cat-demo","10":"first","11":"instock","12":"sold-individually","13":"taxable","14":"shipping-taxable","15":"purchasable","16":"product-type-simple"},"_links":{"self":[{"href":"https:\/\/cycling-boutique.com\/index.php?rest_route=\/wp\/v2\/product\/10952","targetHints":{"allow":["GET"]}}],"collection":[{"href":"https:\/\/cycling-boutique.com\/index.php?rest_route=\/wp\/v2\/product"}],"about":[{"href":"https:\/\/cycling-boutique.com\/index.php?rest_route=\/wp\/v2\/types\/product"}],"replies":[{"embeddable":true,"href":"https:\/\/cycling-boutique.com\/index.php?rest_route=%2Fwp%2Fv2%2Fcomments&post=10952"}],"wp:featuredmedia":[{"embeddable":true,"href":"https:\/\/cycling-boutique.com\/index.php?rest_route=\/wp\/v2\/media\/10953"}],"wp:attachment":[{"href":"https:\/\/cycling-boutique.com\/index.php?rest_route=%2Fwp%2Fv2%2Fmedia&parent=10952"}],"wp:term":[{"taxonomy":"product_cat","embeddable":true,"href":"https:\/\/cycling-boutique.com\/index.php?rest_route=%2Fwp%2Fv2%2Fproduct_cat&post=10952"},{"taxonomy":"product_tag","embeddable":true,"href":"https:\/\/cycling-boutique.com\/index.php?rest_route=%2Fwp%2Fv2%2Fproduct_tag&post=10952"}],"curies":[{"name":"wp","href":"https:\/\/api.w.org\/{rel}","templated":true}]}}