{"id":10972,"date":"2025-12-06T10:23:01","date_gmt":"2025-12-06T10:23:01","guid":{"rendered":"https:\/\/nowa.cycling-boutique.com\/?post_type=product&#038;p=10972"},"modified":"2026-01-14T11:58:28","modified_gmt":"2026-01-14T11:58:28","slug":"factor-ostro-v-a-m-watercolour-52","status":"publish","type":"product","link":"https:\/\/cycling-boutique.com\/?product=factor-ostro-v-a-m-watercolour-52","title":{"rendered":"Factor Ostro V.A.M Watercolour 52 Sram Force AXX Black INC 48\/\/55"},"content":{"rendered":"<h3 data-start=\"85\" data-end=\"108\">Specyfikacja roweru<\/h3>\n<p data-start=\"110\" data-end=\"240\">Rower zosta\u0142 skonfigurowany z my\u015bl\u0105 o maksymalnej wydajno\u015bci, precyzji dzia\u0142ania oraz nowoczesnych rozwi\u0105zaniach technologicznych.<\/p>\n<ul data-start=\"242\" data-end=\"534\">\n<li data-start=\"242\" data-end=\"270\">\n<p data-start=\"244\" data-end=\"270\"><strong data-start=\"244\" data-end=\"261\">Rozmiar ramy:<\/strong> <strong data-start=\"262\" data-end=\"268\">52<\/strong><\/p>\n<\/li>\n<li data-start=\"271\" data-end=\"336\">\n<p data-start=\"273\" data-end=\"336\"><strong data-start=\"273\" data-end=\"283\">Nap\u0119d:<\/strong> <strong data-start=\"284\" data-end=\"302\">SRAM Force AXS<\/strong><\/p>\n<\/li>\n<li data-start=\"337\" data-end=\"408\">\n<p data-start=\"339\" data-end=\"408\"><strong data-start=\"339\" data-end=\"349\">Korba:<\/strong> <strong data-start=\"350\" data-end=\"362\">172,5 mm<\/strong> z pomiarem mocy <strong data-start=\"379\" data-end=\"388\">Quarq<\/strong>, tarcze <strong data-start=\"397\" data-end=\"406\">48\/35<\/strong><\/p>\n<\/li>\n<li data-start=\"409\" data-end=\"434\">\n<p data-start=\"411\" data-end=\"434\"><strong data-start=\"411\" data-end=\"422\">Kaseta:<\/strong> <strong data-start=\"423\" data-end=\"432\">11\u201333<\/strong><\/p>\n<\/li>\n<li data-start=\"435\" data-end=\"488\">\n<p data-start=\"437\" data-end=\"488\"><strong data-start=\"437\" data-end=\"446\">Ko\u0142a:<\/strong> <strong data-start=\"447\" data-end=\"466\">Black INC 48\/58<\/strong> w wersji <strong data-start=\"476\" data-end=\"486\">Silver<\/strong><\/p>\n<\/li>\n<li data-start=\"489\" data-end=\"534\">\n<p data-start=\"491\" data-end=\"534\"><strong data-start=\"491\" data-end=\"502\">Kokpit:<\/strong> zintegrowany <strong data-start=\"516\" data-end=\"534\">38 cm \u00d7 110 mm<\/strong>Informacje dodatkowe<\/p>\n<\/li>\n<\/ul>\n<p data-start=\"726\" data-end=\"852\">\u27a1\ufe0f <strong data-start=\"729\" data-end=\"785\">Istnieje mo\u017cliwo\u015b\u0107 zam\u00f3wienia ramy w innym rozmiarze<\/strong> oraz dopasowania konfiguracji do indywidualnych potrzeb zawodnika.<\/p>\n<p data-start=\"1147\" data-end=\"1172\"><strong data-start=\"1147\" data-end=\"1172\">Dodatkowe informacje:<\/strong><\/p>\n<ul data-start=\"1173\" data-end=\"1395\">\n<li data-start=\"1173\" data-end=\"1203\">\n<p data-start=\"1175\" data-end=\"1203\"><img decoding=\"async\" class=\"emoji\" role=\"img\" draggable=\"false\" src=\"https:\/\/s.w.org\/images\/core\/emoji\/17.0.2\/svg\/2705.svg\" alt=\"\u2705\" \/> rower <strong data-start=\"1183\" data-end=\"1203\">dost\u0119pny od r\u0119ki<\/strong><\/p>\n<\/li>\n<li data-start=\"1204\" data-end=\"1263\">\n<p data-start=\"1206\" data-end=\"1263\"><img decoding=\"async\" class=\"emoji\" role=\"img\" draggable=\"false\" src=\"https:\/\/s.w.org\/images\/core\/emoji\/17.0.2\/svg\/2705.svg\" alt=\"\u2705\" \/> mo\u017cliwo\u015b\u0107 <strong data-start=\"1218\" data-end=\"1263\">dowolnej konfiguracji kokpitu oraz sztycy<\/strong><\/p>\n<\/li>\n<li data-start=\"1264\" data-end=\"1296\">\n<p data-start=\"1266\" data-end=\"1296\"><img decoding=\"async\" class=\"emoji\" role=\"img\" draggable=\"false\" src=\"https:\/\/s.w.org\/images\/core\/emoji\/17.0.2\/svg\/2705.svg\" alt=\"\u2705\" \/> <strong data-start=\"1268\" data-end=\"1296\">mo\u017cliwo\u015b\u0107 zakupu na raty<\/strong><\/p>\n<\/li>\n<li data-start=\"1297\" data-end=\"1340\">\n<p data-start=\"1299\" data-end=\"1340\"><img decoding=\"async\" class=\"emoji\" role=\"img\" draggable=\"false\" src=\"https:\/\/s.w.org\/images\/core\/emoji\/17.0.2\/svg\/2705.svg\" alt=\"\u2705\" \/> <strong data-start=\"1301\" data-end=\"1340\">mo\u017cliwo\u015b\u0107 leasingu (tak\u017ce dla firm)<\/strong><\/p>\n<\/li>\n<li data-start=\"1341\" data-end=\"1395\">\n<p data-start=\"1343\" data-end=\"1395\"><img decoding=\"async\" class=\"emoji\" role=\"img\" draggable=\"false\" src=\"https:\/\/s.w.org\/images\/core\/emoji\/17.0.2\/svg\/2705.svg\" alt=\"\u2705\" \/> gotowy do indywidualnego dopasowania pod zawodnika<\/p>\n<\/li>\n<\/ul>\n","protected":false},"excerpt":{"rendered":"<p><strong>ZAPROJEKTOWANY Z MY\u015aL\u0104 O SZYBKO\u015aCI W WYJ\u0104TKOWYM MALOWANIU WATERCOLOUR<br \/>\n<\/strong>Piekielnie szybki, niesamowicie lekki, sztywny, a przy tym wszystkim niezwykle wygodny.<br \/>\nOSTRO VAM to bardzo uniwersalna propozycja. Jest gotowy do wygrywania sprint\u00f3w, g\u00f3rskich etap\u00f3w, jak i brukowanych klasyk\u00f3w. To najbardziej wszechstronna rama, bezkompromisowa w kwestii wydajno\u015bci i komfortu. Je\u015bli jeste\u015b typem kolarza, kt\u00f3ry \u015bciganie traktuje powa\u017cnie, to jest to rower, na kt\u00f3ry czeka\u0142e\u015b. Kiedy m\u00f3wimy, \u017ce mo\u017cesz mie\u0107 wszystko to w\u0142a\u015bnie dok\u0142adnie to mamy na my\u015bli.<\/p>\n","protected":false},"featured_media":10973,"comment_status":"open","ping_status":"closed","template":"","meta":{"inline_featured_image":false},"product_cat":[100,78],"product_tag":[],"class_list":{"0":"post-10972","1":"product","2":"type-product","3":"status-publish","4":"has-post-thumbnail","6":"product_cat-factor","7":"product_cat-rowery","9":"first","10":"instock","11":"taxable","12":"shipping-taxable","13":"purchasable","14":"product-type-simple"},"_links":{"self":[{"href":"https:\/\/cycling-boutique.com\/index.php?rest_route=\/wp\/v2\/product\/10972","targetHints":{"allow":["GET"]}}],"collection":[{"href":"https:\/\/cycling-boutique.com\/index.php?rest_route=\/wp\/v2\/product"}],"about":[{"href":"https:\/\/cycling-boutique.com\/index.php?rest_route=\/wp\/v2\/types\/product"}],"replies":[{"embeddable":true,"href":"https:\/\/cycling-boutique.com\/index.php?rest_route=%2Fwp%2Fv2%2Fcomments&post=10972"}],"wp:featuredmedia":[{"embeddable":true,"href":"https:\/\/cycling-boutique.com\/index.php?rest_route=\/wp\/v2\/media\/10973"}],"wp:attachment":[{"href":"https:\/\/cycling-boutique.com\/index.php?rest_route=%2Fwp%2Fv2%2Fmedia&parent=10972"}],"wp:term":[{"taxonomy":"product_cat","embeddable":true,"href":"https:\/\/cycling-boutique.com\/index.php?rest_route=%2Fwp%2Fv2%2Fproduct_cat&post=10972"},{"taxonomy":"product_tag","embeddable":true,"href":"https:\/\/cycling-boutique.com\/index.php?rest_route=%2Fwp%2Fv2%2Fproduct_tag&post=10972"}],"curies":[{"name":"wp","href":"https:\/\/api.w.org\/{rel}","templated":true}]}}