{"id":11652,"date":"2026-01-14T11:41:32","date_gmt":"2026-01-14T11:41:32","guid":{"rendered":"https:\/\/cycling-boutique.com\/?post_type=product&#038;p=11652"},"modified":"2026-04-01T13:47:32","modified_gmt":"2026-04-01T13:47:32","slug":"pinarello-grevil-f1-roz-55-shimano-grx-610-comet-silver","status":"publish","type":"product","link":"https:\/\/cycling-boutique.com\/?product=pinarello-grevil-f1-roz-55-shimano-grx-610-comet-silver","title":{"rendered":"PINARELLO GREVIL F1 roz. 55 SHIMANO GRX 610 &#8211; COMET SILVER"},"content":{"rendered":"<h3 data-start=\"2051\" data-end=\"2078\">Specyfikacja techniczna<\/h3>\n<ul data-start=\"2080\" data-end=\"2758\">\n<li data-start=\"2080\" data-end=\"2149\">\n<p data-start=\"2082\" data-end=\"2149\"><strong data-start=\"2082\" data-end=\"2091\">Rama:<\/strong> TORAY T600 UD, TiCR\u2122 internal cable routing, Italian BB roz. 55<\/p>\n<\/li>\n<li data-start=\"2150\" data-end=\"2212\">\n<p data-start=\"2152\" data-end=\"2212\"><strong data-start=\"2152\" data-end=\"2164\">Widelec:<\/strong> F Onda Fork with ForkFlap\u2122, tapered head tube<\/p>\n<\/li>\n<li data-start=\"2213\" data-end=\"2267\">\n<p data-start=\"2215\" data-end=\"2267\"><strong data-start=\"2215\" data-end=\"2237\">Dost\u0119pne rozmiary:<\/strong> 55<\/p>\n<\/li>\n<li data-start=\"2268\" data-end=\"2303\">\n<p data-start=\"2270\" data-end=\"2303\"><strong data-start=\"2270\" data-end=\"2280\">Grupa:<\/strong> Shimano GRX 610 2&#215;12<\/p>\n<\/li>\n<li data-start=\"2304\" data-end=\"2339\">\n<p data-start=\"2306\" data-end=\"2339\"><strong data-start=\"2306\" data-end=\"2316\">Korba:<\/strong> Shimano GRX 610 2&#215;12<\/p>\n<\/li>\n<li data-start=\"2340\" data-end=\"2394\">\n<p data-start=\"2342\" data-end=\"2394\"><strong data-start=\"2342\" data-end=\"2357\">Przerzutki:<\/strong> Shimano GRX 610 2&#215;12 (prz\u00f3d \/ ty\u0142)<\/p>\n<\/li>\n<li data-start=\"2395\" data-end=\"2431\">\n<p data-start=\"2397\" data-end=\"2431\"><strong data-start=\"2397\" data-end=\"2408\">Kaseta:<\/strong> Shimano GRX 610 2&#215;12<\/p>\n<\/li>\n<li data-start=\"2432\" data-end=\"2475\">\n<p data-start=\"2434\" data-end=\"2475\"><strong data-start=\"2434\" data-end=\"2452\">Klamkomanetki:<\/strong> Shimano GRX 610 2&#215;12<\/p>\n<\/li>\n<li data-start=\"2476\" data-end=\"2540\">\n<p data-start=\"2478\" data-end=\"2540\"><strong data-start=\"2478\" data-end=\"2490\">Hamulce:<\/strong> Shimano GRX, zaciski 2-t\u0142oczkowe, tarcze 160 mm<\/p>\n<\/li>\n<li data-start=\"2541\" data-end=\"2571\">\n<p data-start=\"2543\" data-end=\"2571\"><strong data-start=\"2543\" data-end=\"2552\">Ko\u0142a:<\/strong> Fulcrum Soniq AL<\/p>\n<\/li>\n<li data-start=\"2572\" data-end=\"2609\">\n<p data-start=\"2574\" data-end=\"2609\"><strong data-start=\"2574\" data-end=\"2589\">Kierownica:<\/strong> Jaguar XA GR TiCR<\/p>\n<\/li>\n<li data-start=\"2610\" data-end=\"2645\">\n<p data-start=\"2612\" data-end=\"2645\"><strong data-start=\"2612\" data-end=\"2623\">Mostek:<\/strong> Tiger Alu Aero TiCR<\/p>\n<\/li>\n<li data-start=\"2646\" data-end=\"2685\">\n<p data-start=\"2648\" data-end=\"2685\"><strong data-start=\"2648\" data-end=\"2659\">Sztyca:<\/strong> Pinarello Aero Seatpost<\/p>\n<\/li>\n<li data-start=\"2686\" data-end=\"2716\">\n<p data-start=\"2688\" data-end=\"2716\"><strong data-start=\"2688\" data-end=\"2699\">Siod\u0142o:<\/strong> MOST Lynx My26<\/p>\n<\/li>\n<li data-start=\"2717\" data-end=\"2758\">\n<p data-start=\"2719\" data-end=\"2758\"><strong data-start=\"2719\" data-end=\"2729\">Opony:<\/strong> Vittoria Terreno T50 45 mm<\/p>\n<p data-start=\"1147\" data-end=\"1172\"><strong data-start=\"1147\" data-end=\"1172\">Dodatkowe informacje:<\/strong><\/p>\n<ul data-start=\"1173\" data-end=\"1395\">\n<li data-start=\"1173\" data-end=\"1203\">\n<p data-start=\"1175\" data-end=\"1203\">\u2705 rower <strong data-start=\"1183\" data-end=\"1203\">dost\u0119pny od r\u0119ki<\/strong><\/p>\n<\/li>\n<li data-start=\"1204\" data-end=\"1263\">\n<p data-start=\"1206\" data-end=\"1263\">\u2705 mo\u017cliwo\u015b\u0107 <strong data-start=\"1218\" data-end=\"1263\">dowolnej konfiguracji kokpitu oraz sztycy<\/strong><\/p>\n<\/li>\n<li data-start=\"1264\" data-end=\"1296\">\n<p data-start=\"1266\" data-end=\"1296\">\u2705 <strong data-start=\"1268\" data-end=\"1296\">mo\u017cliwo\u015b\u0107 zakupu na raty<\/strong><\/p>\n<\/li>\n<li data-start=\"1297\" data-end=\"1340\">\n<p data-start=\"1299\" data-end=\"1340\">\u2705 <strong data-start=\"1301\" data-end=\"1340\">mo\u017cliwo\u015b\u0107 leasingu (tak\u017ce dla firm)<\/strong><\/p>\n<\/li>\n<li data-start=\"1341\" data-end=\"1395\">\n<p data-start=\"1343\" data-end=\"1395\">\u2705 gotowy do indywidualnego dopasowania pod zawodnika<\/p>\n<\/li>\n<\/ul>\n<\/li>\n<\/ul>\n","protected":false},"excerpt":{"rendered":"<h3 data-start=\"191\" data-end=\"224\">GREVIL F1 \u2013 Shimano GRX 610<\/h3>\n<p data-start=\"225\" data-end=\"267\"><strong data-start=\"225\" data-end=\"267\">Stworzony do pracy w ka\u017cdych warunkach<\/strong><\/p>\n<p data-start=\"269\" data-end=\"570\">Nowa generacja <strong data-start=\"284\" data-end=\"306\">Pinarello Grevil F<\/strong> to rower gravelowy zaprojektowany z my\u015bl\u0105 o d\u0142ugodystansowych wyzwaniach, zmiennych warunkach i maksymalnej wszechstronno\u015bci. Model <strong data-start=\"439\" data-end=\"452\">GREVIL F1<\/strong> \u0142\u0105czy nisk\u0105 mas\u0119, wysok\u0105 aerodynamik\u0119 oraz komfort, pozwalaj\u0105c utrzyma\u0107 tempo niezale\u017cnie od terenu i d\u0142ugo\u015bci trasy.<\/p>\n<p data-start=\"572\" data-end=\"715\">To maszyna stworzona zar\u00f3wno do wy\u015bcig\u00f3w gravelowych, jak i wielodniowych wypraw, gdzie liczy si\u0119 niezawodno\u015b\u0107, stabilno\u015b\u0107 i efektywno\u015b\u0107 jazdy.<\/p>\n","protected":false},"featured_media":11653,"comment_status":"open","ping_status":"closed","template":"","meta":{"inline_featured_image":false},"product_cat":[81,78],"product_tag":[],"class_list":{"0":"post-11652","1":"product","2":"type-product","3":"status-publish","4":"has-post-thumbnail","6":"product_cat-pinarello","7":"product_cat-rowery","9":"first","10":"onbackorder","11":"sold-individually","12":"taxable","13":"shipping-taxable","14":"purchasable","15":"product-type-simple"},"_links":{"self":[{"href":"https:\/\/cycling-boutique.com\/index.php?rest_route=\/wp\/v2\/product\/11652","targetHints":{"allow":["GET"]}}],"collection":[{"href":"https:\/\/cycling-boutique.com\/index.php?rest_route=\/wp\/v2\/product"}],"about":[{"href":"https:\/\/cycling-boutique.com\/index.php?rest_route=\/wp\/v2\/types\/product"}],"replies":[{"embeddable":true,"href":"https:\/\/cycling-boutique.com\/index.php?rest_route=%2Fwp%2Fv2%2Fcomments&post=11652"}],"wp:featuredmedia":[{"embeddable":true,"href":"https:\/\/cycling-boutique.com\/index.php?rest_route=\/wp\/v2\/media\/11653"}],"wp:attachment":[{"href":"https:\/\/cycling-boutique.com\/index.php?rest_route=%2Fwp%2Fv2%2Fmedia&parent=11652"}],"wp:term":[{"taxonomy":"product_cat","embeddable":true,"href":"https:\/\/cycling-boutique.com\/index.php?rest_route=%2Fwp%2Fv2%2Fproduct_cat&post=11652"},{"taxonomy":"product_tag","embeddable":true,"href":"https:\/\/cycling-boutique.com\/index.php?rest_route=%2Fwp%2Fv2%2Fproduct_tag&post=11652"}],"curies":[{"name":"wp","href":"https:\/\/api.w.org\/{rel}","templated":true}]}}