{"id":11718,"date":"2026-01-23T13:16:24","date_gmt":"2026-01-23T13:16:24","guid":{"rendered":"https:\/\/cycling-boutique.com\/?post_type=product&#038;p=11718"},"modified":"2026-02-21T16:50:48","modified_gmt":"2026-02-21T16:50:48","slug":"kola-scope-artech-6","status":"publish","type":"product","link":"https:\/\/cycling-boutique.com\/?product=kola-scope-artech-6","title":{"rendered":"KO\u0141A SCOPE Artech 6"},"content":{"rendered":"<p data-start=\"131\" data-end=\"455\">Po zam\u00f3wieniu prosimy o podanie z jakim b\u0119benkiem maj\u0105 by\u0107 ko\u0142a<br \/>\nDo wyboru:<br \/>\n-Sram XD<br \/>\n-Shimano<br \/>\n-Campagnolo<\/p>\n<p>Dzi\u0119ki profilowi obr\u0119czy o wysoko\u015bci 65 mm i wadze zaledwie 1244 g, <strong data-start=\"199\" data-end=\"211\">Artech 6<\/strong> \u0142\u0105czy najlepsz\u0105 w swojej klasie aerodynamik\u0119 z mas\u0105 typow\u0105 dot\u0105d wy\u0142\u0105cznie dla k\u00f3\u0142 g\u00f3rskich. To zestaw, kt\u00f3ry pozwala bez kompromis\u00f3w pokona\u0107 nawet najtrudniejsze podjazdy Tour de France na ko\u0142ach aerodynamicznych \u2014 bez dodatkowego obci\u0105\u017cenia.<\/p>\n<p data-start=\"457\" data-end=\"820\">Poza znakomit\u0105 aerodynamik\u0105 i wyj\u0105tkowo nisk\u0105 wag\u0105, Artech 6 oferuje wysok\u0105 sztywno\u015b\u0107 boczn\u0105 oraz pe\u0142n\u0105 trwa\u0142o\u015b\u0107, nie rezygnuj\u0105c z niezawodno\u015bci. Wewn\u0119trzna szeroko\u015b\u0107 obr\u0119czy 23 mm (hooked) zosta\u0142a aerodynamicznie zoptymalizowana pod opony 28 mm \u2014 zar\u00f3wno klasyczne, jak i bezd\u0119tkowe \u2014 zapewniaj\u0105c idealny balans mi\u0119dzy niskimi oporami toczenia a komfortem jazdy.<\/p>\n<p data-start=\"822\" data-end=\"996\"><strong data-start=\"822\" data-end=\"832\">Artech<\/strong> prze\u0142amuje bran\u017cowe standardy, dostarczaj\u0105c bezkonkurencyjn\u0105 wydajno\u015b\u0107 i tworz\u0105c zestawy k\u00f3\u0142, kt\u00f3re wyznaczaj\u0105 nowy punkt odniesienia na rynku \u2014 zawsze i wsz\u0119dzie.<\/p>\n","protected":false},"excerpt":{"rendered":"<p>Dzi\u0119ki profilowi obr\u0119czy 65 mm oraz wadze wynosz\u0105cej jedynie 1244 g, Artech 6 \u0142\u0105czy doskona\u0142\u0105 aerodynamik\u0119 z mas\u0105 charakterystyczn\u0105 dot\u0105d g\u0142\u00f3wnie dla k\u00f3\u0142 przeznaczonych do jazdy g\u00f3rskiej.<\/p>\n","protected":false},"featured_media":11723,"comment_status":"open","ping_status":"closed","template":"","meta":{"inline_featured_image":false},"product_cat":[90,147],"product_tag":[],"class_list":{"0":"post-11718","1":"product","2":"type-product","3":"status-publish","4":"has-post-thumbnail","6":"product_cat-kola","7":"product_cat-scope","9":"first","10":"instock","11":"taxable","12":"shipping-taxable","13":"purchasable","14":"product-type-variable"},"_links":{"self":[{"href":"https:\/\/cycling-boutique.com\/index.php?rest_route=\/wp\/v2\/product\/11718","targetHints":{"allow":["GET"]}}],"collection":[{"href":"https:\/\/cycling-boutique.com\/index.php?rest_route=\/wp\/v2\/product"}],"about":[{"href":"https:\/\/cycling-boutique.com\/index.php?rest_route=\/wp\/v2\/types\/product"}],"replies":[{"embeddable":true,"href":"https:\/\/cycling-boutique.com\/index.php?rest_route=%2Fwp%2Fv2%2Fcomments&post=11718"}],"wp:featuredmedia":[{"embeddable":true,"href":"https:\/\/cycling-boutique.com\/index.php?rest_route=\/wp\/v2\/media\/11723"}],"wp:attachment":[{"href":"https:\/\/cycling-boutique.com\/index.php?rest_route=%2Fwp%2Fv2%2Fmedia&parent=11718"}],"wp:term":[{"taxonomy":"product_cat","embeddable":true,"href":"https:\/\/cycling-boutique.com\/index.php?rest_route=%2Fwp%2Fv2%2Fproduct_cat&post=11718"},{"taxonomy":"product_tag","embeddable":true,"href":"https:\/\/cycling-boutique.com\/index.php?rest_route=%2Fwp%2Fv2%2Fproduct_tag&post=11718"}],"curies":[{"name":"wp","href":"https:\/\/api.w.org\/{rel}","templated":true}]}}