{"id":11725,"date":"2026-01-23T13:23:23","date_gmt":"2026-01-23T13:23:23","guid":{"rendered":"https:\/\/cycling-boutique.com\/?post_type=product&#038;p=11725"},"modified":"2026-01-23T13:23:23","modified_gmt":"2026-01-23T13:23:23","slug":"scope-artech-4","status":"publish","type":"product","link":"https:\/\/cycling-boutique.com\/?product=scope-artech-4","title":{"rendered":"SCOPE ARTECH 4"},"content":{"rendered":"<p data-start=\"0\" data-end=\"75\">Po zakupie prosimy o wyb\u00f3r b\u0119benka do wyboru:<br \/>\n-Sram XD<br \/>\n-Shimano<br \/>\n-Campagnolo<\/p>\n<p data-start=\"77\" data-end=\"424\">Dzi\u0119ki obr\u0119czy o profilu 45 mm oraz wadze zestawu wynosz\u0105cej zaledwie 1200 g, Artech 4 \u0142\u0105czy ultralekko\u015b\u0107 z doskona\u0142\u0105 aerodynamik\u0105 oraz wysok\u0105 stabilno\u015bci\u0105 przy bocznym wietrze. To idealny zestaw k\u00f3\u0142 do wspinaczki w Alpach i Pirenejach, tak\u017ce przy nieprzewidywalnych podmuchach wiatru \u2014 zar\u00f3wno na asfalcie, jak i na g\u0142adkich drogach szutrowych.<\/p>\n<p data-start=\"426\" data-end=\"692\">Poza ekstremalnie nisk\u0105 wag\u0105 i korzy\u015bciami aerodynamicznymi, Artech 4 oferuje wysok\u0105 sztywno\u015b\u0107 boczn\u0105, nie rezygnuj\u0105c z trwa\u0142o\u015bci. Wewn\u0119trzna szeroko\u015b\u0107 obr\u0119czy 25 mm (hooked) zosta\u0142a aerodynamicznie zoptymalizowana pod opony szosowe i gravelowe o szeroko\u015bci 30 mm.<\/p>\n<p data-start=\"694\" data-end=\"841\">My\u015blimy nieszablonowo \u2014 kreatywnie i z nowej perspektywy. Jako pionierzy nowoczesnych technologii wprowadzamy \u015bwie\u017ce podej\u015bcie do bran\u017cy rowerowej.<\/p>\n<p data-start=\"843\" data-end=\"1013\"><strong data-start=\"843\" data-end=\"853\">Artech<\/strong> prze\u0142amuje bran\u017cowe standardy, oferuj\u0105c bezkonkurencyjn\u0105 wydajno\u015b\u0107 i tworz\u0105c jedne z najlepszych zestaw\u00f3w k\u00f3\u0142 na rynku \u2014 zawsze wtedy, gdy liczy si\u0119 ka\u017cdy wat.<\/p>\n","protected":false},"excerpt":{"rendered":"<p>Dzi\u0119ki obr\u0119czy o profilu 45 mm oraz wadze zestawu wynosz\u0105cej jedynie 1200 g, Artech 4 \u0142\u0105czy ultralekko\u015b\u0107 z doskona\u0142\u0105 aerodynamik\u0105 oraz wysok\u0105 stabilno\u015bci\u0105 przy bocznym wietrze.<\/p>\n","protected":false},"featured_media":11726,"comment_status":"open","ping_status":"closed","template":"","meta":{"inline_featured_image":false},"product_cat":[80,90,147],"product_tag":[],"class_list":{"0":"post-11725","1":"product","2":"type-product","3":"status-publish","4":"has-post-thumbnail","6":"product_cat-czesci","7":"product_cat-kola","8":"product_cat-scope","10":"first","11":"instock","12":"taxable","13":"shipping-taxable","14":"purchasable","15":"product-type-variable"},"_links":{"self":[{"href":"https:\/\/cycling-boutique.com\/index.php?rest_route=\/wp\/v2\/product\/11725","targetHints":{"allow":["GET"]}}],"collection":[{"href":"https:\/\/cycling-boutique.com\/index.php?rest_route=\/wp\/v2\/product"}],"about":[{"href":"https:\/\/cycling-boutique.com\/index.php?rest_route=\/wp\/v2\/types\/product"}],"replies":[{"embeddable":true,"href":"https:\/\/cycling-boutique.com\/index.php?rest_route=%2Fwp%2Fv2%2Fcomments&post=11725"}],"wp:featuredmedia":[{"embeddable":true,"href":"https:\/\/cycling-boutique.com\/index.php?rest_route=\/wp\/v2\/media\/11726"}],"wp:attachment":[{"href":"https:\/\/cycling-boutique.com\/index.php?rest_route=%2Fwp%2Fv2%2Fmedia&parent=11725"}],"wp:term":[{"taxonomy":"product_cat","embeddable":true,"href":"https:\/\/cycling-boutique.com\/index.php?rest_route=%2Fwp%2Fv2%2Fproduct_cat&post=11725"},{"taxonomy":"product_tag","embeddable":true,"href":"https:\/\/cycling-boutique.com\/index.php?rest_route=%2Fwp%2Fv2%2Fproduct_tag&post=11725"}],"curies":[{"name":"wp","href":"https:\/\/api.w.org\/{rel}","templated":true}]}}