{"id":11732,"date":"2026-01-23T13:31:01","date_gmt":"2026-01-23T13:31:01","guid":{"rendered":"https:\/\/cycling-boutique.com\/?post_type=product&#038;p=11732"},"modified":"2026-01-23T13:31:01","modified_gmt":"2026-01-23T13:31:01","slug":"scope-artech-gravel-4-g","status":"publish","type":"product","link":"https:\/\/cycling-boutique.com\/?product=scope-artech-gravel-4-g","title":{"rendered":"SCOPE ARTECH GRAVEL 4.G"},"content":{"rendered":"<p>Po zakupie prosimy o wyb\u00f3r b\u0119benka do wyboru:<br \/>\n-Sram XD<br \/>\n-Shimano<\/p>\n<p>Opr\u00f3cz najlepszej w swojej klasie aerodynamiki i ekstremalnie niskiej wagi, Artech 4.G oferuje wysok\u0105 sztywno\u015b\u0107 boczn\u0105 oraz pe\u0142n\u0105 niezawodno\u015b\u0107. Bezhakowa obr\u0119cz o wewn\u0119trznej szeroko\u015bci 28 mm zosta\u0142a zoptymalizowana pod szerok\u0105 gam\u0119 opon gravelowych o szeroko\u015bci od 35 do 83 mm, zapewniaj\u0105c maksymaln\u0105 przyczepno\u015b\u0107, komfort i wydajno\u015b\u0107 na ka\u017cdym rodzaju nawierzchni.<\/p>\n","protected":false},"excerpt":{"rendered":"<p>Dzi\u0119ki obr\u0119czy o profilu 45 mm i wadze zaledwie 1150 g, <strong data-start=\"194\" data-end=\"208\">Artech 4.G<\/strong> to najszybszy i najl\u017cejszy aerodynamiczny zestaw k\u00f3\u0142 gravelowych, zaprojektowany z my\u015bl\u0105 o czystym gravelu \u2014 bez kompromis\u00f3w w zakresie sztywno\u015bci i trwa\u0142o\u015bci.<\/p>\n","protected":false},"featured_media":11733,"comment_status":"open","ping_status":"closed","template":"","meta":{"inline_featured_image":false},"product_cat":[80,90,147],"product_tag":[],"class_list":{"0":"post-11732","1":"product","2":"type-product","3":"status-publish","4":"has-post-thumbnail","6":"product_cat-czesci","7":"product_cat-kola","8":"product_cat-scope","10":"first","11":"instock","12":"taxable","13":"shipping-taxable","14":"purchasable","15":"product-type-variable"},"_links":{"self":[{"href":"https:\/\/cycling-boutique.com\/index.php?rest_route=\/wp\/v2\/product\/11732","targetHints":{"allow":["GET"]}}],"collection":[{"href":"https:\/\/cycling-boutique.com\/index.php?rest_route=\/wp\/v2\/product"}],"about":[{"href":"https:\/\/cycling-boutique.com\/index.php?rest_route=\/wp\/v2\/types\/product"}],"replies":[{"embeddable":true,"href":"https:\/\/cycling-boutique.com\/index.php?rest_route=%2Fwp%2Fv2%2Fcomments&post=11732"}],"wp:featuredmedia":[{"embeddable":true,"href":"https:\/\/cycling-boutique.com\/index.php?rest_route=\/wp\/v2\/media\/11733"}],"wp:attachment":[{"href":"https:\/\/cycling-boutique.com\/index.php?rest_route=%2Fwp%2Fv2%2Fmedia&parent=11732"}],"wp:term":[{"taxonomy":"product_cat","embeddable":true,"href":"https:\/\/cycling-boutique.com\/index.php?rest_route=%2Fwp%2Fv2%2Fproduct_cat&post=11732"},{"taxonomy":"product_tag","embeddable":true,"href":"https:\/\/cycling-boutique.com\/index.php?rest_route=%2Fwp%2Fv2%2Fproduct_tag&post=11732"}],"curies":[{"name":"wp","href":"https:\/\/api.w.org\/{rel}","templated":true}]}}