{"id":11742,"date":"2026-01-24T10:10:51","date_gmt":"2026-01-24T10:10:51","guid":{"rendered":"https:\/\/cycling-boutique.com\/?post_type=product&#038;p=11742"},"modified":"2026-01-24T10:13:16","modified_gmt":"2026-01-24T10:13:16","slug":"colnago-y1rs-rainbow-black-roz-m","status":"publish","type":"product","link":"https:\/\/cycling-boutique.com\/produkt\/colnago-y1rs-rainbow-black-roz-m\/","title":{"rendered":"Colnago Y1Rs Rainbow Black roz M"},"content":{"rendered":"<p>Specyfikacja:<br \/>\nModel: Colnago Y1Rs Rainbow Black<br \/>\nNap\u0119d: Shimano Dura-Ace Di2<br \/>\nKo\u0142a: ENVE SES 4.5 Carbon<br \/>\nKategoria: High-End Aero \/ Race<br \/>\nStan: Nowy Rozmiar:\u00a0 M,<br \/>\nZdj\u0119cia s\u0142u\u017c\u0105 wy\u0142\u0105cznie jako przyk\u0142ad mo\u017cliwej konfiguracji.\u00a0 Miernik mocy mog\u0105 zosta\u0107 dokupione za dodatkow\u0105 op\u0142at\u0105. Ten rower jest skierowany do ambitnych kolarzy, kt\u00f3rzy szukaj\u0105 wyj\u0105tkowej konfiguracji \u2013 zar\u00f3wno pod wzgl\u0119dem technicznym, jak i wizualnym. W celu uzyskania porady, doboru rozmiaru oraz dopasowania ustawie\u0144 zapraszamy do kontaktu mailowego lub telefonicznego.<\/p>\n<p>Rower dost\u0119pny na zam\u00f3wienie czas realizacji oko\u0142o 5-7dni roboczych.<\/p>\n<p><strong>Dodatkowe informacje:<\/strong><\/p>\n<ul>\n<li>rower <strong>dost\u0119pny od r\u0119ki<\/strong><\/li>\n<li>mo\u017cliwo\u015b\u0107 <strong>dowolnej konfiguracji kokpitu oraz sztycy<\/strong><\/li>\n<li><strong>mo\u017cliwo\u015b\u0107 zakupu na raty<\/strong><\/li>\n<li><strong>mo\u017cliwo\u015b\u0107 leasingu (tak\u017ce dla firm)<\/strong><\/li>\n<li>gotowy do indywidualnego dopasowania pod zawodnika<\/li>\n<\/ul>\n","protected":false},"excerpt":{"rendered":"<p>Na sprzeda\u017c \u017c\u00f3\u0142ty Colnago Y1Rs w ekskluzywnej edycji Rainbow Black<br \/>\nRower Poga\u010dara \u2013 dla kolekcjoner\u00f3w, entuzjast\u00f3w lub jako inwestycja kapita\u0142owa. Ten kolor by\u0142 dost\u0119pny wy\u0142\u0105cznie w limitowanej edycji.<br \/>\nWyposa\u017cony w Shimano Dura-Ace Di2 ,karbonowe ko\u0142a ENVE- rower ten oznacza maksymaln\u0105 wy\u015bcigow\u0105 estetyk\u0119.<\/p>\n","protected":false},"featured_media":11743,"comment_status":"open","ping_status":"closed","template":"","meta":{"inline_featured_image":false},"product_cat":[138,78,142],"product_tag":[],"class_list":{"0":"post-11742","1":"product","2":"type-product","3":"status-publish","4":"has-post-thumbnail","6":"product_cat-colnago","7":"product_cat-rowery","8":"product_cat-szosa","10":"first","11":"instock","12":"taxable","13":"shipping-taxable","14":"purchasable","15":"product-type-simple"},"_links":{"self":[{"href":"https:\/\/cycling-boutique.com\/wp-json\/wp\/v2\/product\/11742","targetHints":{"allow":["GET"]}}],"collection":[{"href":"https:\/\/cycling-boutique.com\/wp-json\/wp\/v2\/product"}],"about":[{"href":"https:\/\/cycling-boutique.com\/wp-json\/wp\/v2\/types\/product"}],"replies":[{"embeddable":true,"href":"https:\/\/cycling-boutique.com\/wp-json\/wp\/v2\/comments?post=11742"}],"wp:featuredmedia":[{"embeddable":true,"href":"https:\/\/cycling-boutique.com\/wp-json\/wp\/v2\/media\/11743"}],"wp:attachment":[{"href":"https:\/\/cycling-boutique.com\/wp-json\/wp\/v2\/media?parent=11742"}],"wp:term":[{"taxonomy":"product_cat","embeddable":true,"href":"https:\/\/cycling-boutique.com\/wp-json\/wp\/v2\/product_cat?post=11742"},{"taxonomy":"product_tag","embeddable":true,"href":"https:\/\/cycling-boutique.com\/wp-json\/wp\/v2\/product_tag?post=11742"}],"curies":[{"name":"wp","href":"https:\/\/api.w.org\/{rel}","templated":true}]}}