{"id":11839,"date":"2026-01-24T11:31:10","date_gmt":"2026-01-24T11:31:10","guid":{"rendered":"https:\/\/cycling-boutique.com\/?post_type=product&#038;p=11839"},"modified":"2026-01-24T11:36:48","modified_gmt":"2026-01-24T11:36:48","slug":"korba-srm-thm","status":"publish","type":"product","link":"https:\/\/cycling-boutique.com\/?product=korba-srm-thm","title":{"rendered":"KORBA SRM THM"},"content":{"rendered":"<h2 data-start=\"175\" data-end=\"201\">Miernik mocy SRM Origin<\/h2>\n<p data-start=\"203\" data-end=\"521\"><strong data-start=\"203\" data-end=\"228\">SRM Origin PowerMeter<\/strong> to miernik mocy zaprojektowany w ca\u0142o\u015bci przez SRM \u2013 tw\u00f3rc\u00f3w pierwszego miernika mocy na rynku. Urz\u0105dzenie oparte jest na <strong data-start=\"351\" data-end=\"376\">modu\u0142owej konstrukcji<\/strong>, oferuj\u0105cej niemal nieograniczon\u0105 kompatybilno\u015b\u0107 dzi\u0119ki wymiennym osiom oraz korbom, co pozwala na monta\u017c w praktycznie ka\u017cdym rowerze szosowym.<\/p>\n<p data-start=\"523\" data-end=\"823\">Osie, korby oraz tarcze mog\u0105 by\u0107 konfigurowane zgodnie z indywidualnymi potrzebami u\u017cytkownika. Wraz ze zmian\u0105 wymaga\u0144 treningowych komponenty te mo\u017cna w prosty spos\u00f3b wymieni\u0107 lub zmodernizowa\u0107. <strong data-start=\"719\" data-end=\"767\">SRM Origin rozwija si\u0119 razem z u\u017cytkownikiem<\/strong>, pozostaj\u0105c jego partnerem treningowym przez wiele lat.<\/p>\n<h4 data-start=\"1832\" data-end=\"1844\"><strong data-start=\"1837\" data-end=\"1844\">THM<\/strong><\/h4>\n<p data-start=\"1845\" data-end=\"2067\">THM oferuje jedne z najwy\u017cszej jako\u015bci w\u0142\u00f3kien w\u0119glowych na rynku kolarskim. Wariant Origin THM jest <strong data-start=\"1946\" data-end=\"1965\">niezwykle lekki<\/strong>, a jednocze\u015bnie bardzo sztywny i trwa\u0142y. To najl\u017cejsza w pe\u0142ni modu\u0142owa opcja korb w systemie Origin.<\/p>\n<ul data-start=\"2069\" data-end=\"2126\">\n<li data-start=\"2069\" data-end=\"2105\">\n<p data-start=\"2071\" data-end=\"2105\">Waga: 218 g (wszystkie rozmiary)<\/p>\n<\/li>\n<li data-start=\"2106\" data-end=\"2126\">\n<p data-start=\"2108\" data-end=\"2126\">Q-Factor: 151 mm<\/p>\n<p>*z\u0119batki widoczne na zdj\u0119ciu s\u0105 dodatkowo p\u0142atne<br \/>\n*mo\u017cliwo\u015b\u0107 zakupu z osi\u0105 tytanow\u0105 dop\u0142ata 1500z\u0142<\/p>\n<\/li>\n<\/ul>\n<h3 data-start=\"2364\" data-end=\"2382\">Kompatybilno\u015b\u0107<\/h3>\n<p data-start=\"2384\" data-end=\"2492\">Dzi\u0119ki modu\u0142owej konstrukcji miernik mocy <strong data-start=\"2426\" data-end=\"2440\">SRM Origin<\/strong> jest kompatybilny z nast\u0119puj\u0105cymi grupami osprz\u0119tu:<\/p>\n<ul data-start=\"2494\" data-end=\"2662\">\n<li data-start=\"2494\" data-end=\"2594\">\n<p data-start=\"2496\" data-end=\"2594\">Shimano Dura-Ace, Shimano Ultegra, Shimano 105 oraz Shimano GRX<br data-start=\"2559\" data-end=\"2562\" \/><em data-start=\"2564\" data-end=\"2592\">(wymagana wymiana suportu)<\/em><\/p>\n<\/li>\n<li data-start=\"2595\" data-end=\"2662\">\n<p data-start=\"2597\" data-end=\"2662\">SRAM Rival eTap AXS, SRAM Force eTap AXS oraz SRAM RED eTap AXS<\/p>\n<\/li>\n<\/ul>\n<h2 data-start=\"2669\" data-end=\"2705\">SRM PowerMeter 9 \u2013 nowa generacja<\/h2>\n<p data-start=\"2707\" data-end=\"3011\">Mierniki mocy SRM Spider stanowi\u0105 <strong data-start=\"2741\" data-end=\"2776\">pocz\u0105tek mobilnego pomiaru mocy<\/strong>. Od 1986 roku firma SRM nieustannie rozwija swoje produkty, spe\u0142niaj\u0105c coraz wy\u017csze wymagania w zakresie technologii, dok\u0142adno\u015bci i niezawodno\u015bci. Z tego powodu mierniki SRM uznawane s\u0105 za <strong data-start=\"2966\" data-end=\"3010\">z\u0142oty standard treningu opartego na mocy<\/strong>.<\/p>\n<p data-start=\"3013\" data-end=\"3274\"><strong data-start=\"3013\" data-end=\"3042\">Dziewi\u0105ta generacja (PM9)<\/strong> to najbardziej zaawansowany miernik mocy SRM w historii. Sprawdzona konstrukcja zosta\u0142a wzbogacona o nowoczesne funkcje, kt\u00f3re czyni\u0105 urz\u0105dzenie <strong data-start=\"3188\" data-end=\"3273\">\u0142atwiejszym w obs\u0142udze, jeszcze dok\u0142adniejszym, trwalszym i lepiej skomunikowanym<\/strong>.<\/p>\n<p data-start=\"3276\" data-end=\"3539\">Dzi\u0119ki po\u0142\u0105czeniu pomiaru k\u0105ta oraz momentu obrotowego, PM9 oferuje wy\u017csz\u0105 dok\u0142adno\u015b\u0107 przy bardzo niskiej kadencji, a zastosowanie owalnych tarcz nie wp\u0142ywa na rejestrowane dane. Zintegrowany czujnik temperatury zapewnia maksymaln\u0105 precyzj\u0119 w zmiennych warunkach.<\/p>\n<p data-start=\"3541\" data-end=\"3762\">U\u017cytkownik ma dost\u0119p do danych takich jak <strong data-start=\"3583\" data-end=\"3615\">balans lewa\/prawa noga (L\/R)<\/strong> oraz <strong data-start=\"3621\" data-end=\"3652\">\u0142\u0105czna p\u0142ynno\u015b\u0107 peda\u0142owania<\/strong>. Zastosowanie <strong data-start=\"3667\" data-end=\"3712\">8 tensometr\u00f3w oraz 16 punkt\u00f3w pomiarowych<\/strong> gwarantuje najwy\u017csz\u0105 dok\u0142adno\u015b\u0107 pomiaru w bran\u017cy.<\/p>\n<h3 data-start=\"3769\" data-end=\"3791\">\u0141\u0105czno\u015b\u0107 i obs\u0142uga<\/h3>\n<p data-start=\"3793\" data-end=\"3890\">PowerMeter 9 oferuje szereg udoskonale\u0144 u\u017cytkowych, w tym <strong data-start=\"3851\" data-end=\"3889\">pomiar kadencji bez u\u017cycia magnesu<\/strong>.<\/p>\n<ul data-start=\"3892\" data-end=\"4197\">\n<li data-start=\"3892\" data-end=\"3932\">\n<p data-start=\"3894\" data-end=\"3932\">\u0142\u0105czno\u015b\u0107: <strong data-start=\"3904\" data-end=\"3930\">ANT+ oraz Bluetooth LE<\/strong><\/p>\n<\/li>\n<li data-start=\"3933\" data-end=\"3986\">\n<p data-start=\"3935\" data-end=\"3986\">kompatybilno\u015b\u0107 z wi\u0119kszo\u015bci\u0105 licznik\u00f3w rowerowych<\/p>\n<\/li>\n<li data-start=\"3987\" data-end=\"4197\">\n<p data-start=\"3989\" data-end=\"4032\">dedykowana aplikacja mobilna umo\u017cliwiaj\u0105ca:<\/p>\n<ul data-start=\"4035\" data-end=\"4197\">\n<li data-start=\"4035\" data-end=\"4094\">\n<p data-start=\"4037\" data-end=\"4094\">podgl\u0105d danych momentu obrotowego w czasie rzeczywistym<\/p>\n<\/li>\n<li data-start=\"4097\" data-end=\"4123\">\n<p data-start=\"4099\" data-end=\"4123\">kontrol\u0119 stanu baterii<\/p>\n<\/li>\n<li data-start=\"4126\" data-end=\"4157\">\n<p data-start=\"4128\" data-end=\"4157\">aktualizacje oprogramowania<\/p>\n<\/li>\n<li data-start=\"4160\" data-end=\"4197\">\n<p data-start=\"4162\" data-end=\"4197\">dost\u0119p do zaawansowanych ustawie\u0144<\/p>\n<\/li>\n<\/ul>\n<\/li>\n<\/ul>\n","protected":false},"excerpt":{"rendered":"<h3><strong data-start=\"203\" data-end=\"228\">SRM Origin PowerMeter<\/strong> to miernik mocy zaprojektowany w ca\u0142o\u015bci przez SRM \u2013 tw\u00f3rc\u00f3w pierwszego miernika mocy na rynku. Urz\u0105dzenie oparte jest na <strong data-start=\"351\" data-end=\"376\">modu\u0142owej konstrukcji<\/strong>, oferuj\u0105cej niemal nieograniczon\u0105 kompatybilno\u015b\u0107 dzi\u0119ki wymiennym osiom oraz korbom, co pozwala na monta\u017c w praktycznie ka\u017cdym rowerze szosowym.<\/h3>\n","protected":false},"featured_media":11847,"comment_status":"open","ping_status":"closed","template":"","meta":{"inline_featured_image":false},"product_cat":[89,80,156],"product_tag":[],"class_list":{"0":"post-11839","1":"product","2":"type-product","3":"status-publish","4":"has-post-thumbnail","6":"product_cat-bizuteria-rowerowa","7":"product_cat-czesci","8":"product_cat-srm","10":"first","11":"outofstock","12":"taxable","13":"shipping-taxable","14":"purchasable","15":"product-type-variable"},"_links":{"self":[{"href":"https:\/\/cycling-boutique.com\/index.php?rest_route=\/wp\/v2\/product\/11839","targetHints":{"allow":["GET"]}}],"collection":[{"href":"https:\/\/cycling-boutique.com\/index.php?rest_route=\/wp\/v2\/product"}],"about":[{"href":"https:\/\/cycling-boutique.com\/index.php?rest_route=\/wp\/v2\/types\/product"}],"replies":[{"embeddable":true,"href":"https:\/\/cycling-boutique.com\/index.php?rest_route=%2Fwp%2Fv2%2Fcomments&post=11839"}],"wp:featuredmedia":[{"embeddable":true,"href":"https:\/\/cycling-boutique.com\/index.php?rest_route=\/wp\/v2\/media\/11847"}],"wp:attachment":[{"href":"https:\/\/cycling-boutique.com\/index.php?rest_route=%2Fwp%2Fv2%2Fmedia&parent=11839"}],"wp:term":[{"taxonomy":"product_cat","embeddable":true,"href":"https:\/\/cycling-boutique.com\/index.php?rest_route=%2Fwp%2Fv2%2Fproduct_cat&post=11839"},{"taxonomy":"product_tag","embeddable":true,"href":"https:\/\/cycling-boutique.com\/index.php?rest_route=%2Fwp%2Fv2%2Fproduct_tag&post=11839"}],"curies":[{"name":"wp","href":"https:\/\/api.w.org\/{rel}","templated":true}]}}