{"id":11909,"date":"2026-01-26T16:35:21","date_gmt":"2026-01-26T16:35:21","guid":{"rendered":"https:\/\/cycling-boutique.com\/?post_type=product&#038;p=11909"},"modified":"2026-01-26T16:41:51","modified_gmt":"2026-01-26T16:41:51","slug":"ospw-rs-5-spoke-for-shimano-9250-8150","status":"publish","type":"product","link":"https:\/\/cycling-boutique.com\/?product=ospw-rs-5-spoke-for-shimano-9250-8150","title":{"rendered":"W\u00f3zek Ceramicspeed OSPW RS 5-Spoke for Shimano 9250\/8150"},"content":{"rendered":"<h3 data-start=\"152\" data-end=\"214\">OSPW RS Shimano Road \u2013 nowa definicja wydajno\u015bci i designu<\/h3>\n<p data-start=\"216\" data-end=\"536\">OSPW RS do szosowych grup Shimano to kolejny krok w ewolucji system\u00f3w Oversized Pulley Wheel. Nowoczesna, wyrazista i kanciasta forma przenosi kultowy OSPW w przysz\u0142o\u015b\u0107, idealnie wpisuj\u0105c si\u0119 w aktualne trendy projektowe rower\u00f3w i osprz\u0119tu. To nie tylko komponent \u2014 to integralna cz\u0119\u015b\u0107 ca\u0142o\u015bciowego, nowoczesnego nap\u0119du.<\/p>\n<p data-start=\"538\" data-end=\"824\">Nowa generacja OSPW RS \u0142\u0105czy <strong data-start=\"567\" data-end=\"590\">estetyczn\u0105 harmoni\u0119<\/strong> z <strong data-start=\"593\" data-end=\"621\">technologiczn\u0105 innowacj\u0105<\/strong>. Dzi\u0119ki rozszerzonym mo\u017cliwo\u015bciom personalizacji \u2014 r\u00f3\u017cnym wariantom logo oraz k\u00f3\u0142ek przerzutki \u2014 system spe\u0142nia oczekiwania u\u017cytkownik\u00f3w poszukuj\u0105cych indywidualnego stylu oraz najwy\u017cszej jako\u015bci jazdy.<\/p>\n<h3 data-start=\"826\" data-end=\"869\">Nowa konstrukcja. Lepsza zmiana bieg\u00f3w.<\/h3>\n<p data-start=\"871\" data-end=\"1171\">Przeprojektowany koszyk OSPW RS to nie tylko zmiana wizualna. Zosta\u0142 on <strong data-start=\"943\" data-end=\"972\">wzmocniony konstrukcyjnie<\/strong>, co przek\u0142ada si\u0119 na zwi\u0119kszon\u0105 sztywno\u015b\u0107, trwa\u0142o\u015b\u0107 i jeszcze lepsz\u0105 precyzj\u0119 pracy nap\u0119du. Efekt? Szybsza, p\u0142ynniejsza i bardziej efektywna zmiana prze\u0142o\u017ce\u0144 \u2014 dok\u0142adnie wtedy, gdy jej potrzebujesz.<\/p>\n<p data-start=\"1173\" data-end=\"1273\">OSPW RS to wyraz naszej drogi \u2014 tego, sk\u0105d pochodzimy i dok\u0105d zmierzamy. Zawsze o krok przed innymi.<\/p>\n<h3 data-start=\"1280\" data-end=\"1307\">Specyfikacja techniczna<\/h3>\n<ul data-start=\"1309\" data-end=\"1542\">\n<li data-start=\"1309\" data-end=\"1346\">\n<p data-start=\"1311\" data-end=\"1346\"><strong data-start=\"1311\" data-end=\"1326\">Dyscyplina:<\/strong> Szosa \/ Triathlon<\/p>\n<\/li>\n<li data-start=\"1347\" data-end=\"1412\">\n<p data-start=\"1349\" data-end=\"1412\"><strong data-start=\"1349\" data-end=\"1368\">Kompatybilno\u015b\u0107:<\/strong> Shimano Dura-Ace RD-9250, Ultegra RD-8150<\/p>\n<\/li>\n<li data-start=\"1413\" data-end=\"1446\">\n<p data-start=\"1415\" data-end=\"1446\"><strong data-start=\"1415\" data-end=\"1434\">Materia\u0142 k\u00f3\u0142ek:<\/strong> Aluminium<\/p>\n<\/li>\n<li data-start=\"1447\" data-end=\"1471\">\n<p data-start=\"1449\" data-end=\"1471\"><strong data-start=\"1449\" data-end=\"1464\">Waga netto:<\/strong> 85 g<\/p>\n<\/li>\n<li data-start=\"1472\" data-end=\"1498\">\n<p data-start=\"1474\" data-end=\"1498\"><strong data-start=\"1474\" data-end=\"1490\">Waga brutto:<\/strong> 285 g<\/p>\n<\/li>\n<li data-start=\"1499\" data-end=\"1522\">\n<p data-start=\"1501\" data-end=\"1522\"><strong data-start=\"1501\" data-end=\"1515\">Kategoria:<\/strong> OSPW<\/p>\n<\/li>\n<li data-start=\"1523\" data-end=\"1542\">\n<p data-start=\"1525\" data-end=\"1542\"><strong data-start=\"1525\" data-end=\"1533\">SKU:<\/strong> 113486<\/p>\n<\/li>\n<\/ul>\n<h3 data-start=\"1544\" data-end=\"1568\">Zawarto\u015b\u0107 opakowania<\/h3>\n<ul data-start=\"1569\" data-end=\"1630\">\n<li data-start=\"1569\" data-end=\"1630\">\n<p data-start=\"1571\" data-end=\"1630\">Kompletny system <strong data-start=\"1588\" data-end=\"1607\">OSPW RS 5-Spoke<\/strong> do Shimano 9250 \/ 8150<\/p>\n<\/li>\n<\/ul>\n","protected":false},"excerpt":{"rendered":"<p>Szybsza zmiana. Wi\u0119ksza precyzja. Zero kompromis\u00f3w.<\/p>\n","protected":false},"featured_media":11910,"comment_status":"open","ping_status":"closed","template":"","meta":{"inline_featured_image":false},"product_cat":[89,157,80],"product_tag":[],"class_list":{"0":"post-11909","1":"product","2":"type-product","3":"status-publish","4":"has-post-thumbnail","6":"product_cat-bizuteria-rowerowa","7":"product_cat-ceramicspeed","8":"product_cat-czesci","10":"first","11":"instock","12":"taxable","13":"shipping-taxable","14":"purchasable","15":"product-type-variable"},"_links":{"self":[{"href":"https:\/\/cycling-boutique.com\/index.php?rest_route=\/wp\/v2\/product\/11909","targetHints":{"allow":["GET"]}}],"collection":[{"href":"https:\/\/cycling-boutique.com\/index.php?rest_route=\/wp\/v2\/product"}],"about":[{"href":"https:\/\/cycling-boutique.com\/index.php?rest_route=\/wp\/v2\/types\/product"}],"replies":[{"embeddable":true,"href":"https:\/\/cycling-boutique.com\/index.php?rest_route=%2Fwp%2Fv2%2Fcomments&post=11909"}],"wp:featuredmedia":[{"embeddable":true,"href":"https:\/\/cycling-boutique.com\/index.php?rest_route=\/wp\/v2\/media\/11910"}],"wp:attachment":[{"href":"https:\/\/cycling-boutique.com\/index.php?rest_route=%2Fwp%2Fv2%2Fmedia&parent=11909"}],"wp:term":[{"taxonomy":"product_cat","embeddable":true,"href":"https:\/\/cycling-boutique.com\/index.php?rest_route=%2Fwp%2Fv2%2Fproduct_cat&post=11909"},{"taxonomy":"product_tag","embeddable":true,"href":"https:\/\/cycling-boutique.com\/index.php?rest_route=%2Fwp%2Fv2%2Fproduct_tag&post=11909"}],"curies":[{"name":"wp","href":"https:\/\/api.w.org\/{rel}","templated":true}]}}