{"id":11918,"date":"2026-01-26T16:37:44","date_gmt":"2026-01-26T16:37:44","guid":{"rendered":"https:\/\/cycling-boutique.com\/?post_type=product&#038;p=11918"},"modified":"2026-01-26T16:41:26","modified_gmt":"2026-01-26T16:41:26","slug":"wozek-ceramicspeed-ospw-rs-alpha-for-shimano-9250-8150","status":"publish","type":"product","link":"https:\/\/cycling-boutique.com\/?product=wozek-ceramicspeed-ospw-rs-alpha-for-shimano-9250-8150","title":{"rendered":"W\u00f3zek Ceramicspeed OSPW RS Alpha for Shimano 9250\/8150"},"content":{"rendered":"<h2 data-start=\"153\" data-end=\"210\">OSPW RS ALPHA \u2013 innowacja i wydajno\u015b\u0107 w nowym wymiarze<\/h2>\n<p data-start=\"212\" data-end=\"520\">OSPW RS ALPHA do szosowych grup Shimano to po\u0142\u0105czenie <strong data-start=\"266\" data-end=\"341\">nowoczesnego designu, najwy\u017cszej wydajno\u015bci i zaawansowanej technologii<\/strong>. Wyra\u017ane, kanciaste linie nadaj\u0105 systemowi charakteru, a przemy\u015blana konstrukcja sprawia, \u017ce OSPW idealnie wpasowuje si\u0119 w aktualne trendy rowerowe, tworz\u0105c sp\u00f3jn\u0105 ca\u0142o\u015b\u0107 nap\u0119du.<\/p>\n<h3 data-start=\"522\" data-end=\"557\">Technologia, kt\u00f3ra robi r\u00f3\u017cnic\u0119<\/h3>\n<p data-start=\"559\" data-end=\"829\"><strong data-start=\"559\" data-end=\"590\">Active Debris Remover (ADR)<\/strong><br data-start=\"590\" data-end=\"593\" \/>Nowa funkcja ADR chroni \u0142o\u017cyska przed zanieczyszczeniami. Unikalna konstrukcja os\u0142ony py\u0142owej i specjalny rowkowany system dynamicznie usuwa brud podczas obracania si\u0119 k\u00f3\u0142ka, zapewniaj\u0105c d\u0142ugotrwa\u0142\u0105 p\u0142ynno\u015b\u0107 i niezawodno\u015b\u0107 pracy nap\u0119du.<\/p>\n<p data-start=\"831\" data-end=\"1215\"><strong data-start=\"831\" data-end=\"858\">ALPHA Disc Pulley Wheel<\/strong><br data-start=\"858\" data-end=\"861\" \/>K\u00f3\u0142ka ALPHA Disc to po\u0142\u0105czenie <strong data-start=\"892\" data-end=\"932\">wytrzyma\u0142ego materia\u0142u kompozytowego<\/strong> z profilowanymi z\u0119bami oraz <strong data-start=\"961\" data-end=\"992\">solidnej aluminiowej tarczy<\/strong>, kt\u00f3ra zwi\u0119ksza sztywno\u015b\u0107, chroni przed przedostawaniem si\u0119 zanieczyszcze\u0144 i minimalizuje ha\u0142as. Testowane w warunkach CycloCross, sprawdzaj\u0105 si\u0119 nawet w najtrudniejszym terenie, zapewniaj\u0105c doskona\u0142e oczyszczanie z b\u0142ota.<\/p>\n<h3 data-start=\"1217\" data-end=\"1263\">Nowa konstrukcja \u2013 wi\u0119ksza si\u0142a i trwa\u0142o\u015b\u0107<\/h3>\n<p data-start=\"1265\" data-end=\"1477\">Koszyk OSPW RS zosta\u0142 wzmocniony, co przek\u0142ada si\u0119 na <strong data-start=\"1319\" data-end=\"1391\">wi\u0119ksz\u0105 sztywno\u015b\u0107, odporno\u015b\u0107 na uszkodzenia i precyzj\u0119 zmiany bieg\u00f3w<\/strong>. To nie tylko efekt wizualny, ale realna poprawa dzia\u0142ania ca\u0142ego systemu nap\u0119dowego.<\/p>\n<h3 data-start=\"1484\" data-end=\"1511\">Specyfikacja techniczna<\/h3>\n<ul data-start=\"1513\" data-end=\"1723\">\n<li data-start=\"1513\" data-end=\"1550\">\n<p data-start=\"1515\" data-end=\"1550\"><strong data-start=\"1515\" data-end=\"1530\">Dyscyplina:<\/strong> Szosa \/ Triathlon<\/p>\n<\/li>\n<li data-start=\"1551\" data-end=\"1616\">\n<p data-start=\"1553\" data-end=\"1616\"><strong data-start=\"1553\" data-end=\"1572\">Kompatybilno\u015b\u0107:<\/strong> Shimano Dura-Ace RD-9250, Ultegra RD-8150<\/p>\n<\/li>\n<li data-start=\"1617\" data-end=\"1650\">\n<p data-start=\"1619\" data-end=\"1650\"><strong data-start=\"1619\" data-end=\"1638\">Materia\u0142 k\u00f3\u0142ek:<\/strong> Aluminium<\/p>\n<\/li>\n<li data-start=\"1651\" data-end=\"1676\">\n<p data-start=\"1653\" data-end=\"1676\"><strong data-start=\"1653\" data-end=\"1668\">Waga netto:<\/strong> 102 g<\/p>\n<\/li>\n<li data-start=\"1677\" data-end=\"1703\">\n<p data-start=\"1679\" data-end=\"1703\"><strong data-start=\"1679\" data-end=\"1695\">Waga brutto:<\/strong> 302 g<\/p>\n<\/li>\n<li data-start=\"1704\" data-end=\"1723\">\n<p data-start=\"1706\" data-end=\"1723\"><strong data-start=\"1706\" data-end=\"1714\">SKU:<\/strong> 114610<\/p>\n<\/li>\n<\/ul>\n<h3 data-start=\"1725\" data-end=\"1749\">Zawarto\u015b\u0107 opakowania<\/h3>\n<ul data-start=\"1750\" data-end=\"1809\">\n<li data-start=\"1750\" data-end=\"1809\">\n<p data-start=\"1752\" data-end=\"1809\">Kompletny system <strong data-start=\"1769\" data-end=\"1786\">OSPW RS ALPHA<\/strong> do Shimano 9250 \/ 8150<\/p>\n<\/li>\n<\/ul>\n","protected":false},"excerpt":{"rendered":"<p>Szybsza zmiana. Wi\u0119ksza precyzja. Zero kompromis\u00f3w.<\/p>\n","protected":false},"featured_media":11925,"comment_status":"open","ping_status":"closed","template":"","meta":{"inline_featured_image":false},"product_cat":[89,157,80],"product_tag":[],"class_list":{"0":"post-11918","1":"product","2":"type-product","3":"status-publish","4":"has-post-thumbnail","6":"product_cat-bizuteria-rowerowa","7":"product_cat-ceramicspeed","8":"product_cat-czesci","10":"first","11":"instock","12":"taxable","13":"shipping-taxable","14":"purchasable","15":"product-type-variable"},"_links":{"self":[{"href":"https:\/\/cycling-boutique.com\/index.php?rest_route=\/wp\/v2\/product\/11918","targetHints":{"allow":["GET"]}}],"collection":[{"href":"https:\/\/cycling-boutique.com\/index.php?rest_route=\/wp\/v2\/product"}],"about":[{"href":"https:\/\/cycling-boutique.com\/index.php?rest_route=\/wp\/v2\/types\/product"}],"replies":[{"embeddable":true,"href":"https:\/\/cycling-boutique.com\/index.php?rest_route=%2Fwp%2Fv2%2Fcomments&post=11918"}],"wp:featuredmedia":[{"embeddable":true,"href":"https:\/\/cycling-boutique.com\/index.php?rest_route=\/wp\/v2\/media\/11925"}],"wp:attachment":[{"href":"https:\/\/cycling-boutique.com\/index.php?rest_route=%2Fwp%2Fv2%2Fmedia&parent=11918"}],"wp:term":[{"taxonomy":"product_cat","embeddable":true,"href":"https:\/\/cycling-boutique.com\/index.php?rest_route=%2Fwp%2Fv2%2Fproduct_cat&post=11918"},{"taxonomy":"product_tag","embeddable":true,"href":"https:\/\/cycling-boutique.com\/index.php?rest_route=%2Fwp%2Fv2%2Fproduct_tag&post=11918"}],"curies":[{"name":"wp","href":"https:\/\/api.w.org\/{rel}","templated":true}]}}