{"id":11932,"date":"2026-01-26T16:49:27","date_gmt":"2026-01-26T16:49:27","guid":{"rendered":"https:\/\/cycling-boutique.com\/?post_type=product&#038;p=11932"},"modified":"2026-01-26T16:52:52","modified_gmt":"2026-01-26T16:52:52","slug":"wozek-ceramicspeed-ospw-rs-3d-titanium-for-shimano-9250-8150","status":"publish","type":"product","link":"https:\/\/cycling-boutique.com\/?product=wozek-ceramicspeed-ospw-rs-3d-titanium-for-shimano-9250-8150","title":{"rendered":"W\u00f3zek Ceramicspeed  OSPW RS 3D Titanium for Shimano 9250\/8150"},"content":{"rendered":"<h2 data-start=\"157\" data-end=\"214\">OSPW RS 3D Titanium \u2013 lekko\u015b\u0107, wytrzyma\u0142o\u015b\u0107 i precyzja<\/h2>\n<p data-start=\"216\" data-end=\"612\">OSPW RS 3D Titanium do szosowych grup Shimano to po\u0142\u0105czenie <strong data-start=\"276\" data-end=\"313\">nowoczesnego, kanciastego designu<\/strong> z <strong data-start=\"316\" data-end=\"362\">najwy\u017cszej klasy materia\u0142ami i technologi\u0105<\/strong>. System zosta\u0142 zaprojektowany tak, aby harmonijnie komponowa\u0107 si\u0119 z wsp\u00f3\u0142czesnymi trendami rowerowymi, podkre\u015blaj\u0105c charakter ca\u0142ego nap\u0119du. OSPW RS to nie tylko element mechaniczny \u2014 to <strong data-start=\"550\" data-end=\"609\">manifest naszej historii i kierunku, w kt\u00f3rym zmierzamy<\/strong>.<\/p>\n<h3 data-start=\"614\" data-end=\"651\">Nowa konstrukcja \u2013 moc i trwa\u0142o\u015b\u0107<\/h3>\n<p data-start=\"653\" data-end=\"944\">Koszyk OSPW RS zosta\u0142 wzmocniony, co zwi\u0119ksza jego <strong data-start=\"704\" data-end=\"768\">sztywno\u015b\u0107, odporno\u015b\u0107 na uszkodzenia i precyzj\u0119 zmiany bieg\u00f3w<\/strong>. Ka\u017cde k\u00f3\u0142ko wyposa\u017cone jest w <strong data-start=\"800\" data-end=\"851\">r\u0119cznie sk\u0142adane \u0142o\u017cyska powlekane CeramicSpeed<\/strong>, kt\u00f3re gwarantuj\u0105 p\u0142ynno\u015b\u0107 obrotu i minimalizuj\u0105 tarcie, podnosz\u0105c wydajno\u015b\u0107 ca\u0142ego systemu.<\/p>\n<h3 data-start=\"946\" data-end=\"970\">Materia\u0142 i innowacja<\/h3>\n<p data-start=\"972\" data-end=\"1304\">Wersja 3D Titanium wykorzystuje <strong data-start=\"1004\" data-end=\"1037\">drukowane w 3D tytanowe k\u00f3\u0142ka<\/strong>, kt\u00f3re \u0142\u0105cz\u0105 <strong data-start=\"1051\" data-end=\"1101\">niesamowit\u0105 lekko\u015b\u0107 z wyj\u0105tkow\u0105 wytrzyma\u0142o\u015bci\u0105<\/strong>. To rozwi\u0105zanie premium, kt\u00f3re sprawia, \u017ce OSPW RS 3D Titanium jest idealnym wyborem dla wymagaj\u0105cych rowerzyst\u00f3w szosowych i triathlonist\u00f3w, kt\u00f3rzy oczekuj\u0105 maksymalnej wydajno\u015bci i elegancji w jednym.<\/p>\n<h3 data-start=\"1311\" data-end=\"1338\">Specyfikacja techniczna<\/h3>\n<ul data-start=\"1340\" data-end=\"1559\">\n<li data-start=\"1340\" data-end=\"1377\">\n<p data-start=\"1342\" data-end=\"1377\"><strong data-start=\"1342\" data-end=\"1357\">Dyscyplina:<\/strong> Szosa \/ Triathlon<\/p>\n<\/li>\n<li data-start=\"1378\" data-end=\"1443\">\n<p data-start=\"1380\" data-end=\"1443\"><strong data-start=\"1380\" data-end=\"1399\">Kompatybilno\u015b\u0107:<\/strong> Shimano Dura-Ace RD-9250, Ultegra RD-8150<\/p>\n<\/li>\n<li data-start=\"1444\" data-end=\"1487\">\n<p data-start=\"1446\" data-end=\"1487\"><strong data-start=\"1446\" data-end=\"1465\">Materia\u0142 k\u00f3\u0142ek:<\/strong> 3D-Printed Titanium<\/p>\n<\/li>\n<li data-start=\"1488\" data-end=\"1512\">\n<p data-start=\"1490\" data-end=\"1512\"><strong data-start=\"1490\" data-end=\"1505\">Waga netto:<\/strong> 86 g<\/p>\n<\/li>\n<li data-start=\"1513\" data-end=\"1539\">\n<p data-start=\"1515\" data-end=\"1539\"><strong data-start=\"1515\" data-end=\"1531\">Waga brutto:<\/strong> 311 g<\/p>\n<\/li>\n<li data-start=\"1540\" data-end=\"1559\">\n<p data-start=\"1542\" data-end=\"1559\"><strong data-start=\"1542\" data-end=\"1550\">SKU:<\/strong> 113596<\/p>\n<\/li>\n<\/ul>\n<h3 data-start=\"1561\" data-end=\"1585\">Zawarto\u015b\u0107 opakowania<\/h3>\n<ul data-start=\"1586\" data-end=\"1651\">\n<li data-start=\"1586\" data-end=\"1651\">\n<p data-start=\"1588\" data-end=\"1651\">Kompletny system <strong data-start=\"1605\" data-end=\"1628\">OSPW RS 3D Titanium<\/strong> do Shimano 9250 \/ 8150<\/p>\n<\/li>\n<\/ul>\n","protected":false},"excerpt":{"rendered":"<p>Szybsza zmiana. Wi\u0119ksza precyzja. Zero kompromis\u00f3w.<\/p>\n","protected":false},"featured_media":11937,"comment_status":"open","ping_status":"closed","template":"","meta":{"inline_featured_image":false},"product_cat":[89,157,80],"product_tag":[],"class_list":{"0":"post-11932","1":"product","2":"type-product","3":"status-publish","4":"has-post-thumbnail","6":"product_cat-bizuteria-rowerowa","7":"product_cat-ceramicspeed","8":"product_cat-czesci","10":"first","11":"onbackorder","12":"sold-individually","13":"taxable","14":"shipping-taxable","15":"purchasable","16":"product-type-simple"},"_links":{"self":[{"href":"https:\/\/cycling-boutique.com\/index.php?rest_route=\/wp\/v2\/product\/11932","targetHints":{"allow":["GET"]}}],"collection":[{"href":"https:\/\/cycling-boutique.com\/index.php?rest_route=\/wp\/v2\/product"}],"about":[{"href":"https:\/\/cycling-boutique.com\/index.php?rest_route=\/wp\/v2\/types\/product"}],"replies":[{"embeddable":true,"href":"https:\/\/cycling-boutique.com\/index.php?rest_route=%2Fwp%2Fv2%2Fcomments&post=11932"}],"wp:featuredmedia":[{"embeddable":true,"href":"https:\/\/cycling-boutique.com\/index.php?rest_route=\/wp\/v2\/media\/11937"}],"wp:attachment":[{"href":"https:\/\/cycling-boutique.com\/index.php?rest_route=%2Fwp%2Fv2%2Fmedia&parent=11932"}],"wp:term":[{"taxonomy":"product_cat","embeddable":true,"href":"https:\/\/cycling-boutique.com\/index.php?rest_route=%2Fwp%2Fv2%2Fproduct_cat&post=11932"},{"taxonomy":"product_tag","embeddable":true,"href":"https:\/\/cycling-boutique.com\/index.php?rest_route=%2Fwp%2Fv2%2Fproduct_tag&post=11932"}],"curies":[{"name":"wp","href":"https:\/\/api.w.org\/{rel}","templated":true}]}}