{"id":11961,"date":"2026-01-27T15:27:17","date_gmt":"2026-01-27T15:27:17","guid":{"rendered":"https:\/\/cycling-boutique.com\/?post_type=product&#038;p=11961"},"modified":"2026-01-30T12:29:38","modified_gmt":"2026-01-30T12:29:38","slug":"siodlo-berk-lupina-monocoque-open","status":"publish","type":"product","link":"https:\/\/cycling-boutique.com\/?product=siodlo-berk-lupina-monocoque-open","title":{"rendered":"Siod\u0142o Berk Lupina Monocoque Open"},"content":{"rendered":"<p><span class=\"wartosc\"><b>Siod\u0142o Berk Lupina Monocoque Open dzi\u0119ki konstrukcji monocoque oferuje tyle samo elastyczno\u015bci, co d\u0142u\u017csze siode\u0142ka<\/b><\/span><\/p>\n<p>&nbsp;<\/p>\n<ul>\n<li>opracowane do jazdy szosowej, przy d\u0142ugo\u015bci tylko 249 mm, nadal oferuje du\u017cy zakres dostosowania pozycji w czasie jazdy<\/li>\n<li>kszta\u0142t bazuje na modelu Lupina, z bardzo podobnym obszarem dosiadu, lecz te\u017c bardziej sp\u0142aszczonym obszarem centralnym<\/li>\n<li>jednocz\u0119\u015bciowa konstrukcja (monocoque) oferuje du\u017c\u0105 elastyczno\u015b\u0107 w przedniej cz\u0119\u015bci siode\u0142ka<\/li>\n<li>tylna cz\u0119\u015b\u0107 siod\u0142a jest lekko zakrzywiona daj\u0105c dobre wsparcie w czasie jazdy<\/li>\n<li>unikalny design nadaje rowerowi szosowemu efektown\u0105 estetyk\u0119<b>Konstrukcja:<\/b> carbonowa monocoque<br \/>\n<b>Pokrycie:<\/b> wy\u015bci\u00f3\u0142ka z naturalnej sk\u00f3ry<br \/>\n<b>Pr\u0119ty:<\/b> carbonowe, owalne 7&#215;9 mm<br \/>\n<b>Wymiary:<\/b> 249&#215;144 mm<br \/>\n<b>Limit masy rowerzysty:<\/b> 100 kg<br \/>\n<b>Masa:<\/b> 125 g<\/li>\n<\/ul>\n<p>&nbsp;<\/p>\n","protected":false},"excerpt":{"rendered":"<p><span class=\"wartosc\"><b>Siod\u0142o Berk Lupina Monocoque Open dzi\u0119ki konstrukcji monocoque oferuje tyle samo elastyczno\u015bci, co d\u0142u\u017csze siode\u0142ka<\/b><br \/>\n<\/span><\/p>\n","protected":false},"featured_media":11962,"comment_status":"open","ping_status":"closed","template":"","meta":{"inline_featured_image":false},"product_cat":[161,89,80,175],"product_tag":[],"class_list":{"0":"post-11961","1":"product","2":"type-product","3":"status-publish","4":"has-post-thumbnail","6":"product_cat-berk","7":"product_cat-bizuteria-rowerowa","8":"product_cat-czesci","9":"product_cat-siodelka","11":"first","12":"instock","13":"taxable","14":"shipping-taxable","15":"purchasable","16":"product-type-variable"},"_links":{"self":[{"href":"https:\/\/cycling-boutique.com\/index.php?rest_route=\/wp\/v2\/product\/11961","targetHints":{"allow":["GET"]}}],"collection":[{"href":"https:\/\/cycling-boutique.com\/index.php?rest_route=\/wp\/v2\/product"}],"about":[{"href":"https:\/\/cycling-boutique.com\/index.php?rest_route=\/wp\/v2\/types\/product"}],"replies":[{"embeddable":true,"href":"https:\/\/cycling-boutique.com\/index.php?rest_route=%2Fwp%2Fv2%2Fcomments&post=11961"}],"wp:featuredmedia":[{"embeddable":true,"href":"https:\/\/cycling-boutique.com\/index.php?rest_route=\/wp\/v2\/media\/11962"}],"wp:attachment":[{"href":"https:\/\/cycling-boutique.com\/index.php?rest_route=%2Fwp%2Fv2%2Fmedia&parent=11961"}],"wp:term":[{"taxonomy":"product_cat","embeddable":true,"href":"https:\/\/cycling-boutique.com\/index.php?rest_route=%2Fwp%2Fv2%2Fproduct_cat&post=11961"},{"taxonomy":"product_tag","embeddable":true,"href":"https:\/\/cycling-boutique.com\/index.php?rest_route=%2Fwp%2Fv2%2Fproduct_tag&post=11961"}],"curies":[{"name":"wp","href":"https:\/\/api.w.org\/{rel}","templated":true}]}}