{"id":11970,"date":"2026-01-27T15:37:30","date_gmt":"2026-01-27T15:37:30","guid":{"rendered":"https:\/\/cycling-boutique.com\/?post_type=product&#038;p=11970"},"modified":"2026-01-30T12:29:02","modified_gmt":"2026-01-30T12:29:02","slug":"berk-lupina-short","status":"publish","type":"product","link":"https:\/\/cycling-boutique.com\/?product=berk-lupina-short","title":{"rendered":"Berk Lupina Short"},"content":{"rendered":"<div id=\"kontrolka-1079\" class=\"kontrolka-Tekst col-12\" data-kid=\"1079\">\n<h5 class=\"naglowek naglowek-z-linia\"><\/h5>\n<\/div>\n<div id=\"kontrolka-1078\" class=\"kontrolka-PoleProduktu col-12\" data-kid=\"1078\">\n<div class=\"pole-opis-wartosc\">\n<p><span class=\"wartosc\"> <b>Ultralekkie siod\u0142o Berk Lupina Short &#8211; kr\u00f3tsza wersja popularnego modelu Lupina, zaprojektowane do zastosowania szosowego sprawdzi si\u0119 tak\u017ce w rowerach gravelowych.<\/b><\/span><\/p>\n<p>&nbsp;<\/p>\n<ul>\n<li>specjalna konstrukcja skorupy z w\u0142\u00f3kna w\u0119glowego Innegra nadaje siod\u0142u du\u017c\u0105 elastyczno\u015b\u0107, dzi\u0119ki kt\u00f3rej pod\u0105\u017ca za ruchem cia\u0142a<\/li>\n<li>polecane rowerzystom o w\u0119\u017cszych biodrach, kt\u00f3rzy szukaj\u0105 dobrej stabilno\u015bci w r\u00f3\u017cnych pozycjach jazdy<\/li>\n<li>\u015brodek siode\u0142ka jest przesuni\u0119ty nieco do ty\u0142u, co b\u0119dzie odpowiednie dla kolarzy chc\u0105cych unikn\u0105\u0107 bezpo\u015bredniego nacisku na ko\u015bci siedzenia<\/li>\n<li>lekko zakrzywiona tylna cze\u015bci zapewnia dodatkowe wsparcie<\/li>\n<li>wyci\u0119cie po\u015brodku, zapobiega naciskowi na krocze<\/li>\n<li>kszta\u0142t litery T zapewnia du\u017co miejsca na nosie siode\u0142ka, niezale\u017cnie od nachylenia sylwetki, w du\u017cym stopniu zapobiega r\u00f3wnie\u017c tarciu wewn\u0119trzn\u0105 stron\u0105 ud podczas peda\u0142owania<\/li>\n<li>pokryte cienk\u0105 wy\u015bci\u00f3\u0142k\u0105 z naturalnej sk\u00f3ry<b>Konstrukcja:<\/b> w ca\u0142o\u015bci carbonowa<br \/>\n<b>Pokrycie:<\/b> wy\u015bci\u00f3\u0142ka z naturalnej sk\u00f3ry<br \/>\n<b>Pr\u0119ty:<\/b> carbonowe, owalne 7&#215;9 mm<br \/>\n<b>Wymiary:<\/b> 247&#215;144 mm<br \/>\n<b>Masa:<\/b> 98 g<\/li>\n<\/ul>\n<\/div>\n<\/div>\n","protected":false},"excerpt":{"rendered":"<p><span class=\"wartosc\"><b>Ultralekkie siod\u0142o Berk Lupina Short &#8211; kr\u00f3tsza wersja popularnego modelu Lupina, zaprojektowane do zastosowania szosowego sprawdzi si\u0119 tak\u017ce w rowerach gravelowych.<\/b><\/span><\/p>\n","protected":false},"featured_media":11977,"comment_status":"open","ping_status":"closed","template":"","meta":{"inline_featured_image":false},"product_cat":[161,89,80,175],"product_tag":[],"class_list":{"0":"post-11970","1":"product","2":"type-product","3":"status-publish","4":"has-post-thumbnail","6":"product_cat-berk","7":"product_cat-bizuteria-rowerowa","8":"product_cat-czesci","9":"product_cat-siodelka","11":"first","12":"instock","13":"taxable","14":"shipping-taxable","15":"purchasable","16":"product-type-variable"},"_links":{"self":[{"href":"https:\/\/cycling-boutique.com\/index.php?rest_route=\/wp\/v2\/product\/11970","targetHints":{"allow":["GET"]}}],"collection":[{"href":"https:\/\/cycling-boutique.com\/index.php?rest_route=\/wp\/v2\/product"}],"about":[{"href":"https:\/\/cycling-boutique.com\/index.php?rest_route=\/wp\/v2\/types\/product"}],"replies":[{"embeddable":true,"href":"https:\/\/cycling-boutique.com\/index.php?rest_route=%2Fwp%2Fv2%2Fcomments&post=11970"}],"wp:featuredmedia":[{"embeddable":true,"href":"https:\/\/cycling-boutique.com\/index.php?rest_route=\/wp\/v2\/media\/11977"}],"wp:attachment":[{"href":"https:\/\/cycling-boutique.com\/index.php?rest_route=%2Fwp%2Fv2%2Fmedia&parent=11970"}],"wp:term":[{"taxonomy":"product_cat","embeddable":true,"href":"https:\/\/cycling-boutique.com\/index.php?rest_route=%2Fwp%2Fv2%2Fproduct_cat&post=11970"},{"taxonomy":"product_tag","embeddable":true,"href":"https:\/\/cycling-boutique.com\/index.php?rest_route=%2Fwp%2Fv2%2Fproduct_tag&post=11970"}],"curies":[{"name":"wp","href":"https:\/\/api.w.org\/{rel}","templated":true}]}}