{"id":12113,"date":"2026-01-28T14:33:58","date_gmt":"2026-01-28T14:33:58","guid":{"rendered":"https:\/\/cycling-boutique.com\/?post_type=product&#038;p=12113"},"modified":"2026-02-20T14:18:57","modified_gmt":"2026-02-20T14:18:57","slug":"sixweel-titanium-direct-mount-derailleur-hanger","status":"publish","type":"product","link":"https:\/\/cycling-boutique.com\/?product=sixweel-titanium-direct-mount-derailleur-hanger","title":{"rendered":"SixWeel Titanium Direct Mount Derailleur Hanger"},"content":{"rendered":"<p data-start=\"129\" data-end=\"286\">Produkt na zam\u00f3wienie czas oczekiwania od 3-5 tygodni.<\/p>\n<p>Podana cena dotyczy haka oraz \u015bruby mocuj\u0105cej przerzutk\u0119. ( kolor \u015bruby do wyboru )<\/p>\n<p>SixWeel Titanium to najwyzsza jakosc komponentow rowerowych zaprojektowanych z mysla o maksymalnej wytrzymalosci precyzji i niezawodnosci w kazdych warunkach<\/p>\n<p data-start=\"288\" data-end=\"482\">Kazdy element wykonywany jest z tytanu klasy piata TC4 ktory dzieki zaawansowanej obrobce cieplnej oferuje ekstremalna odpornosc na obciazenia uderzenia oraz zuzycie przy zachowaniu niskiej wagi<\/p>\n<p data-start=\"484\" data-end=\"706\">Komponenty SixWeel sa frezowane CNC z litego bloku tytanu z wykorzystaniem czteroosiowej obrobki co gwarantuje perfekcyjne dopasowanie wysoka gestosc materialu oraz stabilna prace nawet podczas intensywnej jazdy i wyscigow<\/p>\n<p data-start=\"708\" data-end=\"898\">Konstrukcja zostala zaprojektowana tak aby skutecznie chronic rame oraz punkty montazowe przed uszkodzeniami zapewniajac jednoczesnie doskonala precyzje dzialania napedu i ukladu hamulcowego<\/p>\n<p data-start=\"900\" data-end=\"1095\">W newralgicznych strefach zachowano dodatkowy material inspirowany sprawdzonymi rozwiazaniami stosowanymi w profesjonalnym kolarstwie co przeklada sie na bezpieczenstwo i dluga zywotnosc produktu<\/p>\n<p data-start=\"1097\" data-end=\"1256\">W zestawie znajduja sie dedykowane sruby tytanowe o podwyzszonej wytrzymalosci co zapewnia pelna stabilnosc nawet przy duzych obciazeniach i agresywnej jezdzie<\/p>\n<p data-start=\"1258\" data-end=\"1402\">SixWeel Titanium to wybor dla kolarzy ktorzy oczekuja najwyzszej jakosci precyzji wykonania i sprzetu gotowego na najbardziej wymagajace warunki<\/p>\n<p data-start=\"1404\" data-end=\"1555\">Dodatkowo oferujemy program wsparcia powypadkowego dla pierwszego wlasciciela w przypadku uszkodzenia komponentu mozliwa jest atrakcyjna oferta wymiany<\/p>\n","protected":false},"excerpt":{"rendered":"<p>SixWeel Titanium to najwyzsza jakosc komponentow rowerowych zaprojektowanych z mysla o maksymalnej wytrzymalosci precyzji i niezawodnosci w kazdych warunkach<\/p>\n","protected":false},"featured_media":12116,"comment_status":"open","ping_status":"closed","template":"","meta":{"inline_featured_image":false},"product_cat":[89,80,163],"product_tag":[],"class_list":{"0":"post-12113","1":"product","2":"type-product","3":"status-publish","4":"has-post-thumbnail","6":"product_cat-bizuteria-rowerowa","7":"product_cat-czesci","8":"product_cat-timaster","10":"first","11":"instock","12":"taxable","13":"shipping-taxable","14":"purchasable","15":"product-type-variable"},"_links":{"self":[{"href":"https:\/\/cycling-boutique.com\/index.php?rest_route=\/wp\/v2\/product\/12113","targetHints":{"allow":["GET"]}}],"collection":[{"href":"https:\/\/cycling-boutique.com\/index.php?rest_route=\/wp\/v2\/product"}],"about":[{"href":"https:\/\/cycling-boutique.com\/index.php?rest_route=\/wp\/v2\/types\/product"}],"replies":[{"embeddable":true,"href":"https:\/\/cycling-boutique.com\/index.php?rest_route=%2Fwp%2Fv2%2Fcomments&post=12113"}],"wp:featuredmedia":[{"embeddable":true,"href":"https:\/\/cycling-boutique.com\/index.php?rest_route=\/wp\/v2\/media\/12116"}],"wp:attachment":[{"href":"https:\/\/cycling-boutique.com\/index.php?rest_route=%2Fwp%2Fv2%2Fmedia&parent=12113"}],"wp:term":[{"taxonomy":"product_cat","embeddable":true,"href":"https:\/\/cycling-boutique.com\/index.php?rest_route=%2Fwp%2Fv2%2Fproduct_cat&post=12113"},{"taxonomy":"product_tag","embeddable":true,"href":"https:\/\/cycling-boutique.com\/index.php?rest_route=%2Fwp%2Fv2%2Fproduct_tag&post=12113"}],"curies":[{"name":"wp","href":"https:\/\/api.w.org\/{rel}","templated":true}]}}