{"id":12317,"date":"2026-01-29T11:16:10","date_gmt":"2026-01-29T11:16:10","guid":{"rendered":"https:\/\/cycling-boutique.com\/?post_type=product&#038;p=12317"},"modified":"2026-01-29T11:27:59","modified_gmt":"2026-01-29T11:27:59","slug":"sram-red-xplr-axs-gravel-group-1x13","status":"publish","type":"product","link":"https:\/\/cycling-boutique.com\/?product=sram-red-xplr-axs-gravel-group-1x13","title":{"rendered":"SRAM RED XPLR AXS  Gravel Group 1&#215;13"},"content":{"rendered":"<h2 data-start=\"209\" data-end=\"284\"><strong data-start=\"212\" data-end=\"284\">RAM RED XPLR AXS Wide Disc HRD Flat Mount \u2013 gravelowy groupset 1&#215;13<\/strong><\/h2>\n<p data-start=\"286\" data-end=\"762\">Nowa grupa <strong data-start=\"297\" data-end=\"318\">SRAM RED XPLR AXS<\/strong> to co\u015b wi\u0119cej ni\u017c tylko dodatkowy bieg. Opr\u00f3cz przej\u015bcia na <strong data-start=\"379\" data-end=\"395\">13 prze\u0142o\u017ce\u0144<\/strong> i zwi\u0119kszonego zakresu, groupset zosta\u0142 zaprojektowany z my\u015bl\u0105 o <strong data-start=\"461\" data-end=\"506\">maksymalnej wytrzyma\u0142o\u015bci i niezawodno\u015bci<\/strong> na najtrudniejszych trasach gravelowych. Zastosowanie tylnej przerzutki w standardzie <strong data-start=\"593\" data-end=\"613\">Full Mount (UDH)<\/strong> znacz\u0105co zwi\u0119ksza odporno\u015b\u0107 na uderzenia, a rezygnacja ze \u015brub regulacyjnych sprawia, \u017ce monta\u017c i precyzyjna regulacja s\u0105 prostsze ni\u017c kiedykolwiek.<\/p>\n<p data-start=\"764\" data-end=\"1151\">System zmiany bieg\u00f3w i hamowania <strong data-start=\"797\" data-end=\"812\">RED AXS HRD<\/strong> wyr\u00f3\u017cnia si\u0119 doskona\u0142\u0105 ergonomi\u0105 i bardzo wysok\u0105 si\u0142\u0105 hamowania, zapewniaj\u0105c pe\u0142n\u0105 kontrol\u0119 w ka\u017cdej pozycji na kierownicy. Dodatkowo ca\u0142a grupa zosta\u0142a <strong data-start=\"966\" data-end=\"999\">odchudzona o ponad 150 gram\u00f3w<\/strong> w por\u00f3wnaniu do poprzedniej generacji. Personalizacja ustawie\u0144 oraz aktualizacje oprogramowania odbywaj\u0105 si\u0119 wygodnie za pomoc\u0105 aplikacji <strong data-start=\"1138\" data-end=\"1150\">SRAM AXS<\/strong>.<\/p>\n<h3 data-start=\"1158\" data-end=\"1174\"><strong data-start=\"1165\" data-end=\"1174\">Korba<\/strong><\/h3>\n<p data-start=\"1175\" data-end=\"1665\">Poprzednia wersja by\u0142a ju\u017c jedn\u0105 z najl\u017cejszych na rynku. Dzi\u0119ki zoptymalizowanej konstrukcji warstw karbonowych, masa nowej korby zosta\u0142a zredukowana o kolejne <strong data-start=\"1336\" data-end=\"1349\">29 gram\u00f3w<\/strong>. Sprawdzony profil z\u0119b\u00f3w <strong data-start=\"1375\" data-end=\"1404\">SRAM X-Sync (narrow-wide)<\/strong> gwarantuje pewne prowadzenie \u0142a\u0144cucha nawet w trudnych warunkach. O\u015b korby zosta\u0142a zaprojektowana w standardzie <strong data-start=\"1517\" data-end=\"1534\">DUB Road Wide<\/strong>, co zapewnia szerok\u0105 kompatybilno\u015b\u0107 z r\u00f3\u017cnymi mufami suportu. Korba mo\u017ce zosta\u0107 rozbudowana o <strong data-start=\"1629\" data-end=\"1664\">pomiar mocy SRAM AXS Powermeter<\/strong>.<\/p>\n<hr data-start=\"1667\" data-end=\"1670\" \/>\n<h3 data-start=\"1672\" data-end=\"1723\">\u00a0<strong data-start=\"1680\" data-end=\"1723\">System zmiany bieg\u00f3w i hamulc\u00f3w AXS HRD<\/strong><\/h3>\n<p data-start=\"1724\" data-end=\"1839\">Nowy system <strong data-start=\"1736\" data-end=\"1747\">AXS HRD<\/strong> to najwi\u0119kszy krok rozwojowy w\u015br\u00f3d komponent\u00f3w RED. Przeprojektowane klamkomanetki oferuj\u0105:<\/p>\n<ul data-start=\"1840\" data-end=\"2044\">\n<li data-start=\"1840\" data-end=\"1889\">\n<p data-start=\"1842\" data-end=\"1889\">lepsz\u0105 ergonomi\u0119 dla r\u00f3\u017cnych rozmiar\u00f3w d\u0142oni,<\/p>\n<\/li>\n<li data-start=\"1890\" data-end=\"1963\">\n<p data-start=\"1892\" data-end=\"1963\">znacznie skuteczniejsze przenoszenie si\u0142y hamowania z ka\u017cdej pozycji,<\/p>\n<\/li>\n<li data-start=\"1964\" data-end=\"2044\">\n<p data-start=\"1966\" data-end=\"2044\">mo\u017cliwo\u015b\u0107 hamowania <strong data-start=\"1986\" data-end=\"2003\">jednym palcem<\/strong> zar\u00f3wno z chwytu g\u00f3rnego, jak i dolnego.<\/p>\n<\/li>\n<\/ul>\n<p data-start=\"2046\" data-end=\"2375\">Dodatkowy przycisk na klamce umo\u017cliwia obs\u0142ug\u0119 kompatybilnych licznik\u00f3w rowerowych ANT+. Zmiana bieg\u00f3w odbywa si\u0119 zgodnie z logik\u0105 <strong data-start=\"2177\" data-end=\"2185\">eTap<\/strong>, a konfiguracja dzia\u0142ania oraz integracja dodatkowych przycisk\u00f3w <strong data-start=\"2251\" data-end=\"2269\">Wireless Blips<\/strong> mo\u017cliwa jest przez aplikacj\u0119 SRAM AXS. Regulowana jest r\u00f3wnie\u017c szeroko\u015b\u0107 klamek oraz punkt styku klock\u00f3w.<\/p>\n<p data-start=\"2377\" data-end=\"2636\">Nowe zaciski hamulcowe s\u0105 <strong data-start=\"2403\" data-end=\"2460\">sztywniejsze, l\u017cejsze i oferuj\u0105 wi\u0119kszy luz na klocki<\/strong>, co u\u0142atwia monta\u017c i eliminuje tarcie. System odpowietrzania <strong data-start=\"2522\" data-end=\"2539\">Bleeding Edge<\/strong> zapewnia szybki i czysty serwis. W por\u00f3wnaniu do poprzedniej generacji oszcz\u0119dzono <strong data-start=\"2623\" data-end=\"2635\">83 gramy<\/strong>.<\/p>\n<h3 data-start=\"2643\" data-end=\"2691\">\u00a0<strong data-start=\"2650\" data-end=\"2691\">Tylna przerzutka AXS 13-rz\u0119dowa | 46T<\/strong><\/h3>\n<p data-start=\"2692\" data-end=\"3295\">Gravel stawia przed przerzutk\u0105 znacznie wi\u0119ksze wymagania ni\u017c szosa. Dlatego SRAM przeni\u00f3s\u0142 sprawdzone rozwi\u0105zania z serii <strong data-start=\"2815\" data-end=\"2835\">MTB Transmission<\/strong>. Monta\u017c <strong data-start=\"2844\" data-end=\"2864\">Full Mount (UDH)<\/strong> zwi\u0119ksza odporno\u015b\u0107 na uderzenia, a mechanizm ochronny pozwala przerzutce chwilowo \u201eodchyli\u0107 si\u0119\u201d przy silnym kontakcie z przeszkod\u0105. Konstrukcja zosta\u0142a zoptymalizowana specjalnie pod kaset\u0119 <strong data-start=\"3056\" data-end=\"3066\">10\u201346T<\/strong>, co umo\u017cliwia monta\u017c bez klasycznych \u015brub regulacyjnych. Sprz\u0119g\u0142o inspirowane MTB skutecznie stabilizuje \u0142a\u0144cuch, a dolne k\u00f3\u0142ko <strong data-start=\"3195\" data-end=\"3210\">Magic Wheel<\/strong> pozwala zachowa\u0107 prac\u0119 nap\u0119du nawet w przypadku zablokowania przez ga\u0142\u0105\u017a czy kamie\u0144.<\/p>\n<hr data-start=\"3297\" data-end=\"3300\" \/>\n<h3 data-start=\"3302\" data-end=\"3330\">\u00a0<strong data-start=\"3309\" data-end=\"3330\">Kaseta 13-rz\u0119dowa<\/strong><\/h3>\n<p data-start=\"3331\" data-end=\"3843\">Nowa kaseta <strong data-start=\"3343\" data-end=\"3358\">XPLR 10\u201346T<\/strong> zapewnia idealny balans pomi\u0119dzy bardzo lekkimi prze\u0142o\u017ceniami na strome podjazdy a g\u0119st\u0105 gradacj\u0105 na p\u0142askich odcinkach. Dzi\u0119ki przesuni\u0119ciu najwi\u0119kszej koronki wzgl\u0119dem szprych kaseta jest kompatybilna ze standardowym b\u0119benkiem <strong data-start=\"3588\" data-end=\"3600\">SRAM XDR<\/strong> oraz \u0142a\u0144cuchami <strong data-start=\"3617\" data-end=\"3647\">Flattop 12- i 13-rz\u0119dowymi<\/strong>. Niska masa <strong data-start=\"3660\" data-end=\"3669\">289 g<\/strong> zosta\u0142a osi\u0105gni\u0119ta dzi\u0119ki konstrukcji <strong data-start=\"3708\" data-end=\"3718\">X-Dome<\/strong> \u2013 pierwsze 10 koronek frezowanych jest z jednego bloku stali, a najwi\u0119ksze aluminiowe z\u0119batki pe\u0142ni\u0105 r\u00f3wnie\u017c funkcj\u0119 paj\u0105ka.<\/p>\n<h3 data-start=\"3850\" data-end=\"3868\">\u00a0<strong data-start=\"3857\" data-end=\"3868\">\u0141a\u0144cuch<\/strong><\/h3>\n<p data-start=\"3869\" data-end=\"4107\">Nowy <strong data-start=\"3874\" data-end=\"3889\">RED Flattop<\/strong> zosta\u0142 odchudzony o <strong data-start=\"3910\" data-end=\"3923\">13 gram\u00f3w<\/strong> dzi\u0119ki sworzniom pustym w \u015brodku oraz wyci\u0119ciom w p\u0142ytkach. Zachowano przy tym bardzo wysok\u0105 trwa\u0142o\u015b\u0107 i kultur\u0119 pracy. Chromowana powierzchnia wewn\u0119trzna dodatkowo zwi\u0119ksza \u017cywotno\u015b\u0107<\/p>\n<h3 data-start=\"4114\" data-end=\"4159\">\u00a0<strong data-start=\"4121\" data-end=\"4159\">Tarcze hamulcowe Paceline X 160 mm<\/strong><\/h3>\n<p data-start=\"4160\" data-end=\"4423\">Paceline X \u0142\u0105cz\u0105 sprawdzony pier\u015bcie\u0144 hamuj\u0105cy z <strong data-start=\"4209\" data-end=\"4245\">najl\u017cejszym aluminiowym paj\u0105kiem<\/strong>, jaki kiedykolwiek zastosowa\u0142 SRAM. Konstrukcja zapewnia ciche, stabilne hamowanie i spe\u0142nia wymogi UCI. Zaokr\u0105glone kraw\u0119dzie zwi\u0119kszaj\u0105 bezpiecze\u0144stwo i u\u0142atwiaj\u0105 monta\u017c ko\u0142a.<\/p>\n<h3 data-start=\"4430\" data-end=\"4460\">\u00a0<strong data-start=\"4437\" data-end=\"4460\">Baterie i \u0142adowanie<\/strong><\/h3>\n<p data-start=\"4461\" data-end=\"4616\">Akumulator tylnej przerzutki zapewnia <strong data-start=\"4499\" data-end=\"4524\">ponad 1000 km zasi\u0119gu<\/strong>. Stan na\u0142adowania sygnalizowany jest diod\u0105 LED, a pe\u0142ne \u0142adowanie trwa oko\u0142o <strong data-start=\"4602\" data-end=\"4615\">1 godziny<\/strong>.<\/p>\n<hr data-start=\"4618\" data-end=\"4621\" \/>\n<h3 data-start=\"4623\" data-end=\"4649\"><strong data-start=\"4630\" data-end=\"4649\">Dane techniczne<\/strong><\/h3>\n<ul data-start=\"4650\" data-end=\"5201\">\n<li data-start=\"4650\" data-end=\"4675\">\n<p data-start=\"4652\" data-end=\"4675\">Przeznaczenie: Gravel<\/p>\n<\/li>\n<li data-start=\"4676\" data-end=\"4691\">\n<p data-start=\"4678\" data-end=\"4691\">Nap\u0119d: 1&#215;13<\/p>\n<\/li>\n<li data-start=\"4692\" data-end=\"4726\">\n<p data-start=\"4694\" data-end=\"4726\">Hamulce: hydrauliczne tarczowe<\/p>\n<\/li>\n<li data-start=\"4727\" data-end=\"4758\">\n<p data-start=\"4729\" data-end=\"4758\">Monta\u017c hamulc\u00f3w: Flat Mount<\/p>\n<\/li>\n<li data-start=\"4759\" data-end=\"4788\">\n<p data-start=\"4761\" data-end=\"4788\">\u0141\u0105czno\u015b\u0107: Bluetooth, ANT+<\/p>\n<\/li>\n<li data-start=\"4789\" data-end=\"4838\">\n<p data-start=\"4791\" data-end=\"4838\">Kompatybilno\u015b\u0107 Wireless Blips: tak (do 3 par)<\/p>\n<\/li>\n<li data-start=\"4839\" data-end=\"4866\">\n<p data-start=\"4841\" data-end=\"4866\">O\u015b korby: DUB Road Wide<\/p>\n<\/li>\n<li data-start=\"4867\" data-end=\"4927\">\n<p data-start=\"4869\" data-end=\"4927\">D\u0142ugo\u015bci korby: 160 \/ 165 \/ 167,5 \/ 170 \/ 172,5 \/ 175 mm<\/p>\n<\/li>\n<li data-start=\"4928\" data-end=\"4952\">\n<p data-start=\"4930\" data-end=\"4952\">Z\u0119batka: 40T lub 42T<\/p>\n<\/li>\n<li data-start=\"4953\" data-end=\"4980\">\n<p data-start=\"4955\" data-end=\"4980\">Linia \u0142a\u0144cucha: 47,5 mm<\/p>\n<\/li>\n<li data-start=\"4981\" data-end=\"5001\">\n<p data-start=\"4983\" data-end=\"5001\">Q-factor: 150 mm<\/p>\n<\/li>\n<li data-start=\"5002\" data-end=\"5020\">\n<p data-start=\"5004\" data-end=\"5020\">Kaseta: 10\u201346T<\/p>\n<\/li>\n<li data-start=\"5021\" data-end=\"5042\">\n<p data-start=\"5023\" data-end=\"5042\">B\u0119benek: SRAM XDR<\/p>\n<\/li>\n<li data-start=\"5043\" data-end=\"5100\">\n<p data-start=\"5045\" data-end=\"5100\">Tarcze: 160 mm Paceline X (Center Lock \u2013 opcjonalnie)<\/p>\n<\/li>\n<li data-start=\"5101\" data-end=\"5135\">\n<p data-start=\"5103\" data-end=\"5135\">\u017bywotno\u015b\u0107 baterii: ok. 1000 km<\/p>\n<\/li>\n<li data-start=\"5136\" data-end=\"5170\">\n<p data-start=\"5138\" data-end=\"5170\">Masa wg producenta: <strong data-start=\"5158\" data-end=\"5168\">2398 g<\/strong><\/p>\n<\/li>\n<\/ul>\n<p><strong data-start=\"5286\" data-end=\"5308\">Dob\u00f3r konfiguracji<\/strong><\/p>\n<p data-start=\"5309\" data-end=\"5523\"><strong data-start=\"5309\" data-end=\"5334\">Skontaktuj si\u0119 z nami<\/strong>, aby dobra\u0107 <strong data-start=\"5347\" data-end=\"5378\">odpowiednie parametry grupy<\/strong> \u2013 d\u0142ugo\u015b\u0107 korby, prze\u0142o\u017cenia, tarcze hamulcowe oraz kompatybilno\u015b\u0107 z ram\u0105. Ch\u0119tnie pomo\u017cemy r\u00f3wnie\u017c w konfiguracji i budowie kompletnego roweru.<\/p>\n<hr data-start=\"5525\" data-end=\"5528\" \/>\n","protected":false},"excerpt":{"rendered":"<h3>RAM RED XPLR AXS to zaawansowana grupa gravelowa stworzona do jazdy w najbardziej wymagajcych warunkach. Naped 1&#215;13 oferuje szerszy zakres przelozen oraz plynna gradacje, dzieki czemu doskonale sprawdza sie zarowno na stromych podjazdach, jak i szybkich odcinkach plaskich. Pelne mocowanie tylnej przerzutki w standardzie UDH znacznie zwieksza odpornosc na uszkodzenia i upraszcza montaz oraz regulacje.<\/h3>\n","protected":false},"featured_media":12318,"comment_status":"open","ping_status":"closed","template":"","meta":{"inline_featured_image":false},"product_cat":[80,94,153],"product_tag":[],"class_list":{"0":"post-12317","1":"product","2":"type-product","3":"status-publish","4":"has-post-thumbnail","6":"product_cat-czesci","7":"product_cat-grupy-napedowe","8":"product_cat-sram","10":"first","11":"onbackorder","12":"taxable","13":"shipping-taxable","14":"purchasable","15":"product-type-simple"},"_links":{"self":[{"href":"https:\/\/cycling-boutique.com\/index.php?rest_route=\/wp\/v2\/product\/12317","targetHints":{"allow":["GET"]}}],"collection":[{"href":"https:\/\/cycling-boutique.com\/index.php?rest_route=\/wp\/v2\/product"}],"about":[{"href":"https:\/\/cycling-boutique.com\/index.php?rest_route=\/wp\/v2\/types\/product"}],"replies":[{"embeddable":true,"href":"https:\/\/cycling-boutique.com\/index.php?rest_route=%2Fwp%2Fv2%2Fcomments&post=12317"}],"wp:featuredmedia":[{"embeddable":true,"href":"https:\/\/cycling-boutique.com\/index.php?rest_route=\/wp\/v2\/media\/12318"}],"wp:attachment":[{"href":"https:\/\/cycling-boutique.com\/index.php?rest_route=%2Fwp%2Fv2%2Fmedia&parent=12317"}],"wp:term":[{"taxonomy":"product_cat","embeddable":true,"href":"https:\/\/cycling-boutique.com\/index.php?rest_route=%2Fwp%2Fv2%2Fproduct_cat&post=12317"},{"taxonomy":"product_tag","embeddable":true,"href":"https:\/\/cycling-boutique.com\/index.php?rest_route=%2Fwp%2Fv2%2Fproduct_tag&post=12317"}],"curies":[{"name":"wp","href":"https:\/\/api.w.org\/{rel}","templated":true}]}}