{"id":12319,"date":"2026-01-29T11:19:26","date_gmt":"2026-01-29T11:19:26","guid":{"rendered":"https:\/\/cycling-boutique.com\/?post_type=product&#038;p=12319"},"modified":"2026-01-29T11:27:21","modified_gmt":"2026-01-29T11:27:21","slug":"sram-red-axs-road-road-group-2x12-powermeter","status":"publish","type":"product","link":"https:\/\/cycling-boutique.com\/produkt\/sram-red-axs-road-road-group-2x12-powermeter\/","title":{"rendered":"SRAM RED AXS Road Road Group 2&#215;12 Powermeter"},"content":{"rendered":"<p data-start=\"143\" data-end=\"216\"><strong data-start=\"143\" data-end=\"214\">SRAM RED AXS Road Bike Groupset 2&#215;12 | Powermeter\u00a0<\/strong><\/p>\n<p data-start=\"218\" data-end=\"737\">SRAM RED AXS to topowy szosowy groupset elektroniczny 2&#215;12, zaprojektowany zgodnie z filozofi\u0105 \u201eewolucja zamiast rewolucji\u201d. Najnowsza generacja zosta\u0142a udoskonalona w ka\u017cdym obszarze, oferuj\u0105c lepsz\u0105 ergonomi\u0119, szybsz\u0105 i bardziej precyzyjn\u0105 zmian\u0119 bieg\u00f3w oraz szerszy zakres prze\u0142o\u017ce\u0144. Jednocze\u015bnie SRAM zredukowa\u0142 mas\u0119 niemal wszystkich komponent\u00f3w, czyni\u0105c RED AXS jednym z najl\u017cejszych elektronicznych nap\u0119d\u00f3w szosowych na rynku. Ustawienia oraz personalizacja dzia\u0142ania odbywaj\u0105 si\u0119 za pomoc\u0105 aplikacji SRAM AXS.<\/p>\n<p data-start=\"739\" data-end=\"1813\"><strong data-start=\"739\" data-end=\"769\">AXS HRD Shift-Brake System<\/strong><br data-start=\"769\" data-end=\"772\" \/>System zmiany bieg\u00f3w i hamowania AXS HRD to najwi\u0119kszy skok technologiczny w\u015br\u00f3d nowych komponent\u00f3w RED. Przeprojektowane klamkomanetki oraz karbonowe d\u017awignie hamulca zapewniaj\u0105 znacznie lepsz\u0105 ergonomi\u0119 dla szerokiego zakresu wielko\u015bci d\u0142oni oraz wyra\u017anie skuteczniejsze przenoszenie si\u0142y hamowania z ka\u017cdej pozycji na kierownicy. Zmodyfikowany punkt obrotu oraz przeniesienie g\u0142\u00f3wnego t\u0142oka do korpusu manetki umo\u017cliwiaj\u0105 skuteczne hamowanie jednym palcem zar\u00f3wno z dolnego chwytu, jak i z \u0142apek. Dodatkowy przycisk zintegrowany w klamce mo\u017ce s\u0142u\u017cy\u0107 do zmiany bieg\u00f3w lub obs\u0142ugi kompatybilnych licznik\u00f3w ANT+. Logika zmiany bieg\u00f3w eTap pozostaje intuicyjna i w pe\u0142ni konfigurowalna w aplikacji. Mo\u017cliwa jest regulacja szeroko\u015bci klamek oraz punktu styku, a system wspiera dodatkowe przyciski Wireless Blips. Nowe zaciski hamulcowe s\u0105 sztywniejsze i wyra\u017anie l\u017cejsze, oferuj\u0105 wi\u0119kszy luz na klocki oraz \u0142atwiejszy serwis dzi\u0119ki technologii Bleeding Edge. W por\u00f3wnaniu do poprzedniej generacji masa systemu zosta\u0142a zmniejszona o 83 gramy.<\/p>\n<p data-start=\"1815\" data-end=\"2386\"><strong data-start=\"1815\" data-end=\"1835\">Tylna przerzutka<\/strong><br data-start=\"1835\" data-end=\"1838\" \/>Tylna przerzutka SRAM RED AXS zosta\u0142a dodatkowo odchudzona o 16 gram\u00f3w i zapewnia jeszcze wy\u017csz\u0105 efektywno\u015b\u0107 pracy \u0142a\u0144cucha. Wi\u0119ksze k\u00f3\u0142ka przerzutki z \u0142o\u017cyskami ceramicznymi oraz profil z\u0119b\u00f3w X-Sync zmniejszaj\u0105 opory i poprawiaj\u0105 p\u0142ynno\u015b\u0107 nap\u0119du. System t\u0142umienia drga\u0144 Orbit Fluid stabilizuje \u0142a\u0144cuch nawet podczas jazdy po nier\u00f3wnym terenie. Konfiguracja oraz diagnostyka odbywa si\u0119 bezprzewodowo przez aplikacj\u0119 SRAM AXS. Zintegrowany nadajnik ANT+ umo\u017cliwia wy\u015bwietlanie aktualnego biegu oraz stanu na\u0142adowania baterii na liczniku rowerowym.<\/p>\n<p data-start=\"2388\" data-end=\"2858\"><strong data-start=\"2388\" data-end=\"2411\">Przednia przerzutka<\/strong><br data-start=\"2411\" data-end=\"2414\" \/>Przednia przerzutka SRAM RED AXS gwarantuje szybk\u0105 i precyzyjn\u0105 zmian\u0119 bieg\u00f3w w ka\u017cdych warunkach. Zosta\u0142a zaprojektowana do wsp\u00f3\u0142pracy z pe\u0142nym zakresem korb SRAM X-Range 2x \u2013 od 46-33 do 56-43. Technologia Yaw oraz funkcja Auto Trim eliminuj\u0105 ocieranie \u0142a\u0144cucha w ka\u017cdej kombinacji prze\u0142o\u017ce\u0144. Dzi\u0119ki integracji z systemem AXS mo\u017cliwa jest pe\u0142na personalizacja pracy przerzutki, a nowy system monta\u017cu u\u0142atwia szybkie i precyzyjne ustawienie.<\/p>\n<p data-start=\"2860\" data-end=\"3424\"><strong data-start=\"2860\" data-end=\"2880\">Powermeter Crank<\/strong><br data-start=\"2880\" data-end=\"2883\" \/>Korba SRAM RED DUB AXS z pomiarem mocy to jedno z najl\u017cejszych i najbardziej zaawansowanych rozwi\u0105za\u0144 treningowych na rynku. Dzi\u0119ki zoptymalizowanej konstrukcji ramion z karbonu masa zosta\u0142a zredukowana o kolejne 29 gram\u00f3w. Prze\u0142o\u017cenia X-Range z r\u00f3\u017cnic\u0105 13 z\u0119b\u00f3w mi\u0119dzy tarczami zapewniaj\u0105 p\u0142ynn\u0105 zmian\u0119 bieg\u00f3w bez konieczno\u015bci korekty na kasecie. Jednocz\u0119\u015bciowa konstrukcja tarcz zwi\u0119ksza sztywno\u015b\u0107 i trwa\u0142o\u015b\u0107, a specjalna pow\u0142oka z\u0119b\u00f3w wyd\u0142u\u017ca ich \u017cywotno\u015b\u0107. O\u015b korby w standardzie DUB Road gwarantuje szerok\u0105 kompatybilno\u015b\u0107 z suportami.<\/p>\n<p data-start=\"3426\" data-end=\"3452\"><strong data-start=\"3426\" data-end=\"3450\">Funkcje pomiaru mocy<\/strong><\/p>\n<ul data-start=\"3453\" data-end=\"3957\">\n<li data-start=\"3453\" data-end=\"3526\">\n<p data-start=\"3455\" data-end=\"3526\">Pomiar mocy zintegrowany w tarczach dla maksymalnej oszcz\u0119dno\u015bci masy<\/p>\n<\/li>\n<li data-start=\"3527\" data-end=\"3566\">\n<p data-start=\"3529\" data-end=\"3566\">10K Active Temperature Compensation<\/p>\n<\/li>\n<li data-start=\"3567\" data-end=\"3632\">\n<p data-start=\"3569\" data-end=\"3632\">Bezprzewodowa transmisja danych Bluetooth Low Energy lub ANT+<\/p>\n<\/li>\n<li data-start=\"3633\" data-end=\"3713\">\n<p data-start=\"3635\" data-end=\"3713\">Pomiar kadencji za pomoc\u0105 czujnik\u00f3w przyspieszenia (bez dodatkowego magnesu)<\/p>\n<\/li>\n<li data-start=\"3714\" data-end=\"3753\">\n<p data-start=\"3716\" data-end=\"3753\">Wodoodporno\u015b\u0107 wed\u0142ug standardu IPX7<\/p>\n<\/li>\n<li data-start=\"3754\" data-end=\"3787\">\n<p data-start=\"3756\" data-end=\"3787\">LED wskazuj\u0105cy poziom baterii<\/p>\n<\/li>\n<li data-start=\"3788\" data-end=\"3867\">\n<p data-start=\"3790\" data-end=\"3867\">Czas pracy do 200 godzin (bateria wymieniana bez narz\u0119dzi, standard CR2032)<\/p>\n<\/li>\n<li data-start=\"3868\" data-end=\"3928\">\n<p data-start=\"3870\" data-end=\"3928\">Power Balance mierzy moc lewej i prawej nogi niezale\u017cnie<\/p>\n<\/li>\n<li data-start=\"3929\" data-end=\"3957\">\n<p data-start=\"3931\" data-end=\"3957\">Dok\u0142adno\u015b\u0107 pomiaru \u00b11,5%<\/p>\n<\/li>\n<\/ul>\n<p data-start=\"3959\" data-end=\"4194\"><strong data-start=\"3959\" data-end=\"3970\">\u0141a\u0144cuch<\/strong><br data-start=\"3970\" data-end=\"3973\" \/>\u0141a\u0144cuch SRAM RED Flattop zosta\u0142 odchudzony dzi\u0119ki zastosowaniu pustych sworzni oraz wyci\u0119\u0107 w p\u0142ytkach. Zachowuje bardzo wysok\u0105 trwa\u0142o\u015b\u0107 oraz cich\u0105 i p\u0142ynn\u0105 prac\u0119 dzi\u0119ki chromowanemu wyko\u0144czeniu wewn\u0119trznych powierzchni.<\/p>\n<p data-start=\"4196\" data-end=\"4608\"><strong data-start=\"4196\" data-end=\"4206\">Kaseta<\/strong><br data-start=\"4206\" data-end=\"4209\" \/>Kasety SRAM RED AXS \u0142\u0105cz\u0105 szeroki zakres prze\u0142o\u017ce\u0144 z niewielkimi skokami mi\u0119dzy biegami. Konstrukcja X-Dome polega na frezowaniu bloku z\u0119batek z jednego kawa\u0142ka stali, co zapewnia nisk\u0105 mas\u0119 i wysok\u0105 trwa\u0142o\u015b\u0107. Jedynie najwi\u0119ksza koronka wykonana jest z aluminium. Specjalne rampy zmiany bieg\u00f3w zosta\u0142y zoptymalizowane pod elektroniczne przerzutki AXS. Dost\u0119pne zakresy: 10-28, 10-30, 10-33, 10-36.<\/p>\n<p data-start=\"4610\" data-end=\"4888\"><strong data-start=\"4610\" data-end=\"4641\">Tarcze hamulcowe Paceline X<\/strong><br data-start=\"4641\" data-end=\"4644\" \/>Tarcze hamulcowe Paceline X 160 mm \u0142\u0105cz\u0105 cich\u0105 i stabiln\u0105 prac\u0119 z ultralekkim aluminiowym paj\u0105kiem. Konstrukcja zoptymalizowana pod jazd\u0119 szosow\u0105 spe\u0142nia normy UCI, a zaokr\u0105glone kraw\u0119dzie poprawiaj\u0105 bezpiecze\u0144stwo oraz u\u0142atwiaj\u0105 monta\u017c ko\u0142a.<\/p>\n<p data-start=\"4890\" data-end=\"5151\"><strong data-start=\"4890\" data-end=\"4901\">Baterie<\/strong><br data-start=\"4901\" data-end=\"4904\" \/>Akumulatory tylnej i przedniej przerzutki zapewniaj\u0105 zasi\u0119g przekraczaj\u0105cy 1000 km. Stan na\u0142adowania sygnalizowany jest diodami LED. Obie baterie s\u0105 identyczne i mog\u0105 by\u0107 wymieniane mi\u0119dzy komponentami. Pe\u0142ne \u0142adowanie trwa oko\u0142o jednej godziny.<\/p>\n<p data-start=\"5153\" data-end=\"5174\"><strong data-start=\"5153\" data-end=\"5172\">Dane techniczne<\/strong><\/p>\n<ul data-start=\"5175\" data-end=\"5660\">\n<li data-start=\"5175\" data-end=\"5198\">\n<p data-start=\"5177\" data-end=\"5198\">Zastosowanie: szosa<\/p>\n<\/li>\n<li data-start=\"5199\" data-end=\"5214\">\n<p data-start=\"5201\" data-end=\"5214\">Nap\u0119d: 2&#215;12<\/p>\n<\/li>\n<li data-start=\"5215\" data-end=\"5249\">\n<p data-start=\"5217\" data-end=\"5249\">Hamulce: hydrauliczne tarczowe<\/p>\n<\/li>\n<li data-start=\"5250\" data-end=\"5284\">\n<p data-start=\"5252\" data-end=\"5284\">Mocowanie hamulc\u00f3w: flat mount<\/p>\n<\/li>\n<li data-start=\"5285\" data-end=\"5314\">\n<p data-start=\"5287\" data-end=\"5314\">\u0141\u0105czno\u015b\u0107: Bluetooth, ANT+<\/p>\n<\/li>\n<li data-start=\"5315\" data-end=\"5357\">\n<p data-start=\"5317\" data-end=\"5357\">Pomiar mocy: system spider, obustronny<\/p>\n<\/li>\n<li data-start=\"5358\" data-end=\"5386\">\n<p data-start=\"5360\" data-end=\"5386\">Bateria miernika: CR2032<\/p>\n<\/li>\n<li data-start=\"5387\" data-end=\"5425\">\n<p data-start=\"5389\" data-end=\"5425\">Czas pracy miernika: do 200 godzin<\/p>\n<\/li>\n<li data-start=\"5426\" data-end=\"5454\">\n<p data-start=\"5428\" data-end=\"5454\">Prze\u0142o\u017cenia korby: 46-33<\/p>\n<\/li>\n<li data-start=\"5455\" data-end=\"5494\">\n<p data-start=\"5457\" data-end=\"5494\">Kompatybilne tarcze: 46-33 do 56-43<\/p>\n<\/li>\n<li data-start=\"5495\" data-end=\"5533\">\n<p data-start=\"5497\" data-end=\"5533\">Kasety: 10-28, 10-30, 10-33, 10-36<\/p>\n<\/li>\n<li data-start=\"5534\" data-end=\"5555\">\n<p data-start=\"5536\" data-end=\"5555\">B\u0119benek: SRAM XDR<\/p>\n<\/li>\n<li data-start=\"5556\" data-end=\"5585\">\n<p data-start=\"5558\" data-end=\"5585\">Tarcze: 160 mm Paceline X<\/p>\n<\/li>\n<li data-start=\"5586\" data-end=\"5620\">\n<p data-start=\"5588\" data-end=\"5620\">\u017bywotno\u015b\u0107 baterii: ok. 1000 km<\/p>\n<\/li>\n<li data-start=\"5621\" data-end=\"5660\">\n<p data-start=\"5623\" data-end=\"5660\">Masa: od 2170 g bez tarcz i suportu<\/p>\n<\/li>\n<\/ul>\n<p data-start=\"5749\" data-end=\"5955\"><strong data-start=\"5749\" data-end=\"5774\">Skontaktuj si\u0119 z nami<\/strong>, aby dobra\u0107 odpowiednie parametry grupy, takie jak prze\u0142o\u017cenia, d\u0142ugo\u015b\u0107 korby oraz kompatybilno\u015b\u0107 z ram\u0105. Ch\u0119tnie pomo\u017cemy r\u00f3wnie\u017c w konfiguracji oraz budowie kompletnego roweru.<\/p>\n","protected":false},"excerpt":{"rendered":"<h3>SRAM RED AXS to topowy szosowy groupset elektroniczny 2&#215;12, zaprojektowany zgodnie z filozofi\u0105 \u201eewolucja zamiast rewolucji\u201d. Najnowsza generacja zosta\u0142a udoskonalona w ka\u017cdym obszarze, oferuj\u0105c lepsz\u0105 ergonomi\u0119, szybsz\u0105 i bardziej precyzyjn\u0105 zmian\u0119 bieg\u00f3w oraz szerszy zakres prze\u0142o\u017ce\u0144. Jednocze\u015bnie SRAM zredukowa\u0142 mas\u0119 niemal wszystkich komponent\u00f3w, czyni\u0105c RED AXS jednym z najl\u017cejszych elektronicznych nap\u0119d\u00f3w szosowych na rynku. Ustawienia oraz personalizacja dzia\u0142ania odbywaj\u0105 si\u0119 za pomoc\u0105 aplikacji SRAM AXS.<\/h3>\n","protected":false},"featured_media":12320,"comment_status":"open","ping_status":"closed","template":"","meta":{"inline_featured_image":false},"product_cat":[80,94,153],"product_tag":[],"class_list":{"0":"post-12319","1":"product","2":"type-product","3":"status-publish","4":"has-post-thumbnail","6":"product_cat-czesci","7":"product_cat-grupy-napedowe","8":"product_cat-sram","10":"first","11":"onbackorder","12":"taxable","13":"shipping-taxable","14":"purchasable","15":"product-type-simple"},"_links":{"self":[{"href":"https:\/\/cycling-boutique.com\/wp-json\/wp\/v2\/product\/12319","targetHints":{"allow":["GET"]}}],"collection":[{"href":"https:\/\/cycling-boutique.com\/wp-json\/wp\/v2\/product"}],"about":[{"href":"https:\/\/cycling-boutique.com\/wp-json\/wp\/v2\/types\/product"}],"replies":[{"embeddable":true,"href":"https:\/\/cycling-boutique.com\/wp-json\/wp\/v2\/comments?post=12319"}],"wp:featuredmedia":[{"embeddable":true,"href":"https:\/\/cycling-boutique.com\/wp-json\/wp\/v2\/media\/12320"}],"wp:attachment":[{"href":"https:\/\/cycling-boutique.com\/wp-json\/wp\/v2\/media?parent=12319"}],"wp:term":[{"taxonomy":"product_cat","embeddable":true,"href":"https:\/\/cycling-boutique.com\/wp-json\/wp\/v2\/product_cat?post=12319"},{"taxonomy":"product_tag","embeddable":true,"href":"https:\/\/cycling-boutique.com\/wp-json\/wp\/v2\/product_tag?post=12319"}],"curies":[{"name":"wp","href":"https:\/\/api.w.org\/{rel}","templated":true}]}}