{"id":12321,"date":"2026-01-29T11:24:26","date_gmt":"2026-01-29T11:24:26","guid":{"rendered":"https:\/\/cycling-boutique.com\/?post_type=product&#038;p=12321"},"modified":"2026-01-29T11:26:12","modified_gmt":"2026-01-29T11:26:12","slug":"sram-red-axs-road-road-group-2x12","status":"publish","type":"product","link":"https:\/\/cycling-boutique.com\/?product=sram-red-axs-road-road-group-2x12","title":{"rendered":"SRAM RED AXS Road Road Group 2&#215;12"},"content":{"rendered":"<p data-start=\"156\" data-end=\"212\"><strong data-start=\"156\" data-end=\"210\">SRAM RED AXS Road Bike Groupset 2&#215;12<\/strong><\/p>\n<p data-start=\"214\" data-end=\"750\">SRAM RED AXS to najwy\u017cszej klasy szosowy groupset elektroniczny 2&#215;12, zaprojektowany zgodnie z filozofi\u0105 \u201eewolucja zamiast rewolucji\u201d. Najnowsza generacja zosta\u0142a udoskonalona w ka\u017cdym obszarze, oferuj\u0105c lepsz\u0105 ergonomi\u0119, szybsz\u0105 i bardziej precyzyjn\u0105 zmian\u0119 bieg\u00f3w oraz szerszy zakres prze\u0142o\u017ce\u0144. Jednocze\u015bnie SRAM zredukowa\u0142 mas\u0119 niemal wszystkich komponent\u00f3w, czyni\u0105c RED AXS jednym z najl\u017cejszych elektronicznych nap\u0119d\u00f3w szosowych na rynku. Ustawienia oraz personalizacja dzia\u0142ania odbywaj\u0105 si\u0119 wygodnie poprzez aplikacj\u0119 SRAM AXS.<\/p>\n<p data-start=\"752\" data-end=\"1927\"><strong data-start=\"752\" data-end=\"782\">AXS HRD Shift-Brake System<\/strong><br data-start=\"782\" data-end=\"785\" \/>System zmiany bieg\u00f3w i hamowania AXS HRD to najwi\u0119kszy skok technologiczny w\u015br\u00f3d nowych komponent\u00f3w RED. Przeprojektowane klamkomanetki oraz karbonowe d\u017awignie hamulca zapewniaj\u0105 lepsz\u0105 ergonomi\u0119 dla szerokiego zakresu wielko\u015bci d\u0142oni oraz wyra\u017anie skuteczniejsze przenoszenie si\u0142y hamowania z ka\u017cdej pozycji na kierownicy. Zmodyfikowany punkt obrotu oraz przeniesienie g\u0142\u00f3wnego t\u0142oka do korpusu manetki umo\u017cliwiaj\u0105 skuteczne hamowanie jednym palcem zar\u00f3wno z dolnego chwytu, jak i z \u0142apek. Dodatkowy przycisk w klamce mo\u017ce s\u0142u\u017cy\u0107 do zmiany bieg\u00f3w lub obs\u0142ugi kompatybilnych licznik\u00f3w ANT+. G\u0142\u00f3wne d\u017awignie zmiany bieg\u00f3w dzia\u0142aj\u0105 wed\u0142ug sprawdzonej logiki eTap: jeden prze\u0142\u0105cznik do zmiany w g\u00f3r\u0119, drugi w d\u00f3\u0142; jednoczesna obs\u0142uga obu prze\u0142\u0105cznik\u00f3w powoduje zmian\u0119 przedniej przerzutki. Logik\u0119 zmiany bieg\u00f3w mo\u017cna spersonalizowa\u0107 przez aplikacj\u0119 SRAM AXS. Szeroko\u015b\u0107 klamek oraz punkt ich kontaktu z kierownic\u0105 mo\u017cna \u0142atwo regulowa\u0107. Nowe zaciski hamulcowe s\u0105 sztywniejsze, l\u017cejsze, a ich monta\u017c i serwisowanie dzi\u0119ki technologii Bleeding Edge jest prostsze. W por\u00f3wnaniu do poprzedniej generacji masa systemu zosta\u0142a zmniejszona o 83 gramy.<\/p>\n<p data-start=\"1929\" data-end=\"2493\"><strong data-start=\"1929\" data-end=\"1949\">Tylna przerzutka<\/strong><br data-start=\"1949\" data-end=\"1952\" \/>Nowa tylna przerzutka SRAM RED AXS jest jeszcze l\u017cejsza i bardziej efektywna. W por\u00f3wnaniu do poprzedniej generacji uda\u0142o si\u0119 zredukowa\u0107 mas\u0119 o 16 gram\u00f3w. Wi\u0119ksze k\u00f3\u0142ka przerzutki z \u0142o\u017cyskami ceramicznymi oraz profil z\u0119b\u00f3w X-Sync poprawiaj\u0105 p\u0142ynno\u015b\u0107 pracy \u0142a\u0144cucha. T\u0142umienie drga\u0144 Orbit Fluid stabilizuje \u0142a\u0144cuch nawet podczas dynamicznej jazdy. Konfiguracja i diagnostyka odbywa si\u0119 bezprzewodowo przez aplikacj\u0119 SRAM AXS. Zintegrowany nadajnik ANT+ pozwala na wy\u015bwietlanie stanu baterii oraz bie\u017c\u0105cego prze\u0142o\u017cenia na liczniku rowerowym.<\/p>\n<p data-start=\"2495\" data-end=\"2951\"><strong data-start=\"2495\" data-end=\"2518\">Przednia przerzutka<\/strong><br data-start=\"2518\" data-end=\"2521\" \/>Przednia przerzutka SRAM RED AXS zapewnia szybk\u0105 i precyzyjn\u0105 zmian\u0119 bieg\u00f3w w ka\u017cdych warunkach. Jest kompatybilna z pe\u0142nym zakresem korb SRAM X-Range 2x \u2013 od 46-33 do 56-43 z\u0119b\u00f3w. Technologia Yaw z funkcj\u0105 Auto Trim eliminuje ocieranie \u0142a\u0144cucha w ka\u017cdej kombinacji prze\u0142o\u017ce\u0144. Integracja z systemem AXS pozwala na personalizacj\u0119 dzia\u0142ania przerzutki przez aplikacj\u0119. Nowy system monta\u017cu u\u0142atwia precyzyjne ustawienie przerzutki.<\/p>\n<p data-start=\"2953\" data-end=\"3641\"><strong data-start=\"2953\" data-end=\"2962\">Korba<\/strong><br data-start=\"2962\" data-end=\"2965\" \/>Korba SRAM RED DUB to jeden z najl\u017cejszych i najbardziej zaawansowanych element\u00f3w grupy. Dzi\u0119ki zoptymalizowanej konstrukcji ramion z karbonu masa zosta\u0142a zmniejszona o kolejne 29 gram\u00f3w. Sprawdzone prze\u0142o\u017cenia X-Range z r\u00f3\u017cnic\u0105 13 z\u0119b\u00f3w mi\u0119dzy tarczami zapewniaj\u0105 p\u0142ynn\u0105 zmian\u0119 bieg\u00f3w bez konieczno\u015bci korekty tylnej przerzutki. Jednocz\u0119\u015bciowa konstrukcja tarcz zwi\u0119ksza sztywno\u015b\u0107 i trwa\u0142o\u015b\u0107. Z\u0119by tarcz maj\u0105 specjaln\u0105 pow\u0142ok\u0119 dla d\u0142ugiego okresu u\u017cytkowania. O\u015b korby w standardzie DUB Road gwarantuje szerok\u0105 kompatybilno\u015b\u0107 z suportami. Korba mo\u017ce zosta\u0107 w \u0142atwy spos\u00f3b wyposa\u017cona w system pomiaru mocy przy u\u017cyciu zestawu SRAM AXS Powermeter dost\u0119pnego w naszym sklepie.<\/p>\n<p data-start=\"3643\" data-end=\"3855\"><strong data-start=\"3643\" data-end=\"3654\">\u0141a\u0144cuch<\/strong><br data-start=\"3654\" data-end=\"3657\" \/>\u0141a\u0144cuch SRAM RED Flattop zosta\u0142 odchudzony dzi\u0119ki zastosowaniu pustych sworzni oraz wyci\u0119\u0107 w p\u0142ytkach. Zachowuje wysok\u0105 trwa\u0142o\u015b\u0107 i p\u0142ynn\u0105 prac\u0119 dzi\u0119ki chromowanej pow\u0142oce wewn\u0119trznych powierzchni.<\/p>\n<p data-start=\"3857\" data-end=\"4226\"><strong data-start=\"3857\" data-end=\"3867\">Kaseta<\/strong><br data-start=\"3867\" data-end=\"3870\" \/>Kasety SRAM RED \u0142\u0105cz\u0105 szeroki zakres prze\u0142o\u017ce\u0144 z niewielkimi skokami mi\u0119dzy biegami. Dzi\u0119ki konstrukcji X-Dome i frezowaniu z jednego bloku stali s\u0105 jednymi z najl\u017cejszych kaset na rynku. Jedynie najwi\u0119ksza koronka jest aluminiowa. Rampy zmiany bieg\u00f3w zosta\u0142y zoptymalizowane pod elektroniczne przerzutki AXS. Dost\u0119pne wersje: 10-28, 10-30, 10-33, 10-36.<\/p>\n<p data-start=\"4228\" data-end=\"4485\"><strong data-start=\"4228\" data-end=\"4259\">Tarcze hamulcowe Paceline X<\/strong><br data-start=\"4259\" data-end=\"4262\" \/>Tarcze Paceline X 160 mm \u0142\u0105cz\u0105 cich\u0105 i stabiln\u0105 prac\u0119 z ultralekkim aluminiowym paj\u0105kiem. Konstrukcja zoptymalizowana pod szos\u0119 spe\u0142nia normy UCI, a zaokr\u0105glone kraw\u0119dzie poprawiaj\u0105 bezpiecze\u0144stwo i u\u0142atwiaj\u0105 monta\u017c ko\u0142a.<\/p>\n<p data-start=\"4487\" data-end=\"4727\"><strong data-start=\"4487\" data-end=\"4498\">Baterie<\/strong><br data-start=\"4498\" data-end=\"4501\" \/>Akumulatory tylnej i przedniej przerzutki zapewniaj\u0105 zasi\u0119g powy\u017cej 1000 km. Stan na\u0142adowania sygnalizuj\u0105 diody LED. Baterie s\u0105 identyczne i mog\u0105 by\u0107 wymieniane mi\u0119dzy komponentami. Czas pe\u0142nego \u0142adowania to oko\u0142o 1 godzina.<\/p>\n<p data-start=\"4729\" data-end=\"4750\"><strong data-start=\"4729\" data-end=\"4748\">Dane techniczne<\/strong><\/p>\n<ul data-start=\"4751\" data-end=\"5334\">\n<li data-start=\"4751\" data-end=\"4791\">\n<p data-start=\"4753\" data-end=\"4791\">Materia\u0142: aluminium, karbon, plastik<\/p>\n<\/li>\n<li data-start=\"4792\" data-end=\"4807\">\n<p data-start=\"4794\" data-end=\"4807\">Nap\u0119d: 2&#215;12<\/p>\n<\/li>\n<li data-start=\"4808\" data-end=\"4871\">\n<p data-start=\"4810\" data-end=\"4871\">Manetki: Shift | hamulec hydrauliczny | prawa i lewa strona<\/p>\n<\/li>\n<li data-start=\"4872\" data-end=\"4899\">\n<p data-start=\"4874\" data-end=\"4899\">Bateria manetki: CR2032<\/p>\n<\/li>\n<li data-start=\"4900\" data-end=\"4947\">\n<p data-start=\"4902\" data-end=\"4947\">Hamulec: tarczowy hydrauliczny | flat mount<\/p>\n<\/li>\n<li data-start=\"4948\" data-end=\"4975\">\n<p data-start=\"4950\" data-end=\"4975\">P\u0142yn hamulcowy: DOT 5.1<\/p>\n<\/li>\n<li data-start=\"4976\" data-end=\"5015\">\n<p data-start=\"4978\" data-end=\"5015\">D\u0142ugo\u015b\u0107 przewod\u00f3w: 950 mm | 1800 mm<\/p>\n<\/li>\n<li data-start=\"5016\" data-end=\"5045\">\n<p data-start=\"5018\" data-end=\"5045\">\u0141\u0105czno\u015b\u0107: Bluetooth, ANT+<\/p>\n<\/li>\n<li data-start=\"5046\" data-end=\"5122\">\n<p data-start=\"5048\" data-end=\"5122\">Kompatybilne prze\u0142o\u017cenia korby: 46-33, 48-35, 50-37, 52-39, 54-41, 56-43<\/p>\n<\/li>\n<li data-start=\"5123\" data-end=\"5196\">\n<p data-start=\"5125\" data-end=\"5196\">Kompatybilne kasety: 10-28, 10-30, 10-30, 10-36 (nie wchodzi w sk\u0142ad)<\/p>\n<\/li>\n<li data-start=\"5197\" data-end=\"5259\">\n<p data-start=\"5199\" data-end=\"5259\">Monta\u017c przedniej przerzutki: braze-on (opcjonalnie obejma)<\/p>\n<\/li>\n<li data-start=\"5260\" data-end=\"5294\">\n<p data-start=\"5262\" data-end=\"5294\">\u017bywotno\u015b\u0107 baterii: ok. 1000 km<\/p>\n<\/li>\n<li data-start=\"5295\" data-end=\"5334\">\n<p data-start=\"5297\" data-end=\"5334\">Masa: od 2135 g bez tarcz i suportu<\/p>\n<\/li>\n<\/ul>\n<p data-start=\"5336\" data-end=\"5357\"><strong data-start=\"5336\" data-end=\"5355\">Zakres dostawy:<\/strong><\/p>\n<ul data-start=\"5359\" data-end=\"5909\">\n<li data-start=\"5359\" data-end=\"5473\">\n<p data-start=\"5361\" data-end=\"5473\">1x SRAM RED AXS shift brake lever 2&#215;12 lewa i prawa w tym zaciski flat mount i przewody hamulcowe (nape\u0142nione)<\/p>\n<\/li>\n<li data-start=\"5474\" data-end=\"5530\">\n<p data-start=\"5476\" data-end=\"5530\">1x SRAM RED AXS tylna przerzutka 12 bieg\u00f3w z bateri\u0105<\/p>\n<\/li>\n<li data-start=\"5531\" data-end=\"5580\">\n<p data-start=\"5533\" data-end=\"5580\">1x SRAM RED AXS przednia przerzutka z bateri\u0105<\/p>\n<\/li>\n<li data-start=\"5581\" data-end=\"5619\">\n<p data-start=\"5583\" data-end=\"5619\">1x SRAM RED DUB korba<\/p>\n<\/li>\n<li data-start=\"5620\" data-end=\"5670\">\n<p data-start=\"5622\" data-end=\"5670\">1x SRAM RED XG-1290 12 bieg\u00f3w kaseta | srebrna<\/p>\n<\/li>\n<li data-start=\"5671\" data-end=\"5714\">\n<p data-start=\"5673\" data-end=\"5714\">1x SRAM RED 12 bieg\u00f3w \u0142a\u0144cuch 126 ogniw<\/p>\n<\/li>\n<li data-start=\"5715\" data-end=\"5739\">\n<p data-start=\"5717\" data-end=\"5739\">1x \u0142adowarka i kabel<\/p>\n<\/li>\n<li data-start=\"5740\" data-end=\"5832\">\n<p data-start=\"5742\" data-end=\"5832\">2x SRAM Paceline X 160 mm tarcze | Center Lock<\/p>\n<\/li>\n<li data-start=\"5875\" data-end=\"5909\">\n<p data-start=\"5877\" data-end=\"5909\">1x instrukcja szybkiego startu<\/p>\n<\/li>\n<\/ul>\n<p data-start=\"5911\" data-end=\"6102\"><strong data-start=\"5911\" data-end=\"5936\">Skontaktuj si\u0119 z nami<\/strong>, aby dobra\u0107 odpowiednie parametry grupy, takie jak d\u0142ugo\u015b\u0107 korby czy kompatybilno\u015b\u0107 z ram\u0105. Ch\u0119tnie pomo\u017cemy r\u00f3wnie\u017c w konfiguracji lub budowie kompletnego roweru.<\/p>\n","protected":false},"excerpt":{"rendered":"<h3>SRAM RED AXS to topowy szosowy groupset elektroniczny 2&#215;12, zaprojektowany zgodnie z filozofi\u0105 \u201eewolucja zamiast rewolucji\u201d. Najnowsza generacja zosta\u0142a udoskonalona w ka\u017cdym obszarze, oferuj\u0105c lepsz\u0105 ergonomi\u0119, szybsz\u0105 i bardziej precyzyjn\u0105 zmian\u0119 bieg\u00f3w oraz szerszy zakres prze\u0142o\u017ce\u0144. Jednocze\u015bnie SRAM zredukowa\u0142 mas\u0119 niemal wszystkich komponent\u00f3w, czyni\u0105c RED AXS jednym z najl\u017cejszych elektronicznych nap\u0119d\u00f3w szosowych na rynku. Ustawienia oraz personalizacja dzia\u0142ania odbywaj\u0105 si\u0119 za pomoc\u0105 aplikacji SRAM AXS.<\/h3>\n","protected":false},"featured_media":12322,"comment_status":"open","ping_status":"closed","template":"","meta":{"inline_featured_image":false},"product_cat":[80,94,153],"product_tag":[],"class_list":{"0":"post-12321","1":"product","2":"type-product","3":"status-publish","4":"has-post-thumbnail","6":"product_cat-czesci","7":"product_cat-grupy-napedowe","8":"product_cat-sram","10":"first","11":"onbackorder","12":"taxable","13":"shipping-taxable","14":"purchasable","15":"product-type-simple"},"_links":{"self":[{"href":"https:\/\/cycling-boutique.com\/index.php?rest_route=\/wp\/v2\/product\/12321","targetHints":{"allow":["GET"]}}],"collection":[{"href":"https:\/\/cycling-boutique.com\/index.php?rest_route=\/wp\/v2\/product"}],"about":[{"href":"https:\/\/cycling-boutique.com\/index.php?rest_route=\/wp\/v2\/types\/product"}],"replies":[{"embeddable":true,"href":"https:\/\/cycling-boutique.com\/index.php?rest_route=%2Fwp%2Fv2%2Fcomments&post=12321"}],"wp:featuredmedia":[{"embeddable":true,"href":"https:\/\/cycling-boutique.com\/index.php?rest_route=\/wp\/v2\/media\/12322"}],"wp:attachment":[{"href":"https:\/\/cycling-boutique.com\/index.php?rest_route=%2Fwp%2Fv2%2Fmedia&parent=12321"}],"wp:term":[{"taxonomy":"product_cat","embeddable":true,"href":"https:\/\/cycling-boutique.com\/index.php?rest_route=%2Fwp%2Fv2%2Fproduct_cat&post=12321"},{"taxonomy":"product_tag","embeddable":true,"href":"https:\/\/cycling-boutique.com\/index.php?rest_route=%2Fwp%2Fv2%2Fproduct_tag&post=12321"}],"curies":[{"name":"wp","href":"https:\/\/api.w.org\/{rel}","templated":true}]}}