{"id":12323,"date":"2026-01-29T11:29:41","date_gmt":"2026-01-29T11:29:41","guid":{"rendered":"https:\/\/cycling-boutique.com\/?post_type=product&#038;p=12323"},"modified":"2026-01-29T11:32:09","modified_gmt":"2026-01-29T11:32:09","slug":"shimano-dura-ace-di2-road-group-r9270","status":"publish","type":"product","link":"https:\/\/cycling-boutique.com\/?product=shimano-dura-ace-di2-road-group-r9270","title":{"rendered":"SHIMANO Dura Ace Di2 Road Group R9270"},"content":{"rendered":"<p data-start=\"179\" data-end=\"254\"><strong data-start=\"179\" data-end=\"252\">Shimano Dura Ace Di2 Road Bike Groupset R9270 2&#215;12<\/strong><\/p>\n<p data-start=\"256\" data-end=\"874\">Z komponentami serii 9200 Dura Ace, Shimano oferuje to, co aktualnie najlepsze na rynku. W ka\u017cdym detalu wida\u0107 wieloletnie do\u015bwiadczenie japo\u0144skiej firmy \u2013 zar\u00f3wno pod wzgl\u0119dem funkcjonalno\u015bci, trwa\u0142o\u015bci, jak i masy. Dzi\u0119ki temu topowy groupset Shimano wprowadza prawdziw\u0105 rewolucj\u0119 w komponentach Di2. Technologia przewodowa z nowym, wy\u0142\u0105cznie opracowanym protoko\u0142em transmisji zapewnia obecnie najszybsz\u0105 zmian\u0119 bieg\u00f3w w bran\u017cy rowerowej. Aby tylna i przednia przerzutka by\u0142y jak najbardziej kompaktowe i aerodynamiczne, komponenty te pod\u0142\u0105czone s\u0105 do nowego wewn\u0119trznego akumulatora BT-DN300 poprzez kabel E-Tube.<\/p>\n<p data-start=\"876\" data-end=\"2096\"><strong data-start=\"876\" data-end=\"950\">Dura Ace Di2 Shift Lever ST-R9270 i BR-R9270 Flat Mount Disc Brake Set<\/strong><br data-start=\"950\" data-end=\"953\" \/>Jedno naci\u015bni\u0119cie przycisku \u2013 i prze\u0142o\u017cenia zmieniane s\u0105 szybko i precyzyjnie. Dok\u0142adny punkt nacisku klamek gwarantuje, \u017ce zmiana bieg\u00f3w nast\u0119puje wy\u0142\u0105cznie wtedy, gdy rowerzysta \u015bwiadomie wykonuje ruch. Nie ma ryzyka przypadkowego wci\u015bni\u0119cia. Bezprzewodowy chip cechuje si\u0119 niskim zu\u017cyciem energii \u2013 bateria CR1632 dzia\u0142a ponad 1,5 roku. System jest w pe\u0142ni konfigurowalny w aplikacji Shimano E-Tube, pozwalaj\u0105cej na dopasowanie logiki zmiany bieg\u00f3w do preferencji rowerzysty, w tym pr\u0119dko\u015bci zmiany, trybu pe\u0142nej lub p\u00f3\u0142-synchronicznej zmiany bieg\u00f3w oraz przypisania funkcji przyciskom manetki.<br data-start=\"1550\" data-end=\"1553\" \/>Podczas hamowania, technologia SERVO WAVE zapewnia optymaln\u0105 kontrol\u0119 roweru w ka\u017cdej sytuacji, oferuj\u0105c doskona\u0142\u0105 modulacj\u0119 i moc hamowania. Ergonomia r\u00f3wnie\u017c uleg\u0142a znacznemu poprawieniu \u2013 wg\u0142\u0119bienia pod palce s\u0105 lepiej wyprofilowane, a zaokr\u0105glone klamki pewnie le\u017c\u0105 w d\u0142oni nawet na d\u0142ugich zjazdach. Szeroko\u015b\u0107 chwytu mo\u017cna indywidualnie dopasowa\u0107. L\u017cejszy zacisk BR-R9270 oferuje wi\u0119kszy rozstaw klock\u00f3w, redukuje ha\u0142as, a nowy monoblokowy design osi\u0105ga szczyt wydajno\u015bci hamowania. Nowa technologia odpowietrzania u\u0142atwia serwisowanie.<\/p>\n<p data-start=\"2098\" data-end=\"2550\"><strong data-start=\"2098\" data-end=\"2122\">FC-R9200 2x Crankset<\/strong><br data-start=\"2122\" data-end=\"2125\" \/>Korba Dura-Ace FC-R9200 nie tylko przenosi si\u0142\u0119 peda\u0142owania na nap\u0119d, ale dzi\u0119ki wysokiej sztywno\u015bci zapewnia niezwykle szybk\u0105 i precyzyjn\u0105 zmian\u0119 bieg\u00f3w. Optymalizacja tarcz poprawia dok\u0142adno\u015b\u0107 zmiany prze\u0142o\u017ce\u0144. Aby zachowa\u0107 nisk\u0105 wag\u0119, Shimano stosuje sprawdzon\u0105 konstrukcj\u0119 Hollowtech II ramion korby. Du\u017cy wyb\u00f3r d\u0142ugo\u015bci ramion oraz wariant\u00f3w tarcz zapewnia idealn\u0105 konfiguracj\u0119 dla ka\u017cdego rowerzysty i ka\u017cdego terenu.<\/p>\n<p data-start=\"2552\" data-end=\"3085\"><strong data-start=\"2552\" data-end=\"2592\">RD-R9250 Di2 Shadow+ Rear Derailleur<\/strong><br data-start=\"2592\" data-end=\"2595\" \/>Kompaktowa tylna przerzutka Dura-Ace 9250 gwarantuje b\u0142yskawiczn\u0105 i precyzyjn\u0105 zmian\u0119 bieg\u00f3w. Dzi\u0119ki niskiemu profilowi i technologii Shimano Shadow+ prze\u0142o\u017cenia zmieniaj\u0105 si\u0119 szybko, cicho i bez ha\u0142asu nawet przy du\u017cym obci\u0105\u017ceniu. Pomimo smuk\u0142ych wymiar\u00f3w, przerzutka mie\u015bci port \u0142adowania baterii i przycisk trybu bezprzewodowego. Jeden wariant d\u0142ugo\u015bci koszyka obs\u0142uguje kasety od 11-28 do 11-34 z\u0119b\u00f3w, zwi\u0119kszaj\u0105c uniwersalno\u015b\u0107 komponentu. Koszyk z w\u0142\u00f3kna w\u0119glowego minimalizuje wag\u0119.<\/p>\n<p data-start=\"3087\" data-end=\"3292\"><strong data-start=\"3087\" data-end=\"3120\">FD-R9250 Di2 Front Derailleur<\/strong><br data-start=\"3120\" data-end=\"3123\" \/>Przednia przerzutka Dura-Ace 9250 to du\u017cy krok naprz\u00f3d. Wa\u017cy poni\u017cej 100 g, jest kompaktowa, co redukuje op\u00f3r powietrza, a precyzja zmiany bieg\u00f3w zwi\u0119kszy\u0142a si\u0119 o 45%.<\/p>\n<p data-start=\"3294\" data-end=\"3526\"><strong data-start=\"3294\" data-end=\"3323\">BT-DN300 Internal Battery<\/strong><br data-start=\"3323\" data-end=\"3326\" \/>Nowoczesny akumulator wbudowany w sztyc\u0119 lub rur\u0119 sterow\u0105. Wewn\u0119trzne prowadzenie kabli zapewnia schludny wygl\u0105d roweru i minimalizuje op\u00f3r powietrza. Akumulator pozostaje w ramie podczas \u0142adowania.<\/p>\n<p data-start=\"3528\" data-end=\"3895\"><strong data-start=\"3528\" data-end=\"3549\">CS-R9200 Cassette<\/strong><br data-start=\"3549\" data-end=\"3552\" \/>Kasety Shimano Hyperglide+ wprowadzaj\u0105 p\u0142ynn\u0105 zmian\u0119 bieg\u00f3w w ca\u0142ym zakresie prze\u0142o\u017ce\u0144. Dzi\u0119ki d\u0142u\u017cszym z\u0119bom i 12-biegowej konstrukcji, zmiana bieg\u00f3w jest p\u0142ynna nawet przy maksymalnym wysi\u0142ku. Cz\u0119\u015bciowo zastosowanie tytanu w ma\u0142ych z\u0119batkach pozwala zachowa\u0107 nisk\u0105 wag\u0119. Kasety kompatybilne z wcze\u015bniejszymi 11-biegowymi wolnobiegami Road.<\/p>\n<p data-start=\"3897\" data-end=\"4144\"><strong data-start=\"3897\" data-end=\"3939\">Dura Ace | XTR Chain CN-M9100 12-speed<\/strong><br data-start=\"3939\" data-end=\"3942\" \/>\u0141a\u0144cuch CN-M9100 wyr\u00f3\u017cnia si\u0119 wyj\u0105tkowo p\u0142ynn\u0105 prac\u0105 i cichym dzia\u0142aniem (o 4 dB ciszej). Powierzchnia pokryta chromem i warstwa SIL-TEC zapewniaj\u0105 d\u0142ug\u0105 \u017cywotno\u015b\u0107 mimo w\u0119\u017cszej szeroko\u015bci zewn\u0119trznej.<\/p>\n<p data-start=\"4146\" data-end=\"4167\"><strong data-start=\"4146\" data-end=\"4165\">Dane techniczne<\/strong><\/p>\n<ul data-start=\"4168\" data-end=\"4692\">\n<li data-start=\"4168\" data-end=\"4215\">\n<p data-start=\"4170\" data-end=\"4215\">Materia\u0142: aluminium, karbon, tytan, plastik<\/p>\n<\/li>\n<li data-start=\"4216\" data-end=\"4231\">\n<p data-start=\"4218\" data-end=\"4231\">Nap\u0119d: 2&#215;12<\/p>\n<\/li>\n<li data-start=\"4232\" data-end=\"4266\">\n<p data-start=\"4234\" data-end=\"4266\">Hamulec: hydrauliczny tarczowy<\/p>\n<\/li>\n<li data-start=\"4267\" data-end=\"4297\">\n<p data-start=\"4269\" data-end=\"4297\">Monta\u017c hamulca: Flat mount<\/p>\n<\/li>\n<li data-start=\"4298\" data-end=\"4317\">\n<p data-start=\"4300\" data-end=\"4317\">O\u015b korby: 24 mm<\/p>\n<\/li>\n<li data-start=\"4318\" data-end=\"4358\">\n<p data-start=\"4320\" data-end=\"4358\">D\u0142ugo\u015b\u0107 korby: 170, 172,5 lub 175 mm<\/p>\n<\/li>\n<li data-start=\"4359\" data-end=\"4401\">\n<p data-start=\"4361\" data-end=\"4401\">Prze\u0142o\u017cenia tarcz: 50-34, 52-36, 54-40<\/p>\n<\/li>\n<li data-start=\"4402\" data-end=\"4458\">\n<p data-start=\"4404\" data-end=\"4458\">Monta\u017c tarcz: 110 mm 4-ramienny | Shimano asymmetric<\/p>\n<\/li>\n<li data-start=\"4459\" data-end=\"4486\">\n<p data-start=\"4461\" data-end=\"4486\">Kaseta: 11-30 lub 11-34<\/p>\n<\/li>\n<li data-start=\"4487\" data-end=\"4543\">\n<p data-start=\"4489\" data-end=\"4543\">Kompatybilno\u015b\u0107 wolnobiegu: Shimano 11-\/12-speed Road<\/p>\n<\/li>\n<li data-start=\"4544\" data-end=\"4606\">\n<p data-start=\"4546\" data-end=\"4606\">Monta\u017c przedniej przerzutki: braze-on (opcjonalnie obejma)<\/p>\n<\/li>\n<li data-start=\"4607\" data-end=\"4641\">\n<p data-start=\"4609\" data-end=\"4641\">\u017bywotno\u015b\u0107 baterii: ok. 2000 km<\/p>\n<\/li>\n<li data-start=\"4642\" data-end=\"4692\">\n<p data-start=\"4644\" data-end=\"4692\">Masa: ok. 2180 g bez suportu i kabla \u0142adowania<\/p>\n<\/li>\n<\/ul>\n<p data-start=\"4694\" data-end=\"4714\"><strong data-start=\"4694\" data-end=\"4712\">Zakres dostawy<\/strong><\/p>\n<ul data-start=\"4715\" data-end=\"5209\">\n<li data-start=\"4715\" data-end=\"4756\">\n<p data-start=\"4717\" data-end=\"4756\">1x Shimano Dura Ace FC-R9200 2x korba<\/p>\n<\/li>\n<li data-start=\"4757\" data-end=\"4867\">\n<p data-start=\"4759\" data-end=\"4867\">1x Shimano Dura Ace ST-R9270 Di2 manetki + BR-R9270 flat mount hamulce prz\u00f3d\/ty\u0142 z przewodami wype\u0142nionymi<\/p>\n<\/li>\n<li data-start=\"4868\" data-end=\"4929\">\n<p data-start=\"4870\" data-end=\"4929\">1x Shimano Dura Ace RD-R9250 Di2 Shadow+ tylna przerzutka<\/p>\n<\/li>\n<li data-start=\"4930\" data-end=\"4986\">\n<p data-start=\"4932\" data-end=\"4986\">1x Shimano Dura Ace FD-R9250 Di2 przednia przerzutka<\/p>\n<\/li>\n<li data-start=\"4987\" data-end=\"5032\">\n<p data-start=\"4989\" data-end=\"5032\">1x Shimano BT-DN300 akumulator wewn\u0119trzny<\/p>\n<\/li>\n<li data-start=\"5033\" data-end=\"5063\">\n<p data-start=\"5035\" data-end=\"5063\">1x Shimano CS-R9200 kaseta<\/p>\n<\/li>\n<li data-start=\"5064\" data-end=\"5149\">\n<p data-start=\"5066\" data-end=\"5149\">1x Shimano Dura Ace | XTR CN-M9100 \u0142a\u0144cuch 12 bieg\u00f3w | 116 ogniw w tym Quick Link<\/p>\n<\/li>\n<li data-start=\"5150\" data-end=\"5181\">\n<p data-start=\"5152\" data-end=\"5181\">1x EW-EC300 kabel \u0142adowania<\/p>\n<\/li>\n<li data-start=\"5182\" data-end=\"5209\">\n<p data-start=\"5184\" data-end=\"5209\">1x suport (opcjonalnie)<\/p>\n<p><strong data-start=\"5749\" data-end=\"5774\">Skontaktuj si\u0119 z nami<\/strong>, aby dobra\u0107 odpowiednie parametry grupy, takie jak prze\u0142o\u017cenia, d\u0142ugo\u015b\u0107 korby oraz kompatybilno\u015b\u0107 z ram\u0105. Ch\u0119tnie pomo\u017cemy r\u00f3wnie\u017c w konfiguracji oraz budowie kompletnego roweru.<\/p>\n<\/li>\n<\/ul>\n","protected":false},"excerpt":{"rendered":"<h3>Z komponentami serii 9200 Dura Ace, Shimano oferuje to, co aktualnie najlepsze na rynku. W ka\u017cdym detalu wida\u0107 wieloletnie do\u015bwiadczenie japo\u0144skiej firmy \u2013 zar\u00f3wno pod wzgl\u0119dem funkcjonalno\u015bci, trwa\u0142o\u015bci, jak i masy. Dzi\u0119ki temu topowy groupset Shimano wprowadza prawdziw\u0105 rewolucj\u0119 w komponentach Di2. Technologia przewodowa z nowym, wy\u0142\u0105cznie opracowanym protoko\u0142em transmisji zapewnia obecnie najszybsz\u0105 zmian\u0119 bieg\u00f3w w bran\u017cy rowerowej. Aby tylna i przednia przerzutka by\u0142y jak najbardziej kompaktowe i aerodynamiczne, komponenty te pod\u0142\u0105czone s\u0105 do nowego wewn\u0119trznego akumulatora BT-DN300 poprzez kabel E-Tube.<\/h3>\n","protected":false},"featured_media":12324,"comment_status":"open","ping_status":"closed","template":"","meta":{"inline_featured_image":false},"product_cat":[80,94,152],"product_tag":[],"class_list":{"0":"post-12323","1":"product","2":"type-product","3":"status-publish","4":"has-post-thumbnail","6":"product_cat-czesci","7":"product_cat-grupy-napedowe","8":"product_cat-shimano","10":"first","11":"onbackorder","12":"taxable","13":"shipping-taxable","14":"purchasable","15":"product-type-simple"},"_links":{"self":[{"href":"https:\/\/cycling-boutique.com\/index.php?rest_route=\/wp\/v2\/product\/12323","targetHints":{"allow":["GET"]}}],"collection":[{"href":"https:\/\/cycling-boutique.com\/index.php?rest_route=\/wp\/v2\/product"}],"about":[{"href":"https:\/\/cycling-boutique.com\/index.php?rest_route=\/wp\/v2\/types\/product"}],"replies":[{"embeddable":true,"href":"https:\/\/cycling-boutique.com\/index.php?rest_route=%2Fwp%2Fv2%2Fcomments&post=12323"}],"wp:featuredmedia":[{"embeddable":true,"href":"https:\/\/cycling-boutique.com\/index.php?rest_route=\/wp\/v2\/media\/12324"}],"wp:attachment":[{"href":"https:\/\/cycling-boutique.com\/index.php?rest_route=%2Fwp%2Fv2%2Fmedia&parent=12323"}],"wp:term":[{"taxonomy":"product_cat","embeddable":true,"href":"https:\/\/cycling-boutique.com\/index.php?rest_route=%2Fwp%2Fv2%2Fproduct_cat&post=12323"},{"taxonomy":"product_tag","embeddable":true,"href":"https:\/\/cycling-boutique.com\/index.php?rest_route=%2Fwp%2Fv2%2Fproduct_tag&post=12323"}],"curies":[{"name":"wp","href":"https:\/\/api.w.org\/{rel}","templated":true}]}}