{"id":12325,"date":"2026-01-29T11:44:52","date_gmt":"2026-01-29T11:44:52","guid":{"rendered":"https:\/\/cycling-boutique.com\/?post_type=product&#038;p=12325"},"modified":"2026-01-29T11:47:19","modified_gmt":"2026-01-29T11:47:19","slug":"shimano-ultegra-di2-road-bike-groupset-r8170-2x12","status":"publish","type":"product","link":"https:\/\/cycling-boutique.com\/?product=shimano-ultegra-di2-road-bike-groupset-r8170-2x12","title":{"rendered":"Shimano Ultegra Di2 Road Bike Groupset R8170  2&#215;12"},"content":{"rendered":"<h1 data-start=\"207\" data-end=\"277\">Shimano Ultegra Di2 Road Bike Groupset R8170 | Hydraulic Disc | 2&#215;12<\/h1>\n<p data-start=\"279\" data-end=\"845\">Z komponentami serii <strong data-start=\"300\" data-end=\"316\">8100 Ultegra<\/strong>, Shimano oferuje znakomity stosunek jako\u015bci do ceny. W ka\u017cdym detalu wida\u0107 wieloletnie do\u015bwiadczenie japo\u0144skiej firmy \u2013 zar\u00f3wno pod wzgl\u0119dem funkcjonalno\u015bci, trwa\u0142o\u015bci, jak i wagi. Ten topowy groupset Di2 wprowadza prawdziw\u0105 rewolucj\u0119 \u2013 zmiany bieg\u00f3w odbywaj\u0105 si\u0119 teraz bezprzewodowo, dzi\u0119ki technologii z w\u0142asnym, dedykowanym protoko\u0142em transmisji.<br data-start=\"666\" data-end=\"669\" \/>Aby tylna i przednia przerzutka by\u0142y maksymalnie kompaktowe i aerodynamiczne, komponenty te pod\u0142\u0105czone s\u0105 do wewn\u0119trznego akumulatora <strong data-start=\"803\" data-end=\"815\">BT-DN300<\/strong> za pomoc\u0105 kabla <strong data-start=\"832\" data-end=\"842\">E-Tube<\/strong>.<\/p>\n<h2 data-start=\"852\" data-end=\"921\">Ultegra Di2 Shift Lever ST-R8170 i BR-R8170 Flat Mount Brake Set<\/h2>\n<p data-start=\"923\" data-end=\"1405\">Jedno naci\u015bni\u0119cie przycisku \u2013 i biegi zmieniaj\u0105 si\u0119 szybko i precyzyjnie. Dok\u0142adny punkt nacisku klamek gwarantuje, \u017ce zmiana bieg\u00f3w nast\u0119puje wy\u0142\u0105cznie \u015bwiadomie. Bezprzewodowy chip cechuje si\u0119 niskim zu\u017cyciem energii \u2013 bateria <strong data-start=\"1152\" data-end=\"1162\">CR1632<\/strong> dzia\u0142a ponad 1,5 roku. System jest w pe\u0142ni konfigurowalny w aplikacji <strong data-start=\"1233\" data-end=\"1251\">Shimano E-Tube<\/strong>, co pozwala m.in. ustawi\u0107 pr\u0119dko\u015b\u0107 zmiany bieg\u00f3w, wybra\u0107 tryb pe\u0142nej lub p\u00f3\u0142-synchronicznej zmiany prze\u0142o\u017ce\u0144 oraz przypisa\u0107 funkcje przyciskom manetek.<\/p>\n<p data-start=\"1407\" data-end=\"1849\">Technologia <strong data-start=\"1419\" data-end=\"1433\">SERVO WAVE<\/strong> zapewnia optymaln\u0105 modulacj\u0119 i moc hamowania w ka\u017cdej sytuacji. Ergonomia zosta\u0142a znacz\u0105co poprawiona \u2013 lepiej wyprofilowane wg\u0142\u0119bienia pod palce i zaokr\u0105glone klamki zapewniaj\u0105 pewny chwyt nawet na d\u0142ugich zjazdach. Szeroko\u015b\u0107 chwytu mo\u017cna indywidualnie regulowa\u0107. Nowy zacisk <strong data-start=\"1711\" data-end=\"1723\">BR-R8170<\/strong> oferuje niezr\u00f3wnan\u0105 kontrol\u0119, zoptymalizowan\u0105 modulacj\u0119 i wyj\u0105tkow\u0105 moc hamowania, przy minimalnym tarciu i cichszej pracy.<\/p>\n<h2 data-start=\"1856\" data-end=\"1881\">FC-R8100 2x Crankset<\/h2>\n<p data-start=\"1883\" data-end=\"2173\">Korba <strong data-start=\"1889\" data-end=\"1909\">Ultegra FC-R8100<\/strong> nie tylko przenosi si\u0142\u0119 peda\u0142owania na nap\u0119d, ale dzi\u0119ki wysokiej sztywno\u015bci zapewnia szybkie i precyzyjne zmiany bieg\u00f3w. Optymalizacja tarcz wspiera dok\u0142adno\u015b\u0107 zmiany prze\u0142o\u017ce\u0144. Shimano stosuje sprawdzon\u0105 konstrukcj\u0119 <strong data-start=\"2128\" data-end=\"2145\">Hollowtech II<\/strong>, aby utrzyma\u0107 nisk\u0105 wag\u0119.<\/p>\n<ul data-start=\"2174\" data-end=\"2272\">\n<li data-start=\"2174\" data-end=\"2230\">\n<p data-start=\"2176\" data-end=\"2230\">Dost\u0119pne warianty prze\u0142o\u017ce\u0144: <strong data-start=\"2205\" data-end=\"2214\">50-34<\/strong> lub <strong data-start=\"2219\" data-end=\"2228\">52-36<\/strong><\/p>\n<\/li>\n<li data-start=\"2231\" data-end=\"2272\">\n<p data-start=\"2233\" data-end=\"2272\">D\u0142ugo\u015bci ramion korby: <strong data-start=\"2256\" data-end=\"2270\">160\u2013175 mm<\/strong><\/p>\n<\/li>\n<\/ul>\n<hr data-start=\"2274\" data-end=\"2277\" \/>\n<h2 data-start=\"2279\" data-end=\"2320\">RD-R8150 Di2 Shadow+ Rear Derailleur<\/h2>\n<p data-start=\"2322\" data-end=\"2760\">Kompaktowa tylna przerzutka <strong data-start=\"2350\" data-end=\"2366\">Ultegra 8150<\/strong> oferuje szybkie i precyzyjne zmiany bieg\u00f3w nawet przy \u015brednim i du\u017cym obci\u0105\u017ceniu. Dzi\u0119ki niskiemu profilowi i technologii <strong data-start=\"2489\" data-end=\"2508\">Shimano Shadow+<\/strong>, zmiany bieg\u00f3w s\u0105 ciche i szybkie. Pomimo smuk\u0142ych wymiar\u00f3w, przerzutka mie\u015bci port \u0142adowania baterii i przycisk trybu bezprzewodowego. Jeden wariant d\u0142ugo\u015bci koszyka obs\u0142uguje kasety od <strong data-start=\"2696\" data-end=\"2705\">11-30<\/strong> do <strong data-start=\"2709\" data-end=\"2724\">11-34 z\u0119b\u00f3w<\/strong>, zwi\u0119kszaj\u0105c uniwersalno\u015b\u0107 grupy.<\/p>\n<h2 data-start=\"2767\" data-end=\"2801\">FD-R8150 Di2 Front Derailleur<\/h2>\n<p data-start=\"2803\" data-end=\"3071\">Przednia przerzutka <strong data-start=\"2823\" data-end=\"2840\">Ultegra R8150<\/strong> jest bardziej kompaktowa ni\u017c kiedykolwiek, a jednocze\u015bnie niezwykle wydajna. Zmiany prze\u0142o\u017ce\u0144 mi\u0119dzy tarczami odbywaj\u0105 si\u0119 p\u0142ynnie i z cyfrow\u0105 precyzj\u0105 w ka\u017cdych warunkach. Mniejsza powierzchnia czo\u0142owa zmniejsza op\u00f3r powietrza.<\/p>\n<hr data-start=\"3073\" data-end=\"3076\" \/>\n<h2 data-start=\"3078\" data-end=\"3108\">BT-DN300 Internal Battery<\/h2>\n<p data-start=\"3110\" data-end=\"3314\">Nowoczesny akumulator wbudowany w sztyc\u0119 lub rur\u0119 sterow\u0105. Wewn\u0119trzne prowadzenie kabli zapewnia schludny wygl\u0105d roweru i minimalizuje op\u00f3r powietrza. Akumulator mo\u017ce pozosta\u0107 w ramie podczas \u0142adowania.<\/p>\n<h2 data-start=\"3321\" data-end=\"3343\">CS-R8101 Cassette<\/h2>\n<p data-start=\"3345\" data-end=\"3685\">Nowa kaseta <strong data-start=\"3357\" data-end=\"3369\">CS-R8101<\/strong> zapewnia szybsz\u0105 i p\u0142ynniejsz\u0105 zmian\u0119 bieg\u00f3w. Mo\u017cna zmienia\u0107 biegi nawet przy maksymalnym wysi\u0142ku. Zoptymalizowany profil z\u0119b\u00f3w oraz technologia <strong data-start=\"3515\" data-end=\"3530\">Hyperglide+<\/strong> zapewniaj\u0105 p\u0142ynn\u0105 prac\u0119 peda\u0142\u00f3w, redukuj\u0105c czas potrzebny na zmian\u0119 prze\u0142o\u017ce\u0144. Kaseta jest kompatybilna z wcze\u015bniejszymi wolnobiegami 11-biegowymi Road.<\/p>\n<h2 data-start=\"3692\" data-end=\"3733\">Ultegra | XT Chain CN-M8100 12-speed<\/h2>\n<p data-start=\"3735\" data-end=\"3946\">\u0141a\u0144cuch <strong data-start=\"3743\" data-end=\"3755\">CN-M8100<\/strong> wyr\u00f3\u017cnia si\u0119 wyj\u0105tkowo p\u0142ynn\u0105 prac\u0105 i cichym dzia\u0142aniem (o 4 dB ciszej). Powierzchnia chromowana i pow\u0142oka <strong data-start=\"3863\" data-end=\"3874\">SIL-TEC<\/strong> zapewniaj\u0105 d\u0142ug\u0105 \u017cywotno\u015b\u0107 nawet przy w\u0119\u017cszej szeroko\u015bci zewn\u0119trznej.<\/p>\n<h2 data-start=\"3953\" data-end=\"3973\">Dane techniczne<\/h2>\n<ul data-start=\"3975\" data-end=\"4500\">\n<li data-start=\"3975\" data-end=\"4007\">\n<p data-start=\"3977\" data-end=\"4007\">Materia\u0142: aluminium, plastik<\/p>\n<\/li>\n<li data-start=\"4008\" data-end=\"4023\">\n<p data-start=\"4010\" data-end=\"4023\">Nap\u0119d: 2&#215;12<\/p>\n<\/li>\n<li data-start=\"4024\" data-end=\"4058\">\n<p data-start=\"4026\" data-end=\"4058\">Hamulec: hydrauliczny tarczowy<\/p>\n<\/li>\n<li data-start=\"4059\" data-end=\"4089\">\n<p data-start=\"4061\" data-end=\"4089\">Monta\u017c hamulca: Flat mount<\/p>\n<\/li>\n<li data-start=\"4090\" data-end=\"4109\">\n<p data-start=\"4092\" data-end=\"4109\">O\u015b korby: 24 mm<\/p>\n<\/li>\n<li data-start=\"4110\" data-end=\"4150\">\n<p data-start=\"4112\" data-end=\"4150\">D\u0142ugo\u015b\u0107 korby: 170, 172,5 lub 175 mm<\/p>\n<\/li>\n<li data-start=\"4151\" data-end=\"4189\">\n<p data-start=\"4153\" data-end=\"4189\">Prze\u0142o\u017cenia tarcz: 50-34 lub 52-36<\/p>\n<\/li>\n<li data-start=\"4190\" data-end=\"4248\">\n<p data-start=\"4192\" data-end=\"4248\">Monta\u017c tarcz: 110 mm 4-ramienny | Shimano asymetryczny<\/p>\n<\/li>\n<li data-start=\"4249\" data-end=\"4276\">\n<p data-start=\"4251\" data-end=\"4276\">Kaseta: 11-30 lub 11-34<\/p>\n<\/li>\n<li data-start=\"4277\" data-end=\"4333\">\n<p data-start=\"4279\" data-end=\"4333\">Kompatybilno\u015b\u0107 wolnobiegu: Shimano 11-\/12-speed Road<\/p>\n<\/li>\n<li data-start=\"4334\" data-end=\"4396\">\n<p data-start=\"4336\" data-end=\"4396\">Monta\u017c przedniej przerzutki: braze-on (opcjonalnie obejma)<\/p>\n<\/li>\n<li data-start=\"4397\" data-end=\"4431\">\n<p data-start=\"4399\" data-end=\"4431\">\u017bywotno\u015b\u0107 baterii: ok. 2000 km<\/p>\n<\/li>\n<li data-start=\"4432\" data-end=\"4448\">\n<p data-start=\"4434\" data-end=\"4448\">Kolor: szary<\/p>\n<\/li>\n<li data-start=\"4449\" data-end=\"4500\">\n<p data-start=\"4451\" data-end=\"4500\">Waga: od 2430 g (bez suportu i kabla \u0142adowania)<\/p>\n<\/li>\n<\/ul>\n<h2 data-start=\"4507\" data-end=\"4526\">Zakres dostawy<\/h2>\n<ul data-start=\"4528\" data-end=\"5016\">\n<li data-start=\"4528\" data-end=\"4568\">\n<p data-start=\"4530\" data-end=\"4568\">1x Shimano Ultegra FC-R8100 2x korba<\/p>\n<\/li>\n<li data-start=\"4569\" data-end=\"4678\">\n<p data-start=\"4571\" data-end=\"4678\">1x Shimano Ultegra ST-R8170 Di2 manetki + BR-R8170 flat mount hamulce prz\u00f3d\/ty\u0142 z przewodami wype\u0142nionymi<\/p>\n<\/li>\n<li data-start=\"4679\" data-end=\"4739\">\n<p data-start=\"4681\" data-end=\"4739\">1x Shimano Ultegra RD-R8150 Di2 Shadow+ tylna przerzutka<\/p>\n<\/li>\n<li data-start=\"4740\" data-end=\"4795\">\n<p data-start=\"4742\" data-end=\"4795\">1x Shimano Ultegra FD-R8150 Di2 przednia przerzutka<\/p>\n<\/li>\n<li data-start=\"4796\" data-end=\"4841\">\n<p data-start=\"4798\" data-end=\"4841\">1x Shimano BT-DN300 akumulator wewn\u0119trzny<\/p>\n<\/li>\n<li data-start=\"4842\" data-end=\"4872\">\n<p data-start=\"4844\" data-end=\"4872\">1x Shimano CS-R8101 kaseta<\/p>\n<\/li>\n<li data-start=\"4873\" data-end=\"4956\">\n<p data-start=\"4875\" data-end=\"4956\">1x Shimano Ultegra | XT CN-M8100 \u0142a\u0144cuch 12 bieg\u00f3w | 116 ogniw w tym Quick Link<\/p>\n<\/li>\n<li data-start=\"4957\" data-end=\"4988\">\n<p data-start=\"4959\" data-end=\"4988\">1x EW-EC300 kabel \u0142adowania<\/p>\n<\/li>\n<li data-start=\"4989\" data-end=\"5016\">\n<p data-start=\"4991\" data-end=\"5016\">1x suport (opcjonalnie)<\/p>\n<\/li>\n<\/ul>\n<p><strong data-start=\"5749\" data-end=\"5774\">Skontaktuj si\u0119 z nami<\/strong>, aby dobra\u0107 odpowiednie parametry grupy, takie jak prze\u0142o\u017cenia, d\u0142ugo\u015b\u0107 korby oraz kompatybilno\u015b\u0107 z ram\u0105. Ch\u0119tnie pomo\u017cemy r\u00f3wnie\u017c w konfiguracji oraz budowie kompletnego roweru.<\/p>\n","protected":false},"excerpt":{"rendered":"<h3>Z komponentami serii <strong data-start=\"300\" data-end=\"316\">8100 Ultegra<\/strong>, Shimano oferuje znakomity stosunek jako\u015bci do ceny. W ka\u017cdym detalu wida\u0107 wieloletnie do\u015bwiadczenie japo\u0144skiej firmy \u2013 zar\u00f3wno pod wzgl\u0119dem funkcjonalno\u015bci, trwa\u0142o\u015bci, jak i wagi. Ten topowy groupset Di2 wprowadza prawdziw\u0105 rewolucj\u0119 \u2013 zmiany bieg\u00f3w odbywaj\u0105 si\u0119 teraz bezprzewodowo, dzi\u0119ki technologii z w\u0142asnym, dedykowanym protoko\u0142em transmisji.<br data-start=\"666\" data-end=\"669\" \/>Aby tylna i przednia przerzutka by\u0142y maksymalnie kompaktowe i aerodynamiczne, komponenty te pod\u0142\u0105czone s\u0105 do wewn\u0119trznego akumulatora <strong data-start=\"803\" data-end=\"815\">BT-DN300<\/strong> za pomoc\u0105 kabla <strong data-start=\"832\" data-end=\"842\">E-Tube<\/strong>.<\/h3>\n","protected":false},"featured_media":12326,"comment_status":"open","ping_status":"closed","template":"","meta":{"inline_featured_image":false},"product_cat":[80,94,152],"product_tag":[],"class_list":{"0":"post-12325","1":"product","2":"type-product","3":"status-publish","4":"has-post-thumbnail","6":"product_cat-czesci","7":"product_cat-grupy-napedowe","8":"product_cat-shimano","10":"first","11":"onbackorder","12":"taxable","13":"shipping-taxable","14":"purchasable","15":"product-type-simple"},"_links":{"self":[{"href":"https:\/\/cycling-boutique.com\/index.php?rest_route=\/wp\/v2\/product\/12325","targetHints":{"allow":["GET"]}}],"collection":[{"href":"https:\/\/cycling-boutique.com\/index.php?rest_route=\/wp\/v2\/product"}],"about":[{"href":"https:\/\/cycling-boutique.com\/index.php?rest_route=\/wp\/v2\/types\/product"}],"replies":[{"embeddable":true,"href":"https:\/\/cycling-boutique.com\/index.php?rest_route=%2Fwp%2Fv2%2Fcomments&post=12325"}],"wp:featuredmedia":[{"embeddable":true,"href":"https:\/\/cycling-boutique.com\/index.php?rest_route=\/wp\/v2\/media\/12326"}],"wp:attachment":[{"href":"https:\/\/cycling-boutique.com\/index.php?rest_route=%2Fwp%2Fv2%2Fmedia&parent=12325"}],"wp:term":[{"taxonomy":"product_cat","embeddable":true,"href":"https:\/\/cycling-boutique.com\/index.php?rest_route=%2Fwp%2Fv2%2Fproduct_cat&post=12325"},{"taxonomy":"product_tag","embeddable":true,"href":"https:\/\/cycling-boutique.com\/index.php?rest_route=%2Fwp%2Fv2%2Fproduct_tag&post=12325"}],"curies":[{"name":"wp","href":"https:\/\/api.w.org\/{rel}","templated":true}]}}