{"id":12337,"date":"2026-01-29T14:29:14","date_gmt":"2026-01-29T14:29:14","guid":{"rendered":"https:\/\/cycling-boutique.com\/?post_type=product&#038;p=12337"},"modified":"2026-01-29T14:29:14","modified_gmt":"2026-01-29T14:29:14","slug":"koszyk-na-bidon-pinarello-the-wings-carbon","status":"publish","type":"product","link":"https:\/\/cycling-boutique.com\/?product=koszyk-na-bidon-pinarello-the-wings-carbon","title":{"rendered":"Koszyk na Bidon Pinarello THE WINGS CARBON"},"content":{"rendered":"<p><strong data-start=\"82\" data-end=\"133\">Bottlecage THE WINGS CARBON \u2013 Other Accessories<\/strong><br data-start=\"133\" data-end=\"136\" \/>Lekki i wytrzyma\u0142y koszyk na bidon wykonany w ca\u0142o\u015bci z w\u0142\u00f3kna w\u0119glowego. Minimalistyczny design \u0142\u0105czy elegancj\u0119 z maksymaln\u0105 funkcjonalno\u015bci\u0105, pewnie utrzymuj\u0105c bidon nawet podczas dynamicznej jazdy. Doskona\u0142y wyb\u00f3r dla rowerzyst\u00f3w ceni\u0105cych nisk\u0105 wag\u0119 i najwy\u017csz\u0105 jako\u015b\u0107 wykonania.<\/p>\n","protected":false},"excerpt":{"rendered":"<p>Lekki i wytrzyma\u0142y koszyk na bidon wykonany w ca\u0142o\u015bci z w\u0142\u00f3kna w\u0119glowego. Minimalistyczny design \u0142\u0105czy elegancj\u0119 z maksymaln\u0105 funkcjonalno\u015bci\u0105, pewnie utrzymuj\u0105c bidon nawet podczas dynamicznej jazdy. Doskona\u0142y wyb\u00f3r dla rowerzyst\u00f3w ceni\u0105cych nisk\u0105 wag\u0119 i najwy\u017csz\u0105 jako\u015b\u0107 wykonania.<\/p>\n","protected":false},"featured_media":12338,"comment_status":"open","ping_status":"closed","template":"","meta":{"inline_featured_image":false},"product_cat":[174],"product_tag":[],"class_list":{"0":"post-12337","1":"product","2":"type-product","3":"status-publish","4":"has-post-thumbnail","6":"product_cat-akcesoria-pinarello","8":"first","9":"onbackorder","10":"taxable","11":"shipping-taxable","12":"purchasable","13":"product-type-simple"},"_links":{"self":[{"href":"https:\/\/cycling-boutique.com\/index.php?rest_route=\/wp\/v2\/product\/12337","targetHints":{"allow":["GET"]}}],"collection":[{"href":"https:\/\/cycling-boutique.com\/index.php?rest_route=\/wp\/v2\/product"}],"about":[{"href":"https:\/\/cycling-boutique.com\/index.php?rest_route=\/wp\/v2\/types\/product"}],"replies":[{"embeddable":true,"href":"https:\/\/cycling-boutique.com\/index.php?rest_route=%2Fwp%2Fv2%2Fcomments&post=12337"}],"wp:featuredmedia":[{"embeddable":true,"href":"https:\/\/cycling-boutique.com\/index.php?rest_route=\/wp\/v2\/media\/12338"}],"wp:attachment":[{"href":"https:\/\/cycling-boutique.com\/index.php?rest_route=%2Fwp%2Fv2%2Fmedia&parent=12337"}],"wp:term":[{"taxonomy":"product_cat","embeddable":true,"href":"https:\/\/cycling-boutique.com\/index.php?rest_route=%2Fwp%2Fv2%2Fproduct_cat&post=12337"},{"taxonomy":"product_tag","embeddable":true,"href":"https:\/\/cycling-boutique.com\/index.php?rest_route=%2Fwp%2Fv2%2Fproduct_tag&post=12337"}],"curies":[{"name":"wp","href":"https:\/\/api.w.org\/{rel}","templated":true}]}}