{"id":12342,"date":"2026-01-29T14:35:18","date_gmt":"2026-01-29T14:35:18","guid":{"rendered":"https:\/\/cycling-boutique.com\/?post_type=product&#038;p=12342"},"modified":"2026-01-29T14:35:18","modified_gmt":"2026-01-29T14:35:18","slug":"pinarello-mini-pump-oxygen-kompaktowa-pompka-rowerowa","status":"publish","type":"product","link":"https:\/\/cycling-boutique.com\/?product=pinarello-mini-pump-oxygen-kompaktowa-pompka-rowerowa","title":{"rendered":"Pinarello Mini Pump OXYGEN \u2013 kompaktowa pompka rowerowa"},"content":{"rendered":"<p data-start=\"205\" data-end=\"688\"><strong data-start=\"205\" data-end=\"254\">Mini Pump OXYGEN \u2013 kompaktowa pompka rowerowa<\/strong><br data-start=\"254\" data-end=\"257\" \/>Mini Pump OXYGEN to <strong data-start=\"277\" data-end=\"315\">kompaktowa i wydajna r\u0119czna pompka<\/strong> zaprojektowana z my\u015bl\u0105 o rowerzystach, kt\u00f3rzy chc\u0105 zawsze mie\u0107 przy sobie niezawodne narz\u0119dzie do dopompowania opon w trasie. Wykonana z trwa\u0142ego, <strong data-start=\"463\" data-end=\"503\">aluminiowego CNC\u2011obrobionego korpusu<\/strong>, pompka \u0142\u0105czy <strong data-start=\"518\" data-end=\"556\">nisk\u0105 wag\u0119 z wysok\u0105 wytrzyma\u0142o\u015bci\u0105<\/strong>, co sprawia, \u017ce doskonale sprawdzi si\u0119 zar\u00f3wno podczas jazdy szosowej, gravelowej, jak i MTB.<\/p>\n<p data-start=\"690\" data-end=\"924\">Dzi\u0119ki <strong data-start=\"697\" data-end=\"721\">kompaktowym wymiarom<\/strong> niewielk\u0105 pomp\u0119 mo\u017cna \u0142atwo zabra\u0107 w kiesze\u0144 koszulki, sakw\u0119 lub przytwierdzi\u0107 do ramy roweru \u2014 nie zajmuje miejsca, ale jest zawsze pod r\u0119k\u0105, gdy jej potrzebujesz.<\/p>\n<p data-start=\"926\" data-end=\"1313\">Mini Pump OXYGEN jest <strong data-start=\"948\" data-end=\"982\">kompatybilna z zaworami Presta<\/strong>, zapewniaj\u0105c szybkie i bezpieczne pod\u0142\u0105czenie bez konieczno\u015bci stosowania adapter\u00f3w. Stabilne uszczelnienie eliminuje uciekanie powietrza, a konstrukcja o du\u017cej wydajno\u015bci pozwala osi\u0105gn\u0105\u0107 ci\u015bnienie do <strong data-start=\"1185\" data-end=\"1208\">ok. 120 psi (8 bar)<\/strong>, co jest wystarczaj\u0105ce dla opon szosowych, gravelowych i g\u00f3rskich.<\/p>\n<p data-start=\"1315\" data-end=\"1530\">Solidna, minimalistyczna konstrukcja oraz odporno\u015b\u0107 na korozj\u0119 i warunki atmosferyczne sprawiaj\u0105, \u017ce OXYGEN to niezawodny kompan na ka\u017cdy trening, wycieczk\u0119 czy d\u0142u\u017csz\u0105 wypraw\u0119.<\/p>\n","protected":false},"excerpt":{"rendered":"<p><strong data-start=\"205\" data-end=\"254\">Mini Pump OXYGEN \u2013 kompaktowa pompka rowerowa<\/strong><\/p>\n","protected":false},"featured_media":12343,"comment_status":"open","ping_status":"closed","template":"","meta":{"inline_featured_image":false},"product_cat":[174],"product_tag":[],"class_list":{"0":"post-12342","1":"product","2":"type-product","3":"status-publish","4":"has-post-thumbnail","6":"product_cat-akcesoria-pinarello","8":"first","9":"instock","10":"taxable","11":"shipping-taxable","12":"purchasable","13":"product-type-simple"},"_links":{"self":[{"href":"https:\/\/cycling-boutique.com\/index.php?rest_route=\/wp\/v2\/product\/12342","targetHints":{"allow":["GET"]}}],"collection":[{"href":"https:\/\/cycling-boutique.com\/index.php?rest_route=\/wp\/v2\/product"}],"about":[{"href":"https:\/\/cycling-boutique.com\/index.php?rest_route=\/wp\/v2\/types\/product"}],"replies":[{"embeddable":true,"href":"https:\/\/cycling-boutique.com\/index.php?rest_route=%2Fwp%2Fv2%2Fcomments&post=12342"}],"wp:featuredmedia":[{"embeddable":true,"href":"https:\/\/cycling-boutique.com\/index.php?rest_route=\/wp\/v2\/media\/12343"}],"wp:attachment":[{"href":"https:\/\/cycling-boutique.com\/index.php?rest_route=%2Fwp%2Fv2%2Fmedia&parent=12342"}],"wp:term":[{"taxonomy":"product_cat","embeddable":true,"href":"https:\/\/cycling-boutique.com\/index.php?rest_route=%2Fwp%2Fv2%2Fproduct_cat&post=12342"},{"taxonomy":"product_tag","embeddable":true,"href":"https:\/\/cycling-boutique.com\/index.php?rest_route=%2Fwp%2Fv2%2Fproduct_tag&post=12342"}],"curies":[{"name":"wp","href":"https:\/\/api.w.org\/{rel}","templated":true}]}}