{"id":12443,"date":"2026-01-29T17:39:39","date_gmt":"2026-01-29T17:39:39","guid":{"rendered":"https:\/\/cycling-boutique.com\/?post_type=product&#038;p=12443"},"modified":"2026-01-29T17:40:09","modified_gmt":"2026-01-29T17:40:09","slug":"rama-pinarello-dogma-f-luxter-blue","status":"publish","type":"product","link":"https:\/\/cycling-boutique.com\/produkt\/rama-pinarello-dogma-f-luxter-blue\/","title":{"rendered":"Rama Pinarello Dogma F LUXTER BLUE"},"content":{"rendered":"<h2 data-start=\"177\" data-end=\"226\"><strong data-start=\"180\" data-end=\"226\">Pinarello DOGMA F \u2013 Design the Exceptional<\/strong><\/h2>\n<p data-start=\"228\" data-end=\"597\"><strong data-start=\"228\" data-end=\"239\">DOGMA F<\/strong> to esencja filozofii Pinarello: bezkompromisowe osi\u0105gi, zaawansowana aerodynamika i charakterystyczny design, kt\u00f3ry od lat wyr\u00f3\u017cnia rowery tej marki na tle konkurencji. To rama stworzona z my\u015bl\u0105 o najwy\u017cszym poziomie rywalizacji \u2013 sprawdzona w peletonie WorldTour i dopracowana do granic mo\u017cliwo\u015bci przez in\u017cynier\u00f3w oraz zawodnik\u00f3w zespo\u0142u INEOS Grenadiers.<\/p>\n<p data-start=\"599\" data-end=\"831\">DOGMA F nie jest ewolucj\u0105 dla samej zmiany. To precyzyjnie zaprojektowany krok naprz\u00f3d, w kt\u00f3rym <strong data-start=\"696\" data-end=\"742\">forma i funkcja osi\u0105gaj\u0105 idealn\u0105 r\u00f3wnowag\u0119<\/strong>. Ka\u017cda linia, ka\u017cdy przekr\u00f3j i ka\u017cdy detal ma jeden cel: maksymaln\u0105 wydajno\u015b\u0107 na drodze.<\/p>\n<h3 data-start=\"838\" data-end=\"882\"><strong data-start=\"842\" data-end=\"882\">Carbon M40X \u2013 nowy poziom sztywno\u015bci<\/strong><\/h3>\n<p data-start=\"883\" data-end=\"1229\">Rama DOGMA F zosta\u0142a wykonana z nowego w\u0142\u00f3kna w\u0119glowego <strong data-start=\"939\" data-end=\"947\">M40X<\/strong>, testowanego wcze\u015bniej w ultralekkich projektach oraz w wy\u015bcigowych rowerach zespo\u0142u INEOS Grenadiers. Ten materia\u0142 charakteryzuje si\u0119 wyj\u0105tkowo wysokim modu\u0142em rozci\u0105gania, co pozwoli\u0142o osi\u0105gn\u0105\u0107 <strong data-start=\"1144\" data-end=\"1179\">jeszcze wy\u017csz\u0105 sztywno\u015b\u0107 boczn\u0105<\/strong>, bez kompromis\u00f3w w kwestii masy i komfortu jazdy.<\/p>\n<h3 data-start=\"1236\" data-end=\"1284\"><strong data-start=\"1240\" data-end=\"1284\">Aerodynamika dopracowana w ka\u017cdym detalu<\/strong><\/h3>\n<ul data-start=\"1285\" data-end=\"1783\">\n<li data-start=\"1285\" data-end=\"1421\">\n<p data-start=\"1287\" data-end=\"1421\"><strong data-start=\"1287\" data-end=\"1306\">Nowa dolna rura<\/strong> zosta\u0142a ca\u0142kowicie przeprojektowana, aby zmniejszy\u0107 jej grubo\u015b\u0107 i poprawi\u0107 penetracj\u0119 powietrza z przodu roweru.<\/p>\n<\/li>\n<li data-start=\"1422\" data-end=\"1616\">\n<p data-start=\"1424\" data-end=\"1616\"><strong data-start=\"1424\" data-end=\"1440\">Aero-Keel BB<\/strong> to rozwi\u0105zanie zaczerpni\u0119te z projektu roweru do Hour Record. Obr\u00f3t dolnej rury o 3,5\u00b0 tworzy charakterystyczny \u201ekil\u201d, kt\u00f3ry poprawia aerodynamik\u0119 obszaru suportu a\u017c o 1,2%.<\/p>\n<\/li>\n<li data-start=\"1617\" data-end=\"1783\">\n<p data-start=\"1619\" data-end=\"1783\"><strong data-start=\"1619\" data-end=\"1634\">G\u0142\u00f3wka ramy<\/strong> z charakterystycznym \u201enosem\u201d Pinarello zosta\u0142a jeszcze bardziej wysmuklona \u2013 jej szeroko\u015b\u0107 zmniejszono o 8 mm, co znacz\u0105co poprawia op\u0142yw powietrza.<\/p>\n<\/li>\n<\/ul>\n<h3 data-start=\"1790\" data-end=\"1835\"><strong data-start=\"1794\" data-end=\"1835\">Nowy system ster\u00f3w i pe\u0142na integracja<\/strong><\/h3>\n<p data-start=\"1836\" data-end=\"2113\">Aby osi\u0105gn\u0105\u0107 tak w\u0105ski profil g\u0142\u00f3wki ramy, Pinarello zaprojektowa\u0142o <strong data-start=\"1904\" data-end=\"1931\">eliptyczn\u0105 rur\u0119 sterow\u0105<\/strong> oraz zupe\u0142nie nowy system ster\u00f3w z \u0142o\u017cyskami o zr\u00f3\u017cnicowanej \u015brednicy. Szersze u do\u0142u i w\u0119\u017csze u g\u00f3ry, zapewniaj\u0105 idealne po\u0142\u0105czenie aerodynamiki, precyzji prowadzenia i sztywno\u015bci.<\/p>\n<h3 data-start=\"2120\" data-end=\"2159\"><strong data-start=\"2124\" data-end=\"2159\">ONDA Fork \u2013 kontrola i pr\u0119dko\u015b\u0107<\/strong><\/h3>\n<p data-start=\"2160\" data-end=\"2407\">Nowy, smuklejszy widelec <strong data-start=\"2185\" data-end=\"2193\">ONDA<\/strong> z wyprzedzeniem 47 mm poprawia aerodynamik\u0119 i stabilno\u015b\u0107 prowadzenia. Projekt zosta\u0142 dopracowany na podstawie opinii zawodowych kolarzy, aby zapewni\u0107 maksymaln\u0105 pewno\u015b\u0107 jazdy, szczeg\u00f3lnie podczas szybkich zjazd\u00f3w.<\/p>\n<h3 data-start=\"2414\" data-end=\"2455\"><strong data-start=\"2418\" data-end=\"2455\">Czysta forma i dopracowane detale<\/strong><\/h3>\n<ul data-start=\"2456\" data-end=\"2953\">\n<li data-start=\"2456\" data-end=\"2607\">\n<p data-start=\"2458\" data-end=\"2607\"><strong data-start=\"2458\" data-end=\"2488\">Zintegrowany zacisk sztycy<\/strong> ca\u0142kowicie ukryty w rurze podsiod\u0142owej zmniejsza mas\u0119, poprawia estetyk\u0119 i chroni mechanizm przed brudem oraz potem.<\/p>\n<\/li>\n<li data-start=\"2608\" data-end=\"2770\">\n<p data-start=\"2610\" data-end=\"2770\"><strong data-start=\"2610\" data-end=\"2643\">Nowe, kr\u00f3tsze osie przelotowe<\/strong> zosta\u0142y w pe\u0142ni zintegrowane z widelcem i ram\u0105, eliminuj\u0105c zb\u0119dne otwory i poprawiaj\u0105c aerodynamik\u0119 oraz wygl\u0105d konstrukcji.<\/p>\n<\/li>\n<li data-start=\"2771\" data-end=\"2953\">\n<p data-start=\"2773\" data-end=\"2953\"><strong data-start=\"2773\" data-end=\"2787\">Talon Fast<\/strong> \u2013 nowy zintegrowany kokpit Pinarello \u2013 jest l\u017cejszy i bardziej aerodynamiczny, a jego ergonomia pozwala na przyj\u0119cie bardziej agresywnej pozycji bez utraty kontroli.<\/p>\n<\/li>\n<\/ul>\n<h2 data-start=\"2960\" data-end=\"2993\"><strong data-start=\"2963\" data-end=\"2993\">Zawarto\u015b\u0107 zestawu ramowego<\/strong><\/h2>\n<p data-start=\"2994\" data-end=\"3030\">W sk\u0142ad oferowanego zestawu wchodz\u0105:<\/p>\n<ul data-start=\"3031\" data-end=\"3160\">\n<li data-start=\"3031\" data-end=\"3061\">\n<p data-start=\"3033\" data-end=\"3061\">rama <strong data-start=\"3038\" data-end=\"3059\">Pinarello DOGMA F<\/strong><\/p>\n<\/li>\n<li data-start=\"3062\" data-end=\"3082\">\n<p data-start=\"3064\" data-end=\"3082\">widelec <strong data-start=\"3072\" data-end=\"3080\">ONDA<\/strong><\/p>\n<\/li>\n<li data-start=\"3083\" data-end=\"3092\">\n<p data-start=\"3085\" data-end=\"3092\">stery<\/p>\n<\/li>\n<li data-start=\"3093\" data-end=\"3112\">\n<p data-start=\"3095\" data-end=\"3112\">osie przelotowe<\/p>\n<\/li>\n<li data-start=\"3113\" data-end=\"3137\">\n<p data-start=\"3115\" data-end=\"3137\">podk\u0142adki pod mostek<\/p>\n<\/li>\n<li data-start=\"3138\" data-end=\"3160\">\n<p data-start=\"3140\" data-end=\"3160\">sztyca podsiod\u0142owa<\/p>\n<\/li>\n<\/ul>\n<h2 data-start=\"3167\" data-end=\"3193\"><strong data-start=\"3170\" data-end=\"3193\">Zbuduj rower marze\u0144<\/strong><\/h2>\n<p data-start=\"3194\" data-end=\"3489\">DOGMA F to idealna baza do stworzenia <strong data-start=\"3232\" data-end=\"3249\">roweru marze\u0144<\/strong>, w pe\u0142ni dopasowanego do Twojego stylu jazdy i ambicji. Ch\u0119tnie pomo\u017cemy w doborze osprz\u0119tu, k\u00f3\u0142 i kokpitu oraz zbudujemy kompletny rower dok\u0142adnie wed\u0142ug Twoich oczekiwa\u0144 \u2013 od konfiguracji wy\u015bcigowej po bezkompromisow\u0105 maszyn\u0119 treningow\u0105.<\/p>\n<p data-start=\"3491\" data-end=\"3606\"><strong data-start=\"3491\" data-end=\"3516\">Skontaktuj si\u0119 z nami<\/strong>, a wsp\u00f3lnie stworzymy rower, kt\u00f3ry nie tylko spe\u0142ni Twoje oczekiwania, ale je przekroczy.<\/p>\n","protected":false},"excerpt":{"rendered":"<h3 data-start=\"228\" data-end=\"597\"><strong data-start=\"228\" data-end=\"239\">DOGMA F<\/strong> to esencja filozofii Pinarello: bezkompromisowe osi\u0105gi, zaawansowana aerodynamika i charakterystyczny design, kt\u00f3ry od lat wyr\u00f3\u017cnia rowery tej marki na tle konkurencji. To rama stworzona z my\u015bl\u0105 o najwy\u017cszym poziomie rywalizacji \u2013 sprawdzona w peletonie WorldTour i dopracowana do granic mo\u017cliwo\u015bci przez in\u017cynier\u00f3w oraz zawodnik\u00f3w zespo\u0142u INEOS Grenadiers.<\/h3>\n<h3 data-start=\"599\" data-end=\"831\">DOGMA F nie jest ewolucj\u0105 dla samej zmiany. To precyzyjnie zaprojektowany krok naprz\u00f3d, w kt\u00f3rym <strong data-start=\"696\" data-end=\"742\">forma i funkcja osi\u0105gaj\u0105 idealn\u0105 r\u00f3wnowag\u0119<\/strong>. Ka\u017cda linia, ka\u017cdy przekr\u00f3j i ka\u017cdy detal ma jeden cel: maksymaln\u0105 wydajno\u015b\u0107 na drodze.<\/h3>\n","protected":false},"featured_media":12455,"comment_status":"open","ping_status":"closed","template":"","meta":{"inline_featured_image":false},"product_cat":[80,81,86,78],"product_tag":[],"class_list":{"0":"post-12443","1":"product","2":"type-product","3":"status-publish","4":"has-post-thumbnail","6":"product_cat-czesci","7":"product_cat-pinarello","8":"product_cat-ramy","9":"product_cat-rowery","11":"first","12":"instock","13":"taxable","14":"shipping-taxable","15":"purchasable","16":"product-type-variable"},"_links":{"self":[{"href":"https:\/\/cycling-boutique.com\/wp-json\/wp\/v2\/product\/12443","targetHints":{"allow":["GET"]}}],"collection":[{"href":"https:\/\/cycling-boutique.com\/wp-json\/wp\/v2\/product"}],"about":[{"href":"https:\/\/cycling-boutique.com\/wp-json\/wp\/v2\/types\/product"}],"replies":[{"embeddable":true,"href":"https:\/\/cycling-boutique.com\/wp-json\/wp\/v2\/comments?post=12443"}],"wp:featuredmedia":[{"embeddable":true,"href":"https:\/\/cycling-boutique.com\/wp-json\/wp\/v2\/media\/12455"}],"wp:attachment":[{"href":"https:\/\/cycling-boutique.com\/wp-json\/wp\/v2\/media?parent=12443"}],"wp:term":[{"taxonomy":"product_cat","embeddable":true,"href":"https:\/\/cycling-boutique.com\/wp-json\/wp\/v2\/product_cat?post=12443"},{"taxonomy":"product_tag","embeddable":true,"href":"https:\/\/cycling-boutique.com\/wp-json\/wp\/v2\/product_tag?post=12443"}],"curies":[{"name":"wp","href":"https:\/\/api.w.org\/{rel}","templated":true}]}}