{"id":12548,"date":"2026-01-30T12:28:15","date_gmt":"2026-01-30T12:28:15","guid":{"rendered":"https:\/\/cycling-boutique.com\/?post_type=product&#038;p=12548"},"modified":"2026-01-30T12:28:15","modified_gmt":"2026-01-30T12:28:15","slug":"siodlo-selle-italia-novus-boost-evo-3d","status":"publish","type":"product","link":"https:\/\/cycling-boutique.com\/?product=siodlo-selle-italia-novus-boost-evo-3d","title":{"rendered":"Siod\u0142o SELLE ITALIA NOVUS BOOST EVO 3D"},"content":{"rendered":"<p><span class=\"wartosc\">Novus Boost Evo 3D Kit Carbonio Superflow<br \/>\nSiod\u0142o SELLE ITALIA NOVUS BOOST EVO 3D KIT CARBONIO, Superflow L (id match L3), Carbon Rail+10mm<\/p>\n<p>Nowy wymiar komfortu siode\u0142ka. Wykonane w prze\u0142omowej technologii Carbon DLS\u2122, jest to siod\u0142o wybierane przez rowerzyst\u00f3w dbaj\u0105cych o \u015brodowisko i skupiaj\u0105cych si\u0119 na technologii.<\/p>\n<p>Zaawansowana, wydrukowana w 3D wy\u015bci\u00f3\u0142ka Novus Boost Evo 3D jest dostosowana do indywidualnych potrzeb za pomoc\u0105 opatentowanego wzoru i profilu fali skoncentrowanego na wydajno\u015bci, kt\u00f3ry zapewnia zwrotno\u015b\u0107 i wygod\u0119. Dzi\u0119ki zr\u00f3\u017cnicowanym strefom amortyzacji, kt\u00f3re zapewniaj\u0105 progresywn\u0105 amortyzacj\u0119 w ca\u0142ym siodle, uzyskasz idealne wsparcie i wygod\u0119, niezale\u017cnie od tego, dok\u0105d zaprowadzi Ci\u0119 jazda. Nasze wypr\u00f3bowane i przetestowane wyci\u0119cie Superflow, szyny z w\u0142\u00f3kna w\u0119glowego konstrukcja Boost sprawiaj\u0105, \u017ce Novus Boost Evo 3D jest natychmiastowym zwyci\u0119zc\u0105.<\/p>\n<p>Specyfikacja techniczna:<br \/>\nWaga: L3 210 g (\u00b1 8%)<br \/>\nWymiary: L3 145 x 245 mm<br \/>\nSzyny: Carbon +10mm \u00d87&#215;9 mm<br \/>\nPrzeznaczenie u\u017cycia: Szosa<br \/>\nRodzina siode\u0142ek: Novus<\/span><\/p>\n","protected":false},"excerpt":{"rendered":"<h3><span class=\"wartosc\">Nowy wymiar komfortu siode\u0142ka. Wykonane w prze\u0142omowej technologii Carbon DLS\u2122, jest to siod\u0142o wybierane przez rowerzyst\u00f3w dbaj\u0105cych o \u015brodowisko i skupiaj\u0105cych si\u0119 na technologii.<\/span><\/h3>\n","protected":false},"featured_media":12549,"comment_status":"open","ping_status":"closed","template":"","meta":{"inline_featured_image":false},"product_cat":[80,175],"product_tag":[],"class_list":{"0":"post-12548","1":"product","2":"type-product","3":"status-publish","4":"has-post-thumbnail","6":"product_cat-czesci","7":"product_cat-siodelka","9":"first","10":"onbackorder","11":"taxable","12":"shipping-taxable","13":"purchasable","14":"product-type-simple"},"_links":{"self":[{"href":"https:\/\/cycling-boutique.com\/index.php?rest_route=\/wp\/v2\/product\/12548","targetHints":{"allow":["GET"]}}],"collection":[{"href":"https:\/\/cycling-boutique.com\/index.php?rest_route=\/wp\/v2\/product"}],"about":[{"href":"https:\/\/cycling-boutique.com\/index.php?rest_route=\/wp\/v2\/types\/product"}],"replies":[{"embeddable":true,"href":"https:\/\/cycling-boutique.com\/index.php?rest_route=%2Fwp%2Fv2%2Fcomments&post=12548"}],"wp:featuredmedia":[{"embeddable":true,"href":"https:\/\/cycling-boutique.com\/index.php?rest_route=\/wp\/v2\/media\/12549"}],"wp:attachment":[{"href":"https:\/\/cycling-boutique.com\/index.php?rest_route=%2Fwp%2Fv2%2Fmedia&parent=12548"}],"wp:term":[{"taxonomy":"product_cat","embeddable":true,"href":"https:\/\/cycling-boutique.com\/index.php?rest_route=%2Fwp%2Fv2%2Fproduct_cat&post=12548"},{"taxonomy":"product_tag","embeddable":true,"href":"https:\/\/cycling-boutique.com\/index.php?rest_route=%2Fwp%2Fv2%2Fproduct_tag&post=12548"}],"curies":[{"name":"wp","href":"https:\/\/api.w.org\/{rel}","templated":true}]}}