{"id":12554,"date":"2026-01-30T12:37:51","date_gmt":"2026-01-30T12:37:51","guid":{"rendered":"https:\/\/cycling-boutique.com\/?post_type=product&#038;p=12554"},"modified":"2026-01-30T12:39:18","modified_gmt":"2026-01-30T12:39:18","slug":"slr-boost-tekno-superflow-dallara","status":"publish","type":"product","link":"https:\/\/cycling-boutique.com\/?product=slr-boost-tekno-superflow-dallara","title":{"rendered":"SLR BOOST TEKNO SUPERFLOW Dallara"},"content":{"rendered":"<p><span class=\"wartosc\">SLR BOOST TEKNO SUPERFLOW &#8211; SI\u0118GNIJ DO CHWA\u0141Y POPRZEZ TECHNOLOGI\u0118<\/p>\n<p>Selle Italia przedstawia SLR Boost Tekno Superflow, w pe\u0142ni karbonowe siode\u0142ko zaprojektowane przez Dallara i opracowane z Fabianem Cancellar\u0105. Siode\u0142ko, produkt z najwy\u017cszej p\u00f3\u0142ki, jest najpe\u0142niejszym wyrazem koncepcji Made in Italy. SLR Boost Tekno Superflow to technologiczne dzie\u0142o sztuki, ultralekkie, r\u0119cznie wykonane, z pr\u0119tami Hi-Tech Carbon i pokryciem Full Carbon. Wyposa\u017cone w technologi\u0119 Superflow, z du\u017cym \u015brodkowym wyci\u0119ciem, zaprojektowanym w celu zmniejszenia nacisku na obszar miednicy. Wielokrotny zwyci\u0119zca wy\u015bcigu, mistrz Szwajcarii, Fabian Cancellara, jest wybitnym ambasadorem nowego siode\u0142ka SLR Boost Tekno Superflow. Ca\u0142e swoje do\u015bwiadczenie w\u0142o\u017cy\u0142 w rozw\u00f3j siode\u0142ka.<\/p>\n<p>idmatch: S3 lub L3<br \/>\nWaga: 95g<br \/>\nPokrycie: Full Carbon<br \/>\nWymiary: S 130&#215;248 mm<br \/>\nPr\u0119ty siod\u0142a: Carbon + 10mm \u00d87&#215;9<br \/>\nPrzeznaczenie: Szosa<\/p>\n<p>Zastosowane technologie:<\/p>\n<p>FULL CARBON<br \/>\nSkorupa wykonana z kompozytu w\u0119glowego i wysokiej jako\u015bci polimeru nylonowego, gwarantuje ultralekk\u0105 i wysok\u0105 wydajno\u015b\u0107.<\/p>\n<p>HI-TECH CARBON RAIL<br \/>\nWysokomodu\u0142owy splot z w\u0142\u00f3kna w\u0119glowego \u00d87x9mm, d\u0142u\u017cszy o +10mm dla zapewnienia wytrzyma\u0142o\u015bci i szerszego zakresu regulacji siode\u0142ka.<\/p>\n<p>SUPERFLOW<br \/>\nCentralne wyci\u0119cie Superflow pozwala zmniejszy\u0107 nacisk z obszaru centralnego i korzysta\u0107 z wi\u0119kszego komfortu podczas peda\u0142owania.<\/p>\n<p>SUPERFLOW CHANNEL<br \/>\nNowa technologia SuperFlow (specjalnie powi\u0119kszone anatomiczne wyci\u0119cie) umo\u017cliwia ludziom o r\u00f3\u017cnych rozmiarach, aby zawsze znale\u017ali idealn\u0105 i niezwykle wygodn\u0105 pozycj\u0119 do odpoczynku na siodle. Ponadto, nowy Superflow drastycznie redukuje wszystkie fizyczne ograniczenia spowodowane d\u0142ugotrwa\u0142ym naciskiem na miednic\u0119, kt\u00f3re dotyka wielu rowerzyst\u00f3w, zw\u0142aszcza podczas jazdy na d\u0142ugich dystansach.<\/span><\/p>\n","protected":false},"excerpt":{"rendered":"<h3><span class=\"wartosc\">Nowy wymiar komfortu siode\u0142ka.\u00a0<\/span><\/h3>\n","protected":false},"featured_media":12557,"comment_status":"open","ping_status":"closed","template":"","meta":{"inline_featured_image":false},"product_cat":[80,175],"product_tag":[],"class_list":{"0":"post-12554","1":"product","2":"type-product","3":"status-publish","4":"has-post-thumbnail","6":"product_cat-czesci","7":"product_cat-siodelka","9":"first","10":"onbackorder","11":"taxable","12":"shipping-taxable","13":"purchasable","14":"product-type-variable"},"_links":{"self":[{"href":"https:\/\/cycling-boutique.com\/index.php?rest_route=\/wp\/v2\/product\/12554","targetHints":{"allow":["GET"]}}],"collection":[{"href":"https:\/\/cycling-boutique.com\/index.php?rest_route=\/wp\/v2\/product"}],"about":[{"href":"https:\/\/cycling-boutique.com\/index.php?rest_route=\/wp\/v2\/types\/product"}],"replies":[{"embeddable":true,"href":"https:\/\/cycling-boutique.com\/index.php?rest_route=%2Fwp%2Fv2%2Fcomments&post=12554"}],"wp:featuredmedia":[{"embeddable":true,"href":"https:\/\/cycling-boutique.com\/index.php?rest_route=\/wp\/v2\/media\/12557"}],"wp:attachment":[{"href":"https:\/\/cycling-boutique.com\/index.php?rest_route=%2Fwp%2Fv2%2Fmedia&parent=12554"}],"wp:term":[{"taxonomy":"product_cat","embeddable":true,"href":"https:\/\/cycling-boutique.com\/index.php?rest_route=%2Fwp%2Fv2%2Fproduct_cat&post=12554"},{"taxonomy":"product_tag","embeddable":true,"href":"https:\/\/cycling-boutique.com\/index.php?rest_route=%2Fwp%2Fv2%2Fproduct_tag&post=12554"}],"curies":[{"name":"wp","href":"https:\/\/api.w.org\/{rel}","templated":true}]}}