{"id":12704,"date":"2026-02-02T15:15:54","date_gmt":"2026-02-02T15:15:54","guid":{"rendered":"https:\/\/cycling-boutique.com\/?post_type=product&#038;p=12704"},"modified":"2026-02-02T16:23:22","modified_gmt":"2026-02-02T16:23:22","slug":"uzywany-scott-foil-rc-ultimate-roz-l","status":"publish","type":"product","link":"https:\/\/cycling-boutique.com\/?product=uzywany-scott-foil-rc-ultimate-roz-l","title":{"rendered":"U\u017cywany SCOTT FOIL RC Ultimate roz. L"},"content":{"rendered":"<p data-start=\"142\" data-end=\"213\">\ud83d\udeb4\u200d\u2642\ufe0f <strong data-start=\"148\" data-end=\"205\">SCOTT FOIL RC Ultimate\u00a0 \u2013 topowy rower aero z WorldTouru<\/strong> \ud83d\udeb4\u200d\u2642\ufe0f<\/p>\n<p data-start=\"215\" data-end=\"391\">Na sprzeda\u017c <strong data-start=\"227\" data-end=\"259\">u\u017cywany Scott Foil Ultimate roz. L<\/strong> w <strong data-start=\"262\" data-end=\"303\">stanie bardzo dobrym, niemal idealnym<\/strong>.<br data-start=\"304\" data-end=\"307\" \/>Rower zadbany, bezwypadkowy, gotowy do jazdy i \u015bcigania si\u0119 od pierwszego kilometra.<\/p>\n<p data-start=\"393\" data-end=\"426\">\ud83d\udd0d <strong data-start=\"396\" data-end=\"426\">Stan techniczny i wizualny<\/strong><\/p>\n<ul data-start=\"427\" data-end=\"661\">\n<li data-start=\"427\" data-end=\"468\">\n<p data-start=\"429\" data-end=\"468\">Stan: <strong data-start=\"435\" data-end=\"468\">bardzo dobry \/ niemal idealny<\/strong><\/p>\n<\/li>\n<li data-start=\"469\" data-end=\"625\">\n<p data-start=\"471\" data-end=\"625\">Jedyny mankament: <strong data-start=\"489\" data-end=\"540\">delikatne przerysowanie lewej klamki hamulcowej<\/strong>, powsta\u0142e od oparcia roweru o \u015bcian\u0119 (czysto kosmetyczne, bez wp\u0142ywu na u\u017cytkowanie)<\/p>\n<\/li>\n<li data-start=\"626\" data-end=\"661\">\n<p data-start=\"628\" data-end=\"661\">Sprzeda\u017c na <strong data-start=\"640\" data-end=\"661\">faktur\u0119 VAT mar\u017ca<\/strong><\/p>\n<\/li>\n<\/ul>\n<p data-start=\"663\" data-end=\"701\">\u2699\ufe0f <strong data-start=\"666\" data-end=\"701\">Dodatkowe ulepszenia (w cenie!)<\/strong><\/p>\n<ul data-start=\"702\" data-end=\"835\">\n<li data-start=\"702\" data-end=\"778\">\n<p data-start=\"704\" data-end=\"778\">\ud83d\ude80 <strong data-start=\"707\" data-end=\"733\">CeramicSpeed Aero OSPW<\/strong> \u2013 maksymalna wydajno\u015b\u0107 i oszcz\u0119dno\u015b\u0107 wat\u00f3w<\/p>\n<\/li>\n<li data-start=\"779\" data-end=\"835\">\n<p data-start=\"781\" data-end=\"835\">\ud83d\udd25 Zmienione siod\u0142o na <strong data-start=\"804\" data-end=\"815\">Prologo<\/strong> (zamiast seryjnego)<\/p>\n<\/li>\n<\/ul>\n<p data-start=\"837\" data-end=\"848\">\ud83d\udcb0 <strong data-start=\"840\" data-end=\"848\">Cena<\/strong><\/p>\n<ul data-start=\"849\" data-end=\"957\">\n<li data-start=\"849\" data-end=\"881\">\n<p data-start=\"851\" data-end=\"881\">Cena katalogowa: <strong data-start=\"868\" data-end=\"881\">53 800 z\u0142<\/strong><\/p>\n<\/li>\n<li data-start=\"882\" data-end=\"957\">\n<p data-start=\"884\" data-end=\"957\"><strong data-start=\"884\" data-end=\"909\">Nasza cena: 35 000 z\u0142 (faktura VAT mar\u017ca )\u00a0<\/strong><br data-start=\"909\" data-end=\"912\" \/>\u27a1\ufe0f Ogromna oszcz\u0119dno\u015b\u0107 przy rowerze klasy PRO<\/p>\n<\/li>\n<\/ul>\n<h3 data-start=\"964\" data-end=\"984\">\ud83c\udfc6 Specyfikacja:<\/h3>\n<p data-start=\"985\" data-end=\"1500\"><strong data-start=\"985\" data-end=\"994\">Rama:<\/strong> FOIL RC HMX SL Carbon<br data-start=\"1016\" data-end=\"1019\" \/><strong data-start=\"1019\" data-end=\"1031\">Widelec:<\/strong> FOIL RC HMX SL, Flatmount Disc<br data-start=\"1062\" data-end=\"1065\" \/><strong data-start=\"1065\" data-end=\"1075\">Nap\u0119d:<\/strong> SRAM RED AXS \u2013 elektroniczny, 24 biegi<br data-start=\"1114\" data-end=\"1117\" \/><strong data-start=\"1117\" data-end=\"1127\">Korba:<\/strong> SRAM RED z <strong data-start=\"1139\" data-end=\"1156\">pomiarem mocy<\/strong> 48\/35<br data-start=\"1162\" data-end=\"1165\" \/><strong data-start=\"1165\" data-end=\"1176\">Kaseta:<\/strong> SRAM RED XG1290 E1 10\u201333<br data-start=\"1201\" data-end=\"1204\" \/><strong data-start=\"1204\" data-end=\"1216\">Hamulce:<\/strong> SRAM RED AXS HRD<br data-start=\"1233\" data-end=\"1236\" \/><strong data-start=\"1236\" data-end=\"1251\">Kierownica:<\/strong> Syncros Creston iC SL Aero (zintegrowana)<br data-start=\"1293\" data-end=\"1296\" \/><strong data-start=\"1296\" data-end=\"1307\">Sztyca:<\/strong> Syncros Duncan SL Aero CFT<br data-start=\"1334\" data-end=\"1337\" \/><strong data-start=\"1337\" data-end=\"1346\">Ko\u0142a:<\/strong> Syncros Capital SL Aero <strong data-start=\"1371\" data-end=\"1380\">60 mm<\/strong><br data-start=\"1380\" data-end=\"1383\" \/><strong data-start=\"1383\" data-end=\"1393\">Opony:<\/strong> Schwalbe PRO ONE Aero TL 700x28C<br data-start=\"1426\" data-end=\"1429\" \/><strong data-start=\"1429\" data-end=\"1451\">Waga: <\/strong>\u00a0<strong>7.2<\/strong><strong data-start=\"1452\" data-end=\"1462\">\u00a0kg<\/strong><\/p>\n<h3 data-start=\"1507\" data-end=\"1537\">\ud83d\udd25 Dlaczego Scott Foil RC?<\/h3>\n<p data-start=\"1538\" data-end=\"1733\">Aerodynamika, lekko\u015b\u0107 i komfort \u2014 <strong data-start=\"1572\" data-end=\"1593\">wszystko w jednym<\/strong>.<br data-start=\"1594\" data-end=\"1597\" \/>Model zaprojektowany dla sprinter\u00f3w, uciekinier\u00f3w i zawodnik\u00f3w WorldTour.<br data-start=\"1670\" data-end=\"1673\" \/><strong data-start=\"1673\" data-end=\"1733\">Najszybszy rower aero, jaki Scott kiedykolwiek stworzy\u0142.<\/strong><\/p>\n<p data-start=\"1735\" data-end=\"1842\">\u27a1\ufe0f Idealny wyb\u00f3r dla wymagaj\u0105cych kolarzy, kt\u00f3rzy chc\u0105 sprz\u0119tu z najwy\u017cszej p\u00f3\u0142ki w znacznie lepszej cenie.<\/p>\n<p data-start=\"1844\" data-end=\"1935\">\ud83d\udce9 <strong data-start=\"1847\" data-end=\"1873\">Zapraszamy do kontaktu<\/strong> \u2013 ch\u0119tnie odpowiemy na pytania i prze\u015blemy dodatkowe zdj\u0119cia.<\/p>\n","protected":false},"excerpt":{"rendered":"<p>Na sprzeda\u017c <strong data-start=\"227\" data-end=\"259\">u\u017cywany Scott Foil Ultimate roz. L<\/strong> w <strong data-start=\"262\" data-end=\"303\">stanie bardzo dobrym, niemal idealnym<\/strong>.<br data-start=\"304\" data-end=\"307\" \/>Rower zadbany, bezwypadkowy, gotowy do jazdy i \u015bcigania si\u0119 od pierwszego kilometra.<\/p>\n","protected":false},"featured_media":12705,"comment_status":"open","ping_status":"closed","template":"","meta":{"inline_featured_image":false},"product_cat":[78,143],"product_tag":[],"class_list":{"0":"post-12704","1":"product","2":"type-product","3":"status-publish","4":"has-post-thumbnail","6":"product_cat-rowery","7":"product_cat-demo","9":"first","10":"instock","11":"taxable","12":"shipping-taxable","13":"purchasable","14":"product-type-simple"},"_links":{"self":[{"href":"https:\/\/cycling-boutique.com\/index.php?rest_route=\/wp\/v2\/product\/12704","targetHints":{"allow":["GET"]}}],"collection":[{"href":"https:\/\/cycling-boutique.com\/index.php?rest_route=\/wp\/v2\/product"}],"about":[{"href":"https:\/\/cycling-boutique.com\/index.php?rest_route=\/wp\/v2\/types\/product"}],"replies":[{"embeddable":true,"href":"https:\/\/cycling-boutique.com\/index.php?rest_route=%2Fwp%2Fv2%2Fcomments&post=12704"}],"wp:featuredmedia":[{"embeddable":true,"href":"https:\/\/cycling-boutique.com\/index.php?rest_route=\/wp\/v2\/media\/12705"}],"wp:attachment":[{"href":"https:\/\/cycling-boutique.com\/index.php?rest_route=%2Fwp%2Fv2%2Fmedia&parent=12704"}],"wp:term":[{"taxonomy":"product_cat","embeddable":true,"href":"https:\/\/cycling-boutique.com\/index.php?rest_route=%2Fwp%2Fv2%2Fproduct_cat&post=12704"},{"taxonomy":"product_tag","embeddable":true,"href":"https:\/\/cycling-boutique.com\/index.php?rest_route=%2Fwp%2Fv2%2Fproduct_tag&post=12704"}],"curies":[{"name":"wp","href":"https:\/\/api.w.org\/{rel}","templated":true}]}}